{"id":113,"date":"2014-03-03T10:34:01","date_gmt":"2014-03-03T10:34:01","guid":{"rendered":"http:\/\/www.autismomalaga.org\/wordpress\/?page_id=113"},"modified":"2025-03-31T21:29:59","modified_gmt":"2025-03-31T20:29:59","slug":"cuantos-con-pictogramas","status":"publish","type":"page","link":"https:\/\/www.autismomalaga.org\/web\/?page_id=113","title":{"rendered":"Cuentos con pictogramas"},"content":{"rendered":"<ul>\n<li>\n<h3><span style=\"text-decoration: underline;\"><span style=\"color: #00ccff; text-decoration: underline;\"><strong><a style=\"color: #00ccff; text-decoration: underline;\" href=\"http:\/\/www.autismomalaga.org\/web\/wp-content\/uploads\/2025\/03\/3-cerditos.jpg\" target=\"_blank\" rel=\"noopener\">Los 3 cerditos <\/a><\/strong><\/span><\/span><\/h3>\n<\/li>\n<li>\n<h3><a href=\"http:\/\/www.autismomalaga.org\/web\/wp-content\/uploads\/2025\/03\/tablero_de_comunicacion_patito-feo.jpg\" target=\"_blank\" rel=\"noopener\"><span style=\"text-decoration: underline;\"><span style=\"color: #00ccff; text-decoration: underline;\"><strong>El patito feo<\/strong><\/span><\/span><\/a><\/h3>\n<\/li>\n<li>\n<h3><a href=\"http:\/\/www.autismomalaga.org\/web\/wp-content\/uploads\/2025\/03\/ratita.jpg\" target=\"_blank\" rel=\"noopener\"><span style=\"text-decoration: underline;\"><span style=\"color: #00ccff; text-decoration: underline;\"><strong>La ratita presumida<\/strong><\/span><\/span><\/a><\/h3>\n<\/li>\n<li>\n<h3><a href=\"http:\/\/www.autismomalaga.org\/web\/wp-content\/uploads\/2025\/03\/perez.jpg\" target=\"_blank\" rel=\"noopener\"><span style=\"text-decoration: underline;\"><span style=\"color: #00ccff; text-decoration: underline;\"><strong>El ratoncito perez<\/strong><\/span><\/span><\/a><\/h3>\n<\/li>\n<li>\n<h3><a href=\"http:\/\/www.autismomalaga.org\/web\/wp-content\/uploads\/2025\/03\/la-princesa-y-el-guisante.jpg\" target=\"_blank\" rel=\"noopener\"><span style=\"text-decoration: underline;\"><span style=\"color: #00ccff; text-decoration: underline;\"><strong>La princesa y el guisante<\/strong><\/span><\/span><\/a><\/h3>\n<\/li>\n<li>\n<h3><a href=\"http:\/\/www.autismomalaga.org\/web\/wp-content\/uploads\/2025\/03\/hamelim.jpg\" target=\"_blank\" rel=\"noopener\"><span style=\"text-decoration: underline;\"><span style=\"color: #00ccff; text-decoration: underline;\"><strong>El flautista de hamelin<\/strong><\/span><\/span><\/a><\/h3>\n<\/li>\n<li>\n<h3><a href=\"http:\/\/www.autismomalaga.org\/web\/wp-content\/uploads\/2025\/03\/cenicienta.jpg\" target=\"_blank\" rel=\"noopener\"><span style=\"text-decoration: underline;\"><span style=\"color: #00ccff; text-decoration: underline;\"><strong>Cenicienta<\/strong><\/span><\/span><\/a><\/h3>\n<\/li>\n<li>\n<h3><a href=\"http:\/\/www.autismomalaga.org\/web\/wp-content\/uploads\/2025\/03\/casita.jpg\" target=\"_blank\" rel=\"noopener\"><span style=\"text-decoration: underline;\"><span style=\"color: #00ccff; text-decoration: underline;\"><strong>La casita de chocolate<\/strong><\/span><\/span><\/a><\/h3>\n<\/li>\n<li>\n<h3><a href=\"http:\/\/www.autismomalaga.org\/web\/wp-content\/uploads\/2025\/03\/caperucita.jpg\" target=\"_blank\" rel=\"noopener\"><span style=\"text-decoration: underline;\"><span style=\"color: #00ccff; text-decoration: underline;\"><strong>Caperucita roja<\/strong><\/span><\/span><\/a><\/h3>\n<\/li>\n<li>\n<h3><a href=\"http:\/\/www.autismomalaga.org\/web\/wp-content\/uploads\/2025\/03\/bremen.jpg\" target=\"_blank\" rel=\"noopener\"><span style=\"text-decoration: underline;\"><span style=\"color: #00ccff; text-decoration: underline;\"><strong>Los m\u00fasicos de bremen<\/strong><\/span><\/span><\/a><\/h3>\n<\/li>\n<li>\n<h3><a href=\"http:\/\/www.autismomalaga.org\/web\/wp-content\/uploads\/2025\/03\/blancanieves.jpg\" target=\"_blank\" rel=\"noopener\"><span style=\"text-decoration: underline;\"><span style=\"color: #00ccff; text-decoration: underline;\"><strong>Blanca nieves<\/strong><\/span><\/span><\/a><\/h3>\n<\/li>\n<\/ul>\n<p>&nbsp;<\/p>\n<p><img loading=\"lazy\" decoding=\"async\" class=\"\" src=\"http:\/\/www.autismomalaga.org\/web\/wp-content\/uploads\/2016\/04\/logo_web3.jpg\" alt=\"Autismo M\u00e1laga\" width=\"108\" height=\"86\">Mejoramos la calidad de vida de las<br>personas con Trastorno del Espectro del Autismo.<\/p>\n<p><a href=\"http:\/\/www.autismomalaga.org\/web\/wp-content\/uploads\/2025\/03\/Captura-de-pantalla-2025-03-26-191018.png\"><img loading=\"lazy\" decoding=\"async\" class=\"alignnone size-full wp-image-24244\" src=\"http:\/\/www.autismomalaga.org\/web\/wp-content\/uploads\/2025\/03\/Captura-de-pantalla-2025-03-26-191018.png\" alt=\"\" width=\"155\" height=\"59\"><\/a><\/p>\n<p>&nbsp;<\/p>\n<p>Centro Pinares<br>Avda. Hern\u00e1n N\u00fa\u00f1ez de Toledo n\u00b01<br>CP: 29017. M\u00e1laga<br>TIf. 952 296 404<br>direccioncentropinares@gmail.com<br>Centro Quinta Alegre<br>C\/ Juan Franc\u00e9s Bosca n\u00b011<br>CP: 29010, M\u00e1laga<br>TIf. 952 285 954<br>sedesocialautismomalaga@gmail.com<\/p>\n<p>Copyright \u00a9 2024 Autismo M\u00e1laga.<\/p>\n\n\n<p><\/p>\n","protected":false},"excerpt":{"rendered":"<p>Los 3 cerditos El patito feo La ratita presumida El ratoncito perez La princesa y el guisante El flautista de hamelin Cenicienta La casita de chocolate Caperucita roja Los m\u00fasicos [&hellip;]<\/p>\n","protected":false},"author":1,"featured_media":0,"parent":111,"menu_order":0,"comment_status":"open","ping_status":"open","template":"","meta":{"give_campaign_id":0,"ngg_post_thumbnail":0,"_EventAllDay":false,"_EventTimezone":"","_EventStartDate":"","_EventEndDate":"","_EventStartDateUTC":"","_EventEndDateUTC":"","_EventShowMap":false,"_EventShowMapLink":false,"_EventURL":"","_EventCost":"","_EventCostDescription":"","_EventCurrencySymbol":"","_EventCurrencyCode":"","_EventCurrencyPosition":"","_EventDateTimeSeparator":"","_EventTimeRangeSeparator":"","_EventOrganizerID":[],"_EventVenueID":[],"_OrganizerEmail":"","_OrganizerPhone":"","_OrganizerWebsite":"","_VenueAddress":"","_VenueCity":"","_VenueCountry":"","_VenueProvince":"","_VenueState":"","_VenueZip":"","_VenuePhone":"","_VenueURL":"","_VenueStateProvince":"","_VenueLat":"","_VenueLng":"","_VenueShowMap":false,"_VenueShowMapLink":false,"footnotes":""},"class_list":["post-113","page","type-page","status-publish","hentry"],"campaignId":"","jetpack_sharing_enabled":true,"_links":{"self":[{"href":"https:\/\/www.autismomalaga.org\/web\/index.php?rest_route=\/wp\/v2\/pages\/113","targetHints":{"allow":["GET"]}}],"collection":[{"href":"https:\/\/www.autismomalaga.org\/web\/index.php?rest_route=\/wp\/v2\/pages"}],"about":[{"href":"https:\/\/www.autismomalaga.org\/web\/index.php?rest_route=\/wp\/v2\/types\/page"}],"author":[{"embeddable":true,"href":"https:\/\/www.autismomalaga.org\/web\/index.php?rest_route=\/wp\/v2\/users\/1"}],"replies":[{"embeddable":true,"href":"https:\/\/www.autismomalaga.org\/web\/index.php?rest_route=%2Fwp%2Fv2%2Fcomments&post=113"}],"version-history":[{"count":20,"href":"https:\/\/www.autismomalaga.org\/web\/index.php?rest_route=\/wp\/v2\/pages\/113\/revisions"}],"predecessor-version":[{"id":24983,"href":"https:\/\/www.autismomalaga.org\/web\/index.php?rest_route=\/wp\/v2\/pages\/113\/revisions\/24983"}],"up":[{"embeddable":true,"href":"https:\/\/www.autismomalaga.org\/web\/index.php?rest_route=\/wp\/v2\/pages\/111"}],"wp:attachment":[{"href":"https:\/\/www.autismomalaga.org\/web\/index.php?rest_route=%2Fwp%2Fv2%2Fmedia&parent=113"}],"curies":[{"name":"wp","href":"https:\/\/api.w.org\/{rel}","templated":true}]}}