{"id":123,"date":"2014-03-03T10:41:33","date_gmt":"2014-03-03T10:41:33","guid":{"rendered":"http:\/\/www.autismomalaga.org\/wordpress\/?page_id=123"},"modified":"2025-03-28T20:49:15","modified_gmt":"2025-03-28T19:49:15","slug":"enlaces-de-interes","status":"publish","type":"page","link":"https:\/\/www.autismomalaga.org\/web\/?page_id=123","title":{"rendered":"Enlaces de inter\u00e9s"},"content":{"rendered":"<p>&nbsp;<\/p>\n<p><span style=\"font-size: x-large; color: #ffffff;\"><strong>Enlaces de Inter\u00e9s<\/strong><\/span><\/p>\n<p>&nbsp;<\/p>\n<p><a href=\"http:\/\/www.autismomalaga.org\/web\/wp-content\/uploads\/2014\/03\/arrowdercolor.jpg\"><img loading=\"lazy\" decoding=\"async\" class=\"alignnone wp-image-463 size-full\" src=\"http:\/\/www.autismomalaga.org\/web\/wp-content\/uploads\/2014\/03\/arrowdercolor.jpg\" alt=\"arrowdercolor\" width=\"11\" height=\"13\"><\/a><a href=\"http:\/\/www.autismo.org.es\/AE\/default.htm\" target=\"_blank\" rel=\"noopener\">&nbsp;Confederaci\u00f3n Autismo Espa\u00f1a<\/a><\/p>\n<p><a href=\"http:\/\/www.autismomalaga.org\/web\/wp-content\/uploads\/2014\/03\/arrowdercolor.jpg\"><img loading=\"lazy\" decoding=\"async\" class=\"alignnone wp-image-463 size-full\" src=\"http:\/\/www.autismomalaga.org\/web\/wp-content\/uploads\/2014\/03\/arrowdercolor.jpg\" alt=\"arrowdercolor\" width=\"11\" height=\"13\"><\/a><a href=\"http:\/\/www.discapnet.es\/castellano\/Paginas\/default.aspx\" target=\"_blank\" rel=\"noopener\">&nbsp;Federaci\u00f3n Autismo Andaluc\u00eda<\/a><\/p>\n<p><a href=\"http:\/\/www.autismomalaga.org\/web\/wp-content\/uploads\/2014\/03\/arrowdercolor.jpg\"><img loading=\"lazy\" decoding=\"async\" class=\"alignnone wp-image-463 size-full\" src=\"http:\/\/www.autismomalaga.org\/web\/wp-content\/uploads\/2014\/03\/arrowdercolor.jpg\" alt=\"arrowdercolor\" width=\"11\" height=\"13\"><\/a>&nbsp;<a href=\"http:\/\/www.discapnet.es\/castellano\/Paginas\/default.aspx\" target=\"_blank\" rel=\"noopener\">Portal de las personas con discapacidad<\/a><\/p>\n<p><a href=\"http:\/\/www.autismomalaga.org\/web\/wp-content\/uploads\/2014\/03\/arrowdercolor.jpg\"><img loading=\"lazy\" decoding=\"async\" class=\"alignnone wp-image-463 size-full\" src=\"http:\/\/www.autismomalaga.org\/web\/wp-content\/uploads\/2014\/03\/arrowdercolor.jpg\" alt=\"arrowdercolor\" width=\"11\" height=\"13\"><\/a><a href=\"http:\/\/guiadis.discapnet.es\/Pages\/Buscador\/Default.aspx?IDBOTONERA=2\" target=\"_blank\" rel=\"noopener\">&nbsp;Buscador de Recursos, prestaciones y beneficios p\u00fablicos<\/a><\/p>\n<p><span style=\"line-height: 1.5em;\"><a href=\"http:\/\/www.autismomalaga.org\/web\/wp-content\/uploads\/2014\/03\/arrowdercolor.jpg\"><img loading=\"lazy\" decoding=\"async\" class=\"alignnone wp-image-463 size-full\" src=\"http:\/\/www.autismomalaga.org\/web\/wp-content\/uploads\/2014\/03\/arrowdercolor.jpg\" alt=\"arrowdercolor\" width=\"11\" height=\"13\"><\/a>&nbsp;<\/span><a style=\"line-height: 1.5em;\" href=\"http:\/\/autismodiario.org\" target=\"_blank\" rel=\"noopener\">Autismo Diario<\/a><\/p>\n<p><a href=\"http:\/\/www.autismomalaga.org\/web\/wp-content\/uploads\/2014\/03\/arrowdercolor.jpg\"><img loading=\"lazy\" decoding=\"async\" class=\"alignnone wp-image-463 size-full\" src=\"http:\/\/www.autismomalaga.org\/web\/wp-content\/uploads\/2014\/03\/arrowdercolor.jpg\" alt=\"arrowdercolor\" width=\"11\" height=\"13\"><\/a><a style=\"line-height: 1.5em;\" href=\"http:\/\/sid.usal.es\/default.aspx\" target=\"_blank\" rel=\"noopener\">&nbsp;Servicio de Informaci\u00f3n sobre Discapacidad<\/a><\/p>\n<p><a href=\"http:\/\/www.autismomalaga.org\/web\/wp-content\/uploads\/2014\/03\/arrowdercolor.jpg\"><img loading=\"lazy\" decoding=\"async\" class=\"alignnone wp-image-463 size-full\" src=\"http:\/\/www.autismomalaga.org\/web\/wp-content\/uploads\/2014\/03\/arrowdercolor.jpg\" alt=\"arrowdercolor\" width=\"11\" height=\"13\"><\/a>&nbsp;<a href=\"http:\/\/www.cedd.net\/es\/\" target=\"_blank\" rel=\"noopener\">Centro Espa\u00f1ol de Documentaci\u00f3n sobre Discapacidad<\/a><\/p>\n<p><a href=\"http:\/\/www.autismomalaga.org\/web\/wp-content\/uploads\/2014\/03\/arrowdercolor.jpg\"><img loading=\"lazy\" decoding=\"async\" class=\"alignnone wp-image-463 size-full\" src=\"http:\/\/www.autismomalaga.org\/web\/wp-content\/uploads\/2014\/03\/arrowdercolor.jpg\" alt=\"arrowdercolor\" width=\"11\" height=\"13\"><\/a>&nbsp;<a href=\"http:\/\/www.autismoenred.com\/\" target=\"_blank\" rel=\"noopener\">Recursos para Autismo<\/a><\/p>\n<p><a href=\"http:\/\/www.autismomalaga.org\/web\/wp-content\/uploads\/2014\/03\/arrowdercolor.jpg\"><img loading=\"lazy\" decoding=\"async\" class=\"alignnone wp-image-463 size-full\" src=\"http:\/\/www.autismomalaga.org\/web\/wp-content\/uploads\/2014\/03\/arrowdercolor.jpg\" alt=\"arrowdercolor\" width=\"11\" height=\"13\"><\/a>&nbsp;<a href=\"%20http:\/\/catedu.es\/planetaVisual\/contenido\/desarrollo.html\" target=\"_blank\" rel=\"noopener\">Planeta Visual: Gu\u00eda de Recursos<\/a><\/p>\n<p><a href=\"http:\/\/www.autismomalaga.org\/web\/wp-content\/uploads\/2014\/03\/arrowdercolor.jpg\"><img loading=\"lazy\" decoding=\"async\" class=\"alignnone wp-image-463 size-full\" src=\"http:\/\/www.autismomalaga.org\/web\/wp-content\/uploads\/2014\/03\/arrowdercolor.jpg\" alt=\"arrowdercolor\" width=\"11\" height=\"13\"><\/a>&nbsp;<a href=\"http:\/\/www.catedu.es\/arasaac\/\" target=\"_blank\" rel=\"noopener\">Portal Aragon\u00e9s de comunicaci\u00f3n aumentativa y alternativa: Pictogramas<\/a><\/p>\n<p><a href=\"http:\/\/www.autismomalaga.org\/web\/wp-content\/uploads\/2014\/03\/arrowdercolor.jpg\"><img loading=\"lazy\" decoding=\"async\" class=\"alignnone wp-image-463 size-full\" src=\"http:\/\/www.autismomalaga.org\/web\/wp-content\/uploads\/2014\/03\/arrowdercolor.jpg\" alt=\"arrowdercolor\" width=\"11\" height=\"13\"><\/a>&nbsp;&nbsp;<a href=\"%20http:\/\/www.autismconsulting.com\/html\/espanol.html\" target=\"_blank\" rel=\"noopener\">Autismo<\/a><\/p>\n<p><a href=\"http:\/\/www.autismomalaga.org\/web\/wp-content\/uploads\/2014\/03\/arrowdercolor.jpg\"><img loading=\"lazy\" decoding=\"async\" class=\"alignnone wp-image-463 size-full\" src=\"http:\/\/www.autismomalaga.org\/web\/wp-content\/uploads\/2014\/03\/arrowdercolor.jpg\" alt=\"arrowdercolor\" width=\"11\" height=\"13\"><\/a>&nbsp;<a href=\"http:\/\/centros.educacion.navarra.es\/creena\/\" target=\"_blank\" rel=\"noopener\">Centro de Educaci\u00f3n Especial de Navarra<\/a><\/p>\n<p><a href=\"http:\/\/www.autismomalaga.org\/web\/wp-content\/uploads\/2014\/03\/arrowdercolor.jpg\"><img loading=\"lazy\" decoding=\"async\" class=\"alignnone wp-image-463 size-full\" src=\"http:\/\/www.autismomalaga.org\/web\/wp-content\/uploads\/2014\/03\/arrowdercolor.jpg\" alt=\"arrowdercolor\" width=\"11\" height=\"13\"><\/a>&nbsp;<a href=\"http:\/\/www.aumentativa.net\/\" target=\"_blank\" rel=\"noopener\">Comunicaci\u00f3n aumentativa: pictogramas<\/a><\/p>\n<p><a href=\"http:\/\/www.autismomalaga.org\/web\/wp-content\/uploads\/2014\/03\/arrowdercolor.jpg\"><img loading=\"lazy\" decoding=\"async\" class=\"alignnone wp-image-463 size-full\" src=\"http:\/\/www.autismomalaga.org\/web\/wp-content\/uploads\/2014\/03\/arrowdercolor.jpg\" alt=\"arrowdercolor\" width=\"11\" height=\"13\"><\/a>&nbsp;<a href=\"http:\/\/catedu.es\/planetaVisual\/contenido\/desarrollo.html\" target=\"_blank\" rel=\"noopener\">Instituto de Mayores y Servicios Sociales<br \/>\n<strong><br \/>\n<\/strong><\/a><strong><a href=\"http:\/\/www.autismomalaga.org\/web\/wp-content\/uploads\/2014\/03\/arrowdercolor.jpg\"><img loading=\"lazy\" decoding=\"async\" class=\"alignnone wp-image-463 size-full\" src=\"http:\/\/www.autismomalaga.org\/web\/wp-content\/uploads\/2014\/03\/arrowdercolor.jpg\" alt=\"arrowdercolor\" width=\"11\" height=\"13\"><\/a>&nbsp;<\/strong>Planeta Visual: Gu\u00eda de Recursos<\/p>\n<p>&nbsp;<\/p>\n<p><a href=\"http:\/\/www.autismomalaga.org\/web\/wp-content\/uploads\/2014\/03\/arrowdercolor.jpg\"><img loading=\"lazy\" decoding=\"async\" class=\"alignnone wp-image-463 size-full\" src=\"http:\/\/www.autismomalaga.org\/web\/wp-content\/uploads\/2014\/03\/arrowdercolor.jpg\" alt=\"arrowdercolor\" width=\"11\" height=\"13\"><\/a>&nbsp;&nbsp;<a href=\"http:\/\/www.catedu.es\/arasaac\/\" target=\"_blank\" rel=\"noopener\">Portal Aragon\u00e9s de comunicaci\u00f3n aumentativa y alternativa: Pictogramas<\/a><\/p>\n<p><a href=\"http:\/\/www.autismomalaga.org\/web\/wp-content\/uploads\/2014\/03\/arrowdercolor.jpg\"><img loading=\"lazy\" decoding=\"async\" class=\"alignnone wp-image-463 size-full\" src=\"http:\/\/www.autismomalaga.org\/web\/wp-content\/uploads\/2014\/03\/arrowdercolor.jpg\" alt=\"arrowdercolor\" width=\"11\" height=\"13\"><\/a>&nbsp;<a href=\"http:\/\/www.autismconsulting.com\/html\/espanol.html\" target=\"_blank\" rel=\"noopener\">Autismo<\/a><\/p>\n<p><a href=\"http:\/\/www.autismomalaga.org\/web\/wp-content\/uploads\/2014\/03\/arrowdercolor.jpg\"><img loading=\"lazy\" decoding=\"async\" class=\"alignnone wp-image-463 size-full\" src=\"http:\/\/www.autismomalaga.org\/web\/wp-content\/uploads\/2014\/03\/arrowdercolor.jpg\" alt=\"arrowdercolor\" width=\"11\" height=\"13\"><\/a>&nbsp;<a href=\"http:\/\/centros.educacion.navarra.es\/creena\/\" target=\"_blank\" rel=\"noopener\">Centro de Educaci\u00f3n Especial de Navarra<\/a><\/p>\n<p><a href=\"http:\/\/www.autismomalaga.org\/web\/wp-content\/uploads\/2014\/03\/arrowdercolor.jpg\"><img loading=\"lazy\" decoding=\"async\" class=\"alignnone wp-image-463 size-full\" src=\"http:\/\/www.autismomalaga.org\/web\/wp-content\/uploads\/2014\/03\/arrowdercolor.jpg\" alt=\"arrowdercolor\" width=\"11\" height=\"13\"><\/a>&nbsp;<a href=\"http:\/\/www.aumentativa.net\/\" target=\"_blank\" rel=\"noopener\">Comunicaci\u00f3n aumentativa: pictogramas<\/a><\/p>\n<p><a href=\"http:\/\/www.autismomalaga.org\/web\/wp-content\/uploads\/2014\/03\/arrowdercolor.jpg\"><img loading=\"lazy\" decoding=\"async\" class=\"alignnone wp-image-463 size-full\" src=\"http:\/\/www.autismomalaga.org\/web\/wp-content\/uploads\/2014\/03\/arrowdercolor.jpg\" alt=\"arrowdercolor\" width=\"11\" height=\"13\"><\/a><a href=\"http:\/\/www.imserso.es\/imserso_01\/index.htm\" target=\"_blank\" rel=\"noopener\">&nbsp;Instituto de Mayores y Servicios Sociales<\/a><\/p>\n<p><a href=\"http:\/\/www.autismomalaga.org\/web\/wp-content\/uploads\/2014\/03\/arrowdercolor.jpg\"><img loading=\"lazy\" decoding=\"async\" class=\"alignnone wp-image-463 size-full\" src=\"http:\/\/www.autismomalaga.org\/web\/wp-content\/uploads\/2014\/03\/arrowdercolor.jpg\" alt=\"arrowdercolor\" width=\"11\" height=\"13\"><\/a>&nbsp;<a href=\"http:\/\/www.aetapi.org\/bibliosalud.htm\" target=\"_blank\" rel=\"noopener\">Asociaci\u00f3n espa\u00f1ola de profesionales del Autismo: Biblioteca<\/a><\/p>\n<p><a href=\"http:\/\/www.autismomalaga.org\/web\/wp-content\/uploads\/2014\/03\/arrowdercolor.jpg\"><img loading=\"lazy\" decoding=\"async\" class=\"alignnone wp-image-463 size-full\" src=\"http:\/\/www.autismomalaga.org\/web\/wp-content\/uploads\/2014\/03\/arrowdercolor.jpg\" alt=\"arrowdercolor\" width=\"11\" height=\"13\"><\/a><a href=\"http:\/\/www.juntadeandalucia.es\/temas\/familias-igualdad.html\" target=\"_blank\" rel=\"noopener\">&nbsp;Portal Junta de Andaluc\u00eda: familia y atenci\u00f3n a la discapacidad<\/a><\/p>\n<p><a href=\"http:\/\/www.autismomalaga.org\/web\/wp-content\/uploads\/2014\/03\/arrowdercolor.jpg\"><img loading=\"lazy\" decoding=\"async\" class=\"alignnone wp-image-463 size-full\" src=\"http:\/\/www.autismomalaga.org\/web\/wp-content\/uploads\/2014\/03\/arrowdercolor.jpg\" alt=\"arrowdercolor\" width=\"11\" height=\"13\"><\/a>&nbsp;<a href=\"http:\/\/www.ceapat.es\/ceapat_01\/index.htm\" target=\"_blank\" rel=\"noopener\">El Centro de Referencia Estatal de Autonom\u00eda Personal y Ayudas T\u00e9cnicas<\/a><\/p>\n<p><a href=\"http:\/\/www.autismomalaga.org\/web\/wp-content\/uploads\/2014\/03\/arrowdercolor.jpg\"><img loading=\"lazy\" decoding=\"async\" class=\"alignnone wp-image-463 size-full\" src=\"http:\/\/www.autismomalaga.org\/web\/wp-content\/uploads\/2014\/03\/arrowdercolor.jpg\" alt=\"arrowdercolor\" width=\"11\" height=\"13\"><\/a>&nbsp;<a href=\"http:\/\/www.pictogramas.org\" target=\"_blank\" rel=\"noopener\">Aplicaci\u00f3n gratuita de videojuegos para personas con TEA<\/a><\/p>\n<p><a href=\"http:\/\/www.autismomalaga.org\/web\/wp-content\/uploads\/2014\/03\/arrowdercolor.jpg\"><img loading=\"lazy\" decoding=\"async\" class=\"alignnone wp-image-463 size-full\" src=\"http:\/\/www.autismomalaga.org\/web\/wp-content\/uploads\/2014\/03\/arrowdercolor.jpg\" alt=\"arrowdercolor\" width=\"11\" height=\"13\"><\/a>&nbsp;<a href=\"http:\/\/www.elautismotehabla.org\" target=\"_blank\" rel=\"noopener\">El autismo te habla. Se\u00f1ales de alerta<\/a><\/p>\n<p><a href=\"http:\/\/www.autismomalaga.org\/web\/wp-content\/uploads\/2014\/03\/arrowdercolor.jpg\"><img loading=\"lazy\" decoding=\"async\" class=\"alignnone wp-image-463 size-full\" src=\"http:\/\/www.autismomalaga.org\/web\/wp-content\/uploads\/2014\/03\/arrowdercolor.jpg\" alt=\"arrowdercolor\" width=\"11\" height=\"13\"><\/a>&nbsp;<a href=\"%20http:\/\/www.dependencia.imserso.es\/dependencia_01\/index.htm\" target=\"_blank\" rel=\"noopener\">Sistema para la Autonom\u00eda y Atenci\u00f3n a la Dependencia<\/a><\/p>\n<p><a href=\"http:\/\/www.autismomalaga.org\/web\/wp-content\/uploads\/2014\/03\/arrowdercolor.jpg\"><img loading=\"lazy\" decoding=\"async\" class=\"alignnone wp-image-463 size-full\" src=\"http:\/\/www.autismomalaga.org\/web\/wp-content\/uploads\/2014\/03\/arrowdercolor.jpg\" alt=\"arrowdercolor\" width=\"11\" height=\"13\"><\/a>&nbsp;<a href=\"http:\/\/www.rpd.es\/\" target=\"_blank\" rel=\"noopener\">Real Patronato de la discapacidad<\/a><\/p>\n<p><a href=\"http:\/\/www.autismomalaga.org\/web\/wp-content\/uploads\/2014\/03\/arrowdercolor.jpg\"><img loading=\"lazy\" decoding=\"async\" class=\"alignnone wp-image-463 size-full\" src=\"http:\/\/www.autismomalaga.org\/web\/wp-content\/uploads\/2014\/03\/arrowdercolor.jpg\" alt=\"arrowdercolor\" width=\"11\" height=\"13\"><\/a>&nbsp;<a href=\"http:\/\/www.miramosporti.com\/\" target=\"_blank\" rel=\"noopener\">Tienda Miramos por ti (Multisensorial)<\/a><\/p>\n<p><a href=\"http:\/\/www.autismomalaga.org\/web\/wp-content\/uploads\/2014\/03\/arrowdercolor.jpg\"><img loading=\"lazy\" decoding=\"async\" class=\"alignnone wp-image-463 size-full\" src=\"http:\/\/www.autismomalaga.org\/web\/wp-content\/uploads\/2014\/03\/arrowdercolor.jpg\" alt=\"arrowdercolor\" width=\"11\" height=\"13\"><\/a>&nbsp;<a href=\"https:\/\/www.miradasdeapoyo.org\/acierta\/\" target=\"_blank\" rel=\"noopener\">Fundaci\u00f3n Adapta (Miradas de apoyo)<\/a><\/p>\n<p><a href=\"http:\/\/www.autismomalaga.org\/web\/wp-content\/uploads\/2014\/03\/arrowdercolor.jpg\"><img loading=\"lazy\" decoding=\"async\" class=\"alignnone wp-image-463 size-full\" src=\"http:\/\/www.autismomalaga.org\/web\/wp-content\/uploads\/2014\/03\/arrowdercolor.jpg\" alt=\"arrowdercolor\" width=\"11\" height=\"13\"><\/a>&nbsp;Infoderechos Tea de Confederaci\u00f3n (asesoramiento legal)<\/p>\n<p>email:&nbsp;<a href=\"mailto:infoderechos-tea@autismo.org.es\">infoderechos-tea@autismo.org.es<\/a><\/p>\n<p>&nbsp;<\/p>\n<p>&nbsp;<\/p>\n<p><span style=\"text-decoration: underline;\"><a href=\"http:\/\/www.autismomalaga.org\/web\/wp-content\/uploads\/2014\/03\/arrowdercolor.jpg\"><img loading=\"lazy\" decoding=\"async\" class=\"alignnone wp-image-463 size-full\" src=\"http:\/\/www.autismomalaga.org\/web\/wp-content\/uploads\/2014\/03\/arrowdercolor.jpg\" alt=\"arrowdercolor\" width=\"11\" height=\"13\"><\/a>&nbsp;<\/span><span style=\"text-decoration: underline;\"><a href=\"http:\/\/www.seg-social.es\/Internet_1\/Trabajadores\/PrestacionesPension10935\/Prestacionesfamilia10967\/Prestacioneconomica27924\/index.htm?ID=27924\" target=\"_blank\" rel=\"noopener\">PRESTACI\u00d3N POR HIJO A CARGO<\/a><\/span><\/p>\n<p><a href=\"http:\/\/www.autismomalaga.org\/web\/wp-content\/uploads\/2014\/03\/arrowdercolor.jpg\"><img loading=\"lazy\" decoding=\"async\" class=\"alignnone wp-image-463 size-full\" src=\"http:\/\/www.autismomalaga.org\/web\/wp-content\/uploads\/2014\/03\/arrowdercolor.jpg\" alt=\"arrowdercolor\" width=\"11\" height=\"13\"><\/a>&nbsp;PENSI\u00d3N NO CONTRIBUTIVA DE INVALIDEZ. SEGURIDAD SOCIAL<\/p>\n<p><a href=\"http:\/\/www.autismomalaga.org\/web\/wp-content\/uploads\/2014\/03\/arrowdercolor.jpg\"><img loading=\"lazy\" decoding=\"async\" class=\"alignnone wp-image-463 size-full\" src=\"http:\/\/www.autismomalaga.org\/web\/wp-content\/uploads\/2014\/03\/arrowdercolor.jpg\" alt=\"arrowdercolor\" width=\"11\" height=\"13\"><\/a>&nbsp;TARJETA DE APARCAMIENTO. JUNTA DE ANDALUC\u00cdA<\/p>\n<p><a href=\"http:\/\/www.autismomalaga.org\/web\/wp-content\/uploads\/2014\/03\/arrowdercolor.jpg\"><img loading=\"lazy\" decoding=\"async\" class=\"alignnone wp-image-463 size-full\" src=\"http:\/\/www.autismomalaga.org\/web\/wp-content\/uploads\/2014\/03\/arrowdercolor.jpg\" alt=\"arrowdercolor\" width=\"11\" height=\"13\"><\/a>&nbsp;GRADO DE DISCAPACIDAD. JUNTA DE ANDALUC\u00cdA<\/p>\n<p><a href=\"http:\/\/www.autismomalaga.org\/web\/wp-content\/uploads\/2014\/03\/arrowdercolor.jpg\"><img loading=\"lazy\" decoding=\"async\" class=\"alignnone wp-image-463 size-full\" src=\"http:\/\/www.autismomalaga.org\/web\/wp-content\/uploads\/2014\/03\/arrowdercolor.jpg\" alt=\"arrowdercolor\" width=\"11\" height=\"13\"><\/a>&nbsp;FAMILIA NUMEROSA. JUNTA DE ANDALUC\u00cdA<\/p>\n<p><a href=\"http:\/\/www.autismomalaga.org\/web\/wp-content\/uploads\/2014\/03\/arrowdercolor.jpg\"><img loading=\"lazy\" decoding=\"async\" class=\"alignnone wp-image-463 size-full\" src=\"http:\/\/www.autismomalaga.org\/web\/wp-content\/uploads\/2014\/03\/arrowdercolor.jpg\" alt=\"arrowdercolor\" width=\"11\" height=\"13\"><\/a>&nbsp;FAMILIA NUMEROSA, DIRECCI\u00d3N EN M\u00c1LAGA<\/p>\n<p><a href=\"http:\/\/www.autismomalaga.org\/web\/wp-content\/uploads\/2014\/03\/arrowdercolor.jpg\"><img loading=\"lazy\" decoding=\"async\" class=\"alignnone wp-image-463 size-full\" src=\"http:\/\/www.autismomalaga.org\/web\/wp-content\/uploads\/2014\/03\/arrowdercolor.jpg\" alt=\"arrowdercolor\" width=\"11\" height=\"13\"><\/a>&nbsp;GESTRISAN. AYTO M\u00c1LAGA. BENEFICIOS FISCALES. SOLICITUDES<\/p>\n<p><a href=\"http:\/\/www.autismomalaga.org\/web\/wp-content\/uploads\/2014\/03\/arrowdercolor.jpg\"><img loading=\"lazy\" decoding=\"async\" class=\"alignnone wp-image-463 size-full\" src=\"http:\/\/www.autismomalaga.org\/web\/wp-content\/uploads\/2014\/03\/arrowdercolor.jpg\" alt=\"arrowdercolor\" width=\"11\" height=\"13\"><\/a>&nbsp;GESTRISAN. AYTO M\u00c1LAGA. BENEFICIOS FISCALES<\/p>\n<p><a href=\"http:\/\/www.autismomalaga.org\/web\/wp-content\/uploads\/2014\/03\/arrowdercolor.jpg\"><img loading=\"lazy\" decoding=\"async\" class=\"alignnone wp-image-463 size-full\" src=\"http:\/\/www.autismomalaga.org\/web\/wp-content\/uploads\/2014\/03\/arrowdercolor.jpg\" alt=\"arrowdercolor\" width=\"11\" height=\"13\"><\/a>&nbsp;RESERVA DE ESTACIONAMIENTO PARA PERSONAS CON MOVILIDAD REDUCIDA<\/p>\n<p><a href=\"http:\/\/www.autismomalaga.org\/web\/wp-content\/uploads\/2014\/03\/arrowdercolor.jpg\"><img loading=\"lazy\" decoding=\"async\" class=\"alignnone wp-image-463 size-full\" src=\"http:\/\/www.autismomalaga.org\/web\/wp-content\/uploads\/2014\/03\/arrowdercolor.jpg\" alt=\"arrowdercolor\" width=\"11\" height=\"13\"><\/a>&nbsp;JUNTA ANDALUC\u00cdA. \u00c1REA DISCAPACIDAD (NO ACTUALIZADA)<\/p>\n<p>&nbsp;<\/p>\n","protected":false},"excerpt":{"rendered":"<p>&nbsp; Enlaces de Inter\u00e9s &nbsp; &nbsp;Confederaci\u00f3n Autismo Espa\u00f1a &nbsp;Federaci\u00f3n Autismo Andaluc\u00eda &nbsp;Portal de las personas con discapacidad &nbsp;Buscador de Recursos, prestaciones y beneficios p\u00fablicos &nbsp;Autismo Diario &nbsp;Servicio de Informaci\u00f3n sobre [&hellip;]<\/p>\n","protected":false},"author":1,"featured_media":0,"parent":35,"menu_order":0,"comment_status":"open","ping_status":"open","template":"","meta":{"give_campaign_id":0,"ngg_post_thumbnail":0,"_EventAllDay":false,"_EventTimezone":"","_EventStartDate":"","_EventEndDate":"","_EventStartDateUTC":"","_EventEndDateUTC":"","_EventShowMap":false,"_EventShowMapLink":false,"_EventURL":"","_EventCost":"","_EventCostDescription":"","_EventCurrencySymbol":"","_EventCurrencyCode":"","_EventCurrencyPosition":"","_EventDateTimeSeparator":"","_EventTimeRangeSeparator":"","_EventOrganizerID":[],"_EventVenueID":[],"_OrganizerEmail":"","_OrganizerPhone":"","_OrganizerWebsite":"","_VenueAddress":"","_VenueCity":"","_VenueCountry":"","_VenueProvince":"","_VenueState":"","_VenueZip":"","_VenuePhone":"","_VenueURL":"","_VenueStateProvince":"","_VenueLat":"","_VenueLng":"","_VenueShowMap":false,"_VenueShowMapLink":false,"footnotes":""},"class_list":["post-123","page","type-page","status-publish","hentry"],"campaignId":"","jetpack_sharing_enabled":true,"_links":{"self":[{"href":"https:\/\/www.autismomalaga.org\/web\/index.php?rest_route=\/wp\/v2\/pages\/123","targetHints":{"allow":["GET"]}}],"collection":[{"href":"https:\/\/www.autismomalaga.org\/web\/index.php?rest_route=\/wp\/v2\/pages"}],"about":[{"href":"https:\/\/www.autismomalaga.org\/web\/index.php?rest_route=\/wp\/v2\/types\/page"}],"author":[{"embeddable":true,"href":"https:\/\/www.autismomalaga.org\/web\/index.php?rest_route=\/wp\/v2\/users\/1"}],"replies":[{"embeddable":true,"href":"https:\/\/www.autismomalaga.org\/web\/index.php?rest_route=%2Fwp%2Fv2%2Fcomments&post=123"}],"version-history":[{"count":16,"href":"https:\/\/www.autismomalaga.org\/web\/index.php?rest_route=\/wp\/v2\/pages\/123\/revisions"}],"predecessor-version":[{"id":24939,"href":"https:\/\/www.autismomalaga.org\/web\/index.php?rest_route=\/wp\/v2\/pages\/123\/revisions\/24939"}],"up":[{"embeddable":true,"href":"https:\/\/www.autismomalaga.org\/web\/index.php?rest_route=\/wp\/v2\/pages\/35"}],"wp:attachment":[{"href":"https:\/\/www.autismomalaga.org\/web\/index.php?rest_route=%2Fwp%2Fv2%2Fmedia&parent=123"}],"curies":[{"name":"wp","href":"https:\/\/api.w.org\/{rel}","templated":true}]}}