{"id":23,"date":"2014-03-03T09:14:02","date_gmt":"2014-03-03T09:14:02","guid":{"rendered":"http:\/\/www.autismomalaga.org\/wordpress\/?page_id=23"},"modified":"2025-03-27T02:10:53","modified_gmt":"2025-03-27T01:10:53","slug":"inicio","status":"publish","type":"page","link":"https:\/\/www.autismomalaga.org\/web\/","title":{"rendered":"Inicio"},"content":{"rendered":"\n<h1 class=\"wp-block-heading has-text-align-center\"><span style=\"text-decoration: underline;\"><span style=\"color: #33cccc; text-decoration: underline;\">Bienvenidos a Autismo M\u00e1laga<\/span><\/span><\/h1>\n\n\n\n<p class=\"has-text-align-center\">&nbsp;<\/p>\n\n\n\n<p class=\"has-text-align-center\">Mejoramos la calidad de vida de las personas con Trastorno del Espectro del Autismo&nbsp; y sus familias mediante los apoyos necesarios.<\/p>\n\n\n\n<h6 class=\"wp-block-heading\">&nbsp;<\/h6>\n\n\n\n<p><\/p>\n\n\n\n<h3 style=\"text-align: center;\"><strong>Con\u00f3cenos<\/strong><\/h3>\n\n\n\n<h1 style=\"text-align: center;\"><span style=\"color: #33cccc;\">Nuestros centros<\/span><\/h1>\n\n\n<div class=\"wp-block-columns\">\n<div class=\"wp-block-column\" style=\"text-align: center;\">\n<figure class=\"wp-block-image\"><img decoding=\"async\" src=\"https:\/\/www.autismomalaga.org\/web\/wp-content\/uploads\/2025\/03\/CENTROS-PINARES-1.jpg\" alt=\"Centro Pinares\">\n<h3><span style=\"color: #33cccc;\">Centro Pinares<\/span><\/h3>\n<\/figure>\n<\/div>\n<div class=\"wp-block-column\" style=\"text-align: center;\">\n<figure class=\"wp-block-image\"><img decoding=\"async\" src=\"https:\/\/www.autismomalaga.org\/web\/wp-content\/uploads\/2025\/03\/CENTROS-QUINTA-ALEGRE-1.jpg\" alt=\"Centro Quinta Alegre\">\n<h3><span style=\"color: #33cccc;\">Centro Quinta Alegre<\/span><\/h3>\n<\/figure>\n<\/div>\n<\/div>\n\n\n<hr style=\"border: 1px solid #ccc; margin: 20px 0;\">\n\n\n\n<h4 style=\"text-align: center;\">NUESTROS ALIADOS<\/h4>\n\n\n\n<h1 style=\"text-align: center;\"><span style=\"color: #33cccc;\">Colaboradores<\/span><\/h1>\n\n\n\n<div class=\"wp-block-jetpack-slideshow aligncenter\" data-autoplay=\"true\" data-delay=\"3\" data-effect=\"slide\"><div class=\"wp-block-jetpack-slideshow_container swiper-container\"><ul class=\"wp-block-jetpack-slideshow_swiper-wrapper swiper-wrapper\"><li class=\"wp-block-jetpack-slideshow_slide swiper-slide\"><figure><img loading=\"lazy\" decoding=\"async\" width=\"200\" height=\"200\" alt=\"\" class=\"wp-block-jetpack-slideshow_image wp-image-24290\" data-id=\"24290\" src=\"https:\/\/www.autismomalaga.org\/web\/wp-content\/uploads\/2025\/03\/AGUSTIN-CONESA-1.jpg\" srcset=\"https:\/\/www.autismomalaga.org\/web\/wp-content\/uploads\/2025\/03\/AGUSTIN-CONESA-1.jpg 200w, https:\/\/www.autismomalaga.org\/web\/wp-content\/uploads\/2025\/03\/AGUSTIN-CONESA-1-150x150.jpg 150w\" sizes=\"(max-width: 200px) 100vw, 200px\" \/><\/figure><\/li><li class=\"wp-block-jetpack-slideshow_slide swiper-slide\"><figure><img loading=\"lazy\" decoding=\"async\" width=\"1024\" height=\"457\" alt=\"\" class=\"wp-block-jetpack-slideshow_image wp-image-24295\" data-id=\"24295\" src=\"https:\/\/www.autismomalaga.org\/web\/wp-content\/uploads\/2025\/03\/ALCORSO-1-1024x457.png\" srcset=\"https:\/\/www.autismomalaga.org\/web\/wp-content\/uploads\/2025\/03\/ALCORSO-1-1024x457.png 1024w, https:\/\/www.autismomalaga.org\/web\/wp-content\/uploads\/2025\/03\/ALCORSO-1-300x134.png 300w, https:\/\/www.autismomalaga.org\/web\/wp-content\/uploads\/2025\/03\/ALCORSO-1-768x342.png 768w, https:\/\/www.autismomalaga.org\/web\/wp-content\/uploads\/2025\/03\/ALCORSO-1-1536x685.png 1536w, https:\/\/www.autismomalaga.org\/web\/wp-content\/uploads\/2025\/03\/ALCORSO-1-2048x913.png 2048w, https:\/\/www.autismomalaga.org\/web\/wp-content\/uploads\/2025\/03\/ALCORSO-1-1080x482.png 1080w\" sizes=\"(max-width: 1024px) 100vw, 1024px\" \/><\/figure><\/li><li class=\"wp-block-jetpack-slideshow_slide swiper-slide\"><figure><img loading=\"lazy\" decoding=\"async\" width=\"691\" height=\"1024\" alt=\"\" class=\"wp-block-jetpack-slideshow_image wp-image-24294\" data-id=\"24294\" src=\"https:\/\/www.autismomalaga.org\/web\/wp-content\/uploads\/2025\/03\/anagrama-de-la-canasta-691x1024.jpg\" srcset=\"https:\/\/www.autismomalaga.org\/web\/wp-content\/uploads\/2025\/03\/anagrama-de-la-canasta-691x1024.jpg 691w, https:\/\/www.autismomalaga.org\/web\/wp-content\/uploads\/2025\/03\/anagrama-de-la-canasta-202x300.jpg 202w, https:\/\/www.autismomalaga.org\/web\/wp-content\/uploads\/2025\/03\/anagrama-de-la-canasta-768x1139.jpg 768w, https:\/\/www.autismomalaga.org\/web\/wp-content\/uploads\/2025\/03\/anagrama-de-la-canasta-1036x1536.jpg 1036w, https:\/\/www.autismomalaga.org\/web\/wp-content\/uploads\/2025\/03\/anagrama-de-la-canasta.jpg 1079w\" sizes=\"(max-width: 691px) 100vw, 691px\" \/><\/figure><\/li><li class=\"wp-block-jetpack-slideshow_slide swiper-slide\"><figure><img loading=\"lazy\" decoding=\"async\" width=\"1024\" height=\"425\" alt=\"\" class=\"wp-block-jetpack-slideshow_image wp-image-24291\" data-id=\"24291\" src=\"https:\/\/www.autismomalaga.org\/web\/wp-content\/uploads\/2025\/03\/ayto-horizontal-2lineas-positivo-logo-izq-1024x425.png\" srcset=\"https:\/\/www.autismomalaga.org\/web\/wp-content\/uploads\/2025\/03\/ayto-horizontal-2lineas-positivo-logo-izq-1024x425.png 1024w, https:\/\/www.autismomalaga.org\/web\/wp-content\/uploads\/2025\/03\/ayto-horizontal-2lineas-positivo-logo-izq-300x124.png 300w, https:\/\/www.autismomalaga.org\/web\/wp-content\/uploads\/2025\/03\/ayto-horizontal-2lineas-positivo-logo-izq-768x319.png 768w, https:\/\/www.autismomalaga.org\/web\/wp-content\/uploads\/2025\/03\/ayto-horizontal-2lineas-positivo-logo-izq-1536x637.png 1536w, https:\/\/www.autismomalaga.org\/web\/wp-content\/uploads\/2025\/03\/ayto-horizontal-2lineas-positivo-logo-izq-2048x850.png 2048w, https:\/\/www.autismomalaga.org\/web\/wp-content\/uploads\/2025\/03\/ayto-horizontal-2lineas-positivo-logo-izq-1080x448.png 1080w\" sizes=\"(max-width: 1024px) 100vw, 1024px\" \/><\/figure><\/li><li class=\"wp-block-jetpack-slideshow_slide swiper-slide\"><figure><img loading=\"lazy\" decoding=\"async\" width=\"481\" height=\"190\" alt=\"\" class=\"wp-block-jetpack-slideshow_image wp-image-24293\" data-id=\"24293\" src=\"https:\/\/www.autismomalaga.org\/web\/wp-content\/uploads\/2025\/03\/CAIXA.jpg\" srcset=\"https:\/\/www.autismomalaga.org\/web\/wp-content\/uploads\/2025\/03\/CAIXA.jpg 481w, https:\/\/www.autismomalaga.org\/web\/wp-content\/uploads\/2025\/03\/CAIXA-300x119.jpg 300w\" sizes=\"(max-width: 481px) 100vw, 481px\" \/><\/figure><\/li><li class=\"wp-block-jetpack-slideshow_slide swiper-slide\"><figure><img loading=\"lazy\" decoding=\"async\" width=\"1024\" height=\"744\" alt=\"\" class=\"wp-block-jetpack-slideshow_image wp-image-24292\" data-id=\"24292\" src=\"https:\/\/www.autismomalaga.org\/web\/wp-content\/uploads\/2025\/03\/comediantes-malaguenos-1024x744.jpg\" srcset=\"https:\/\/www.autismomalaga.org\/web\/wp-content\/uploads\/2025\/03\/comediantes-malaguenos-1024x744.jpg 1024w, https:\/\/www.autismomalaga.org\/web\/wp-content\/uploads\/2025\/03\/comediantes-malaguenos-300x218.jpg 300w, https:\/\/www.autismomalaga.org\/web\/wp-content\/uploads\/2025\/03\/comediantes-malaguenos-768x558.jpg 768w, https:\/\/www.autismomalaga.org\/web\/wp-content\/uploads\/2025\/03\/comediantes-malaguenos-1536x1115.jpg 1536w, https:\/\/www.autismomalaga.org\/web\/wp-content\/uploads\/2025\/03\/comediantes-malaguenos-1080x784.jpg 1080w, https:\/\/www.autismomalaga.org\/web\/wp-content\/uploads\/2025\/03\/comediantes-malaguenos.jpg 1636w\" sizes=\"(max-width: 1024px) 100vw, 1024px\" \/><\/figure><\/li><li class=\"wp-block-jetpack-slideshow_slide swiper-slide\"><figure><img loading=\"lazy\" decoding=\"async\" width=\"400\" height=\"400\" alt=\"\" class=\"wp-block-jetpack-slideshow_image wp-image-24296\" data-id=\"24296\" src=\"https:\/\/www.autismomalaga.org\/web\/wp-content\/uploads\/2025\/03\/EL-CANTARO-CATERING.jpg\" srcset=\"https:\/\/www.autismomalaga.org\/web\/wp-content\/uploads\/2025\/03\/EL-CANTARO-CATERING.jpg 400w, https:\/\/www.autismomalaga.org\/web\/wp-content\/uploads\/2025\/03\/EL-CANTARO-CATERING-300x300.jpg 300w, https:\/\/www.autismomalaga.org\/web\/wp-content\/uploads\/2025\/03\/EL-CANTARO-CATERING-150x150.jpg 150w\" sizes=\"(max-width: 400px) 100vw, 400px\" \/><\/figure><\/li><li class=\"wp-block-jetpack-slideshow_slide swiper-slide\"><figure><img loading=\"lazy\" decoding=\"async\" width=\"230\" height=\"119\" alt=\"\" class=\"wp-block-jetpack-slideshow_image wp-image-24297\" data-id=\"24297\" src=\"https:\/\/www.autismomalaga.org\/web\/wp-content\/uploads\/2025\/03\/EQUIPO-CONSULTOR.png\"\/><\/figure><\/li><li class=\"wp-block-jetpack-slideshow_slide swiper-slide\"><figure><img loading=\"lazy\" decoding=\"async\" width=\"225\" height=\"225\" alt=\"\" class=\"wp-block-jetpack-slideshow_image wp-image-24298\" data-id=\"24298\" src=\"https:\/\/www.autismomalaga.org\/web\/wp-content\/uploads\/2025\/03\/FAMADESA.jpg\" srcset=\"https:\/\/www.autismomalaga.org\/web\/wp-content\/uploads\/2025\/03\/FAMADESA.jpg 225w, https:\/\/www.autismomalaga.org\/web\/wp-content\/uploads\/2025\/03\/FAMADESA-150x150.jpg 150w\" sizes=\"(max-width: 225px) 100vw, 225px\" \/><\/figure><\/li><li class=\"wp-block-jetpack-slideshow_slide swiper-slide\"><figure><img loading=\"lazy\" decoding=\"async\" width=\"1024\" height=\"792\" alt=\"\" class=\"wp-block-jetpack-slideshow_image wp-image-24299\" data-id=\"24299\" src=\"https:\/\/www.autismomalaga.org\/web\/wp-content\/uploads\/2025\/03\/FUNDACION-MALAGA-CF-1024x792.jpg\" srcset=\"https:\/\/www.autismomalaga.org\/web\/wp-content\/uploads\/2025\/03\/FUNDACION-MALAGA-CF-1024x792.jpg 1024w, https:\/\/www.autismomalaga.org\/web\/wp-content\/uploads\/2025\/03\/FUNDACION-MALAGA-CF-300x232.jpg 300w, https:\/\/www.autismomalaga.org\/web\/wp-content\/uploads\/2025\/03\/FUNDACION-MALAGA-CF-768x594.jpg 768w, https:\/\/www.autismomalaga.org\/web\/wp-content\/uploads\/2025\/03\/FUNDACION-MALAGA-CF-1080x835.jpg 1080w, https:\/\/www.autismomalaga.org\/web\/wp-content\/uploads\/2025\/03\/FUNDACION-MALAGA-CF.jpg 1200w\" sizes=\"(max-width: 1024px) 100vw, 1024px\" \/><\/figure><\/li><li class=\"wp-block-jetpack-slideshow_slide swiper-slide\"><figure><img loading=\"lazy\" decoding=\"async\" width=\"350\" height=\"187\" alt=\"\" class=\"wp-block-jetpack-slideshow_image wp-image-24300\" data-id=\"24300\" src=\"https:\/\/www.autismomalaga.org\/web\/wp-content\/uploads\/2025\/03\/fundacion-solidaridad-carrefour.jpg\" srcset=\"https:\/\/www.autismomalaga.org\/web\/wp-content\/uploads\/2025\/03\/fundacion-solidaridad-carrefour.jpg 350w, https:\/\/www.autismomalaga.org\/web\/wp-content\/uploads\/2025\/03\/fundacion-solidaridad-carrefour-300x160.jpg 300w\" sizes=\"(max-width: 350px) 100vw, 350px\" \/><\/figure><\/li><li class=\"wp-block-jetpack-slideshow_slide swiper-slide\"><figure><img loading=\"lazy\" decoding=\"async\" width=\"512\" height=\"288\" alt=\"\" class=\"wp-block-jetpack-slideshow_image wp-image-24301\" data-id=\"24301\" src=\"https:\/\/www.autismomalaga.org\/web\/wp-content\/uploads\/2025\/03\/GRAVURA-PACO-AGUILAR-1.jpg\" srcset=\"https:\/\/www.autismomalaga.org\/web\/wp-content\/uploads\/2025\/03\/GRAVURA-PACO-AGUILAR-1.jpg 512w, https:\/\/www.autismomalaga.org\/web\/wp-content\/uploads\/2025\/03\/GRAVURA-PACO-AGUILAR-1-300x169.jpg 300w\" sizes=\"(max-width: 512px) 100vw, 512px\" \/><\/figure><\/li><li class=\"wp-block-jetpack-slideshow_slide swiper-slide\"><figure><img loading=\"lazy\" decoding=\"async\" width=\"340\" height=\"156\" alt=\"\" class=\"wp-block-jetpack-slideshow_image wp-image-24302\" data-id=\"24302\" src=\"https:\/\/www.autismomalaga.org\/web\/wp-content\/uploads\/2025\/03\/INCOTEX.png\" srcset=\"https:\/\/www.autismomalaga.org\/web\/wp-content\/uploads\/2025\/03\/INCOTEX.png 340w, https:\/\/www.autismomalaga.org\/web\/wp-content\/uploads\/2025\/03\/INCOTEX-300x138.png 300w\" sizes=\"(max-width: 340px) 100vw, 340px\" \/><\/figure><\/li><li class=\"wp-block-jetpack-slideshow_slide swiper-slide\"><figure><img loading=\"lazy\" decoding=\"async\" width=\"513\" height=\"98\" alt=\"\" class=\"wp-block-jetpack-slideshow_image wp-image-24303\" data-id=\"24303\" src=\"https:\/\/www.autismomalaga.org\/web\/wp-content\/uploads\/2025\/03\/JIMENEZ-Y-ALES.png\" srcset=\"https:\/\/www.autismomalaga.org\/web\/wp-content\/uploads\/2025\/03\/JIMENEZ-Y-ALES.png 513w, https:\/\/www.autismomalaga.org\/web\/wp-content\/uploads\/2025\/03\/JIMENEZ-Y-ALES-300x57.png 300w\" sizes=\"(max-width: 513px) 100vw, 513px\" \/><\/figure><\/li><li class=\"wp-block-jetpack-slideshow_slide swiper-slide\"><figure><img loading=\"lazy\" decoding=\"async\" width=\"1024\" height=\"407\" alt=\"\" class=\"wp-block-jetpack-slideshow_image wp-image-24304\" data-id=\"24304\" src=\"https:\/\/www.autismomalaga.org\/web\/wp-content\/uploads\/2025\/03\/Lacajadegrillos-1024x407.png\" srcset=\"https:\/\/www.autismomalaga.org\/web\/wp-content\/uploads\/2025\/03\/Lacajadegrillos-1024x407.png 1024w, https:\/\/www.autismomalaga.org\/web\/wp-content\/uploads\/2025\/03\/Lacajadegrillos-300x119.png 300w, https:\/\/www.autismomalaga.org\/web\/wp-content\/uploads\/2025\/03\/Lacajadegrillos-768x305.png 768w, https:\/\/www.autismomalaga.org\/web\/wp-content\/uploads\/2025\/03\/Lacajadegrillos-1536x611.png 1536w, https:\/\/www.autismomalaga.org\/web\/wp-content\/uploads\/2025\/03\/Lacajadegrillos-1080x429.png 1080w, https:\/\/www.autismomalaga.org\/web\/wp-content\/uploads\/2025\/03\/Lacajadegrillos.png 1595w\" sizes=\"(max-width: 1024px) 100vw, 1024px\" \/><\/figure><\/li><li class=\"wp-block-jetpack-slideshow_slide swiper-slide\"><figure><img loading=\"lazy\" decoding=\"async\" width=\"1024\" height=\"923\" alt=\"\" class=\"wp-block-jetpack-slideshow_image wp-image-24305\" data-id=\"24305\" src=\"https:\/\/www.autismomalaga.org\/web\/wp-content\/uploads\/2025\/03\/LOGO-AUTISMO-MALAGA-9-1024x923.png\" srcset=\"https:\/\/www.autismomalaga.org\/web\/wp-content\/uploads\/2025\/03\/LOGO-AUTISMO-MALAGA-9-1024x923.png 1024w, https:\/\/www.autismomalaga.org\/web\/wp-content\/uploads\/2025\/03\/LOGO-AUTISMO-MALAGA-9-300x271.png 300w, https:\/\/www.autismomalaga.org\/web\/wp-content\/uploads\/2025\/03\/LOGO-AUTISMO-MALAGA-9-768x692.png 768w, https:\/\/www.autismomalaga.org\/web\/wp-content\/uploads\/2025\/03\/LOGO-AUTISMO-MALAGA-9-1080x974.png 1080w, https:\/\/www.autismomalaga.org\/web\/wp-content\/uploads\/2025\/03\/LOGO-AUTISMO-MALAGA-9.png 1373w\" sizes=\"(max-width: 1024px) 100vw, 1024px\" \/><\/figure><\/li><li class=\"wp-block-jetpack-slideshow_slide swiper-slide\"><figure><img loading=\"lazy\" decoding=\"async\" width=\"568\" height=\"190\" alt=\"\" class=\"wp-block-jetpack-slideshow_image wp-image-24306\" data-id=\"24306\" src=\"https:\/\/www.autismomalaga.org\/web\/wp-content\/uploads\/2025\/03\/LOGO-CONFEDERACION.jpg\" srcset=\"https:\/\/www.autismomalaga.org\/web\/wp-content\/uploads\/2025\/03\/LOGO-CONFEDERACION.jpg 568w, https:\/\/www.autismomalaga.org\/web\/wp-content\/uploads\/2025\/03\/LOGO-CONFEDERACION-300x100.jpg 300w\" sizes=\"(max-width: 568px) 100vw, 568px\" \/><\/figure><\/li><li class=\"wp-block-jetpack-slideshow_slide swiper-slide\"><figure><img loading=\"lazy\" decoding=\"async\" width=\"480\" height=\"160\" alt=\"\" class=\"wp-block-jetpack-slideshow_image wp-image-24307\" data-id=\"24307\" src=\"https:\/\/www.autismomalaga.org\/web\/wp-content\/uploads\/2025\/03\/LOGO-DIPUTACION.jpg\" srcset=\"https:\/\/www.autismomalaga.org\/web\/wp-content\/uploads\/2025\/03\/LOGO-DIPUTACION.jpg 480w, https:\/\/www.autismomalaga.org\/web\/wp-content\/uploads\/2025\/03\/LOGO-DIPUTACION-300x100.jpg 300w\" sizes=\"(max-width: 480px) 100vw, 480px\" \/><\/figure><\/li><li class=\"wp-block-jetpack-slideshow_slide swiper-slide\"><figure><img loading=\"lazy\" decoding=\"async\" width=\"512\" height=\"341\" alt=\"\" class=\"wp-block-jetpack-slideshow_image wp-image-24308\" data-id=\"24308\" src=\"https:\/\/www.autismomalaga.org\/web\/wp-content\/uploads\/2025\/03\/LOGO-FEDERACION-AUTISMO-ANDALUCIA.jpg\" srcset=\"https:\/\/www.autismomalaga.org\/web\/wp-content\/uploads\/2025\/03\/LOGO-FEDERACION-AUTISMO-ANDALUCIA.jpg 512w, https:\/\/www.autismomalaga.org\/web\/wp-content\/uploads\/2025\/03\/LOGO-FEDERACION-AUTISMO-ANDALUCIA-300x200.jpg 300w\" sizes=\"(max-width: 512px) 100vw, 512px\" \/><\/figure><\/li><li class=\"wp-block-jetpack-slideshow_slide swiper-slide\"><figure><img loading=\"lazy\" decoding=\"async\" width=\"930\" height=\"434\" alt=\"\" class=\"wp-block-jetpack-slideshow_image wp-image-24309\" data-id=\"24309\" src=\"https:\/\/www.autismomalaga.org\/web\/wp-content\/uploads\/2025\/03\/LOGO-JA.jpeg\" srcset=\"https:\/\/www.autismomalaga.org\/web\/wp-content\/uploads\/2025\/03\/LOGO-JA.jpeg 930w, https:\/\/www.autismomalaga.org\/web\/wp-content\/uploads\/2025\/03\/LOGO-JA-300x140.jpeg 300w, https:\/\/www.autismomalaga.org\/web\/wp-content\/uploads\/2025\/03\/LOGO-JA-768x358.jpeg 768w\" sizes=\"(max-width: 930px) 100vw, 930px\" \/><\/figure><\/li><li class=\"wp-block-jetpack-slideshow_slide swiper-slide\"><figure><img loading=\"lazy\" decoding=\"async\" width=\"650\" height=\"223\" alt=\"\" class=\"wp-block-jetpack-slideshow_image wp-image-24310\" data-id=\"24310\" src=\"https:\/\/www.autismomalaga.org\/web\/wp-content\/uploads\/2025\/03\/Logotipo-Fundacion-ONCE-.jpg\" srcset=\"https:\/\/www.autismomalaga.org\/web\/wp-content\/uploads\/2025\/03\/Logotipo-Fundacion-ONCE-.jpg 650w, https:\/\/www.autismomalaga.org\/web\/wp-content\/uploads\/2025\/03\/Logotipo-Fundacion-ONCE--300x103.jpg 300w\" sizes=\"(max-width: 650px) 100vw, 650px\" \/><\/figure><\/li><li class=\"wp-block-jetpack-slideshow_slide swiper-slide\"><figure><img loading=\"lazy\" decoding=\"async\" width=\"422\" height=\"422\" alt=\"\" class=\"wp-block-jetpack-slideshow_image wp-image-24311\" data-id=\"24311\" src=\"https:\/\/www.autismomalaga.org\/web\/wp-content\/uploads\/2025\/03\/logo-ubago.jpg\" srcset=\"https:\/\/www.autismomalaga.org\/web\/wp-content\/uploads\/2025\/03\/logo-ubago.jpg 422w, https:\/\/www.autismomalaga.org\/web\/wp-content\/uploads\/2025\/03\/logo-ubago-300x300.jpg 300w, https:\/\/www.autismomalaga.org\/web\/wp-content\/uploads\/2025\/03\/logo-ubago-150x150.jpg 150w\" sizes=\"(max-width: 422px) 100vw, 422px\" \/><\/figure><\/li><li class=\"wp-block-jetpack-slideshow_slide swiper-slide\"><figure><img loading=\"lazy\" decoding=\"async\" width=\"1024\" height=\"328\" alt=\"\" class=\"wp-block-jetpack-slideshow_image wp-image-24313\" data-id=\"24313\" src=\"https:\/\/www.autismomalaga.org\/web\/wp-content\/uploads\/2025\/03\/OBRATEC-1-1024x328.jpg\" srcset=\"https:\/\/www.autismomalaga.org\/web\/wp-content\/uploads\/2025\/03\/OBRATEC-1-1024x328.jpg 1024w, https:\/\/www.autismomalaga.org\/web\/wp-content\/uploads\/2025\/03\/OBRATEC-1-300x96.jpg 300w, https:\/\/www.autismomalaga.org\/web\/wp-content\/uploads\/2025\/03\/OBRATEC-1-768x246.jpg 768w, https:\/\/www.autismomalaga.org\/web\/wp-content\/uploads\/2025\/03\/OBRATEC-1-1080x346.jpg 1080w, https:\/\/www.autismomalaga.org\/web\/wp-content\/uploads\/2025\/03\/OBRATEC-1.jpg 1500w\" sizes=\"(max-width: 1024px) 100vw, 1024px\" \/><\/figure><\/li><li class=\"wp-block-jetpack-slideshow_slide swiper-slide\"><figure><img loading=\"lazy\" decoding=\"async\" width=\"311\" height=\"162\" alt=\"\" class=\"wp-block-jetpack-slideshow_image wp-image-24312\" data-id=\"24312\" src=\"https:\/\/www.autismomalaga.org\/web\/wp-content\/uploads\/2025\/03\/ORONA.png\" srcset=\"https:\/\/www.autismomalaga.org\/web\/wp-content\/uploads\/2025\/03\/ORONA.png 311w, https:\/\/www.autismomalaga.org\/web\/wp-content\/uploads\/2025\/03\/ORONA-300x156.png 300w\" sizes=\"(max-width: 311px) 100vw, 311px\" \/><\/figure><\/li><li class=\"wp-block-jetpack-slideshow_slide swiper-slide\"><figure><img loading=\"lazy\" decoding=\"async\" width=\"900\" height=\"512\" alt=\"\" class=\"wp-block-jetpack-slideshow_image wp-image-24314\" data-id=\"24314\" src=\"https:\/\/www.autismomalaga.org\/web\/wp-content\/uploads\/2025\/03\/png-clipart-lions-clubs-international-association-lewes-logo-lions-emblem-logo.png\" srcset=\"https:\/\/www.autismomalaga.org\/web\/wp-content\/uploads\/2025\/03\/png-clipart-lions-clubs-international-association-lewes-logo-lions-emblem-logo.png 900w, https:\/\/www.autismomalaga.org\/web\/wp-content\/uploads\/2025\/03\/png-clipart-lions-clubs-international-association-lewes-logo-lions-emblem-logo-300x171.png 300w, https:\/\/www.autismomalaga.org\/web\/wp-content\/uploads\/2025\/03\/png-clipart-lions-clubs-international-association-lewes-logo-lions-emblem-logo-768x437.png 768w\" sizes=\"(max-width: 900px) 100vw, 900px\" \/><\/figure><\/li><li class=\"wp-block-jetpack-slideshow_slide swiper-slide\"><figure><img loading=\"lazy\" decoding=\"async\" width=\"750\" height=\"500\" alt=\"\" class=\"wp-block-jetpack-slideshow_image wp-image-24315\" data-id=\"24315\" src=\"https:\/\/www.autismomalaga.org\/web\/wp-content\/uploads\/2025\/03\/PRODAT.png\" srcset=\"https:\/\/www.autismomalaga.org\/web\/wp-content\/uploads\/2025\/03\/PRODAT.png 750w, https:\/\/www.autismomalaga.org\/web\/wp-content\/uploads\/2025\/03\/PRODAT-300x200.png 300w\" sizes=\"(max-width: 750px) 100vw, 750px\" \/><\/figure><\/li><li class=\"wp-block-jetpack-slideshow_slide swiper-slide\"><figure><img loading=\"lazy\" decoding=\"async\" width=\"303\" height=\"166\" alt=\"\" class=\"wp-block-jetpack-slideshow_image wp-image-24316\" data-id=\"24316\" src=\"https:\/\/www.autismomalaga.org\/web\/wp-content\/uploads\/2025\/03\/the-british-school.png\" srcset=\"https:\/\/www.autismomalaga.org\/web\/wp-content\/uploads\/2025\/03\/the-british-school.png 303w, https:\/\/www.autismomalaga.org\/web\/wp-content\/uploads\/2025\/03\/the-british-school-300x164.png 300w\" sizes=\"(max-width: 303px) 100vw, 303px\" \/><\/figure><\/li><li class=\"wp-block-jetpack-slideshow_slide swiper-slide\"><figure><img loading=\"lazy\" decoding=\"async\" width=\"500\" height=\"265\" alt=\"\" class=\"wp-block-jetpack-slideshow_image wp-image-24317\" data-id=\"24317\" src=\"https:\/\/www.autismomalaga.org\/web\/wp-content\/uploads\/2025\/03\/UNICAJA-1.jpg\" srcset=\"https:\/\/www.autismomalaga.org\/web\/wp-content\/uploads\/2025\/03\/UNICAJA-1.jpg 500w, https:\/\/www.autismomalaga.org\/web\/wp-content\/uploads\/2025\/03\/UNICAJA-1-300x159.jpg 300w\" sizes=\"(max-width: 500px) 100vw, 500px\" \/><\/figure><\/li><\/ul><a class=\"wp-block-jetpack-slideshow_button-prev swiper-button-prev swiper-button-white\" role=\"button\"><\/a><a class=\"wp-block-jetpack-slideshow_button-next swiper-button-next swiper-button-white\" role=\"button\"><\/a><a aria-label=\"Pause Slideshow\" class=\"wp-block-jetpack-slideshow_button-pause\" role=\"button\"><\/a><div class=\"wp-block-jetpack-slideshow_pagination swiper-pagination swiper-pagination-white\"><\/div><\/div><\/div>\n\n\n\n<div style=\"display: flex; align-items: center; justify-content: space-between; width: 100%; padding: 20px; box-sizing: border-box;\">\n    <img decoding=\"async\" src=\"https:\/\/www.autismomalaga.org\/web\/wp-content\/uploads\/2025\/03\/LOGO-AUTISMO-MALAGA-10-1024x923.png\" \n         alt=\"Logo\" width=\"89\" height=\"auto\" \n         class=\"wp-image-24326\" \n         style=\"margin-right: 20px;\" srcset=\"https:\/\/www.autismomalaga.org\/web\/wp-content\/uploads\/2025\/03\/LOGO-AUTISMO-MALAGA-10-1024x923.png 1024w, https:\/\/www.autismomalaga.org\/web\/wp-content\/uploads\/2025\/03\/LOGO-AUTISMO-MALAGA-10-300x271.png 300w, https:\/\/www.autismomalaga.org\/web\/wp-content\/uploads\/2025\/03\/LOGO-AUTISMO-MALAGA-10-768x692.png 768w, https:\/\/www.autismomalaga.org\/web\/wp-content\/uploads\/2025\/03\/LOGO-AUTISMO-MALAGA-10-1080x974.png 1080w, https:\/\/www.autismomalaga.org\/web\/wp-content\/uploads\/2025\/03\/LOGO-AUTISMO-MALAGA-10.png 1373w\" sizes=\"(max-width: 1024px) 100vw, 1024px\" \/>\n\n    <div style=\"flex: 1; margin: 0 20px;\">\n        <p style=\"margin: 0; font-size: 16px;\">Mejoramos la calidad de vida de las\n        personas con Trastorno del Espectro del Autismo.<\/p>\n    <\/div>\n\n    <div style=\"flex: 1; margin: 0 20px;\">\n        <p><strong>Centro Pinares<\/strong><br>Avda. Hern\u00e1n N\u00fa\u00f1ez de Toledo n\u00b01<br>CP: 29017. M\u00e1laga<br>TIf. 952 296 404<br>direccioncentropinares@gmail.com<\/p>\n    <\/div>\n\n    <div style=\"flex: 1; margin: 0 20px;\">\n        <p><strong>Centro Quinta Alegre<\/strong><br>C\/ Juan Franc\u00e9s Bosca n\u00b011<br>CP: 29010, M\u00e1laga<br>TIf. 952 285 954<br>sedesocialautismomalaga@gmail.com<\/p>\n    <\/div>\n<\/div>\n\n<p style=\"padding: 20px;\">Copyright \u00a9 2024 Autismo M\u00e1laga.<\/p>\n","protected":false},"excerpt":{"rendered":"<p>Bienvenidos a Autismo M\u00e1laga &nbsp; Mejoramos la calidad de vida de las personas con Trastorno del Espectro del Autismo&nbsp; y sus familias mediante los apoyos necesarios. &nbsp; Con\u00f3cenos Nuestros centros [&hellip;]<\/p>\n","protected":false},"author":1,"featured_media":0,"parent":0,"menu_order":0,"comment_status":"open","ping_status":"open","template":"","meta":{"give_campaign_id":0,"ngg_post_thumbnail":0,"_EventAllDay":false,"_EventTimezone":"","_EventStartDate":"","_EventEndDate":"","_EventStartDateUTC":"","_EventEndDateUTC":"","_EventShowMap":false,"_EventShowMapLink":false,"_EventURL":"","_EventCost":"","_EventCostDescription":"","_EventCurrencySymbol":"","_EventCurrencyCode":"","_EventCurrencyPosition":"","_EventDateTimeSeparator":"","_EventTimeRangeSeparator":"","_EventOrganizerID":[],"_EventVenueID":[],"_OrganizerEmail":"","_OrganizerPhone":"","_OrganizerWebsite":"","_VenueAddress":"","_VenueCity":"","_VenueCountry":"","_VenueProvince":"","_VenueState":"","_VenueZip":"","_VenuePhone":"","_VenueURL":"","_VenueStateProvince":"","_VenueLat":"","_VenueLng":"","_VenueShowMap":false,"_VenueShowMapLink":false,"footnotes":""},"class_list":["post-23","page","type-page","status-publish","hentry"],"campaignId":"","jetpack_sharing_enabled":true,"_links":{"self":[{"href":"https:\/\/www.autismomalaga.org\/web\/index.php?rest_route=\/wp\/v2\/pages\/23","targetHints":{"allow":["GET"]}}],"collection":[{"href":"https:\/\/www.autismomalaga.org\/web\/index.php?rest_route=\/wp\/v2\/pages"}],"about":[{"href":"https:\/\/www.autismomalaga.org\/web\/index.php?rest_route=\/wp\/v2\/types\/page"}],"author":[{"embeddable":true,"href":"https:\/\/www.autismomalaga.org\/web\/index.php?rest_route=\/wp\/v2\/users\/1"}],"replies":[{"embeddable":true,"href":"https:\/\/www.autismomalaga.org\/web\/index.php?rest_route=%2Fwp%2Fv2%2Fcomments&post=23"}],"version-history":[{"count":326,"href":"https:\/\/www.autismomalaga.org\/web\/index.php?rest_route=\/wp\/v2\/pages\/23\/revisions"}],"predecessor-version":[{"id":24641,"href":"https:\/\/www.autismomalaga.org\/web\/index.php?rest_route=\/wp\/v2\/pages\/23\/revisions\/24641"}],"wp:attachment":[{"href":"https:\/\/www.autismomalaga.org\/web\/index.php?rest_route=%2Fwp%2Fv2%2Fmedia&parent=23"}],"curies":[{"name":"wp","href":"https:\/\/api.w.org\/{rel}","templated":true}]}}