{"id":24439,"date":"2025-03-27T00:06:23","date_gmt":"2025-03-26T23:06:23","guid":{"rendered":"https:\/\/www.autismomalaga.org\/web\/?page_id=24439"},"modified":"2025-03-31T15:20:54","modified_gmt":"2025-03-31T14:20:54","slug":"organigrama","status":"publish","type":"page","link":"https:\/\/www.autismomalaga.org\/web\/?page_id=24439","title":{"rendered":"Organigrama"},"content":{"rendered":"\n<hr>\n\n\n\n<h1>Personal de la Residencia Pinares<\/h1>\n    <p>La Residencia Pinares cuenta con un grupo de personas que hacen posible el funcionamiento del centro. El personal se estructura en torno a las siguientes categor\u00edas:<\/p>\n    \n    <div class=\"roles-container\">\n        <div class=\"roles-column\">\n            <ul>\n                <li>Conductor<\/li>\n                <li>Director del centro Pinares<\/li>\n                <li>Staff T\u00e9cnico; Psic\u00f3logas, Responsable de Residencia-Hogar, Responsable de Centro de D\u00eda y Director del Centro<\/li>\n                <li>Monitores de Referencia<\/li>\n\n            <\/ul>\n\n        <\/div>\n        <div class=\"roles-column\">\n            <ul>\n                <li>Monitores de taller<\/li>\n                <li>Cuidadores<\/li>\n                <li>Personal de limpieza y lavander\u00eda<\/li>\n                <li>Personal administrativo<\/li>\n                <li>Personal de mantenimiento<\/li>\n            <\/ul>\n        <\/div>\n    <\/div>\n\n\n<style>\n    .container {\n        max-width: 1200px;\n        margin: 40px auto;\n        padding: 20px;\n        background-color: #fff;\n        border-radius: 10px;\n        box-shadow: 0 2px 8px rgba(0, 0, 0, 0.1);\n    }\n\n    h1 {\n        text-align: center;\n        color: #333;\n    }\n\n    p {\n        font-size: 16px;\n        color: #555;\n        margin-bottom: 20px;\n    }\n\n    .roles-container {\n        display: flex;\n        justify-content: space-between;\n        gap: 20px;\n    }\n\n    .roles-column {\n        flex: 1;\n    }\n\n    .roles-column ul {\n        list-style-type: disc;\n        margin-left: 20px;\n        padding-left: 20px;\n    }\n\n    .roles-column li {\n        font-size: 16px;\n        color: #555;\n        margin-bottom: 10px;\n    }\n<\/style>\n\n\n\n<figure class=\"wp-block-image size-full\" style=\"text-align: center;\">\n    <a href=\"http:\/\/www.autismomalaga.org\/web\/wp-content\/uploads\/2025\/03\/Captura-de-pantalla-2025-03-27-013707.png\">\n        <img loading=\"lazy\" decoding=\"async\" width=\"581\" height=\"436\" src=\"http:\/\/www.autismomalaga.org\/web\/wp-content\/uploads\/2025\/03\/Captura-de-pantalla-2025-03-27-013707.png\" \n             alt=\"\" class=\"wp-image-24515\" srcset=\"https:\/\/www.autismomalaga.org\/web\/wp-content\/uploads\/2025\/03\/Captura-de-pantalla-2025-03-27-013707.png 581w, https:\/\/www.autismomalaga.org\/web\/wp-content\/uploads\/2025\/03\/Captura-de-pantalla-2025-03-27-013707-300x225.png 300w\" sizes=\"auto, (max-width: 581px) 100vw, 581px\" \/>\n    <\/a>\n<\/figure>\n<hr>\n\n\n\n<figure class=\"wp-block-image is-resized\"><img loading=\"lazy\" decoding=\"async\" width=\"1024\" height=\"923\" src=\"https:\/\/www.autismomalaga.org\/web\/wp-content\/uploads\/2025\/03\/LOGO-AUTISMO-MALAGA-10-1024x923.png\" alt=\"Logo\" class=\"wp-image-24326\" style=\"width:87px;height:auto\" srcset=\"https:\/\/www.autismomalaga.org\/web\/wp-content\/uploads\/2025\/03\/LOGO-AUTISMO-MALAGA-10-1024x923.png 1024w, https:\/\/www.autismomalaga.org\/web\/wp-content\/uploads\/2025\/03\/LOGO-AUTISMO-MALAGA-10-300x271.png 300w, https:\/\/www.autismomalaga.org\/web\/wp-content\/uploads\/2025\/03\/LOGO-AUTISMO-MALAGA-10-768x692.png 768w, https:\/\/www.autismomalaga.org\/web\/wp-content\/uploads\/2025\/03\/LOGO-AUTISMO-MALAGA-10-1080x974.png 1080w, https:\/\/www.autismomalaga.org\/web\/wp-content\/uploads\/2025\/03\/LOGO-AUTISMO-MALAGA-10.png 1373w\" sizes=\"auto, (max-width: 1024px) 100vw, 1024px\" \/><\/figure>\n\n\n\n<div style=\"display: flex; align-items: center; justify-content: space-between; width: 80%; padding: 20px; box-sizing: border-box;\">\n<div style=\"flex: 1; margin: 0 20px; width: 80%;\">\n<p style=\"margin: 0; font-size: 16px;\">Mejoramos la calidad de vida de las personas con Trastorno del Espectro del Autismo.<\/p>\n<\/div>\n<div style=\"flex: 1; margin: 0 20px; width: 80%;\">\n<p><strong>Centro Pinares<\/strong><br>Avda. Hern\u00e1n N\u00fa\u00f1ez de Toledo n\u00b01<br>CP: 29017. M\u00e1laga<br>TIf. 952 296 404<br>direccioncentropinares@gmail.com<\/p>\n<\/div>\n<div style=\"flex: 1; margin: 0 20px;\">\n<p><strong>Centro Quinta Alegre<\/strong><br>C\/ Juan Franc\u00e9s Bosca n\u00b011<br>CP: 29010, M\u00e1laga<br>TIf. 952 285 954<br>sedesocialautismomalaga@gmail.com<\/p>\n<\/div>\n<\/div>\n<p style=\"padding: 20px;\">Copyright \u00a9 2024 Autismo M\u00e1laga.<\/p>\n<p>&nbsp;<\/p>\n","protected":false},"excerpt":{"rendered":"<p>Personal de la Residencia Pinares La Residencia Pinares cuenta con un grupo de personas que hacen posible el funcionamiento del centro. El personal se estructura en torno a las siguientes [&hellip;]<\/p>\n","protected":false},"author":1,"featured_media":0,"parent":0,"menu_order":0,"comment_status":"closed","ping_status":"closed","template":"","meta":{"give_campaign_id":0,"ngg_post_thumbnail":0,"_EventAllDay":false,"_EventTimezone":"","_EventStartDate":"","_EventEndDate":"","_EventStartDateUTC":"","_EventEndDateUTC":"","_EventShowMap":false,"_EventShowMapLink":false,"_EventURL":"","_EventCost":"","_EventCostDescription":"","_EventCurrencySymbol":"","_EventCurrencyCode":"","_EventCurrencyPosition":"","_EventDateTimeSeparator":"","_EventTimeRangeSeparator":"","_EventOrganizerID":[],"_EventVenueID":[],"_OrganizerEmail":"","_OrganizerPhone":"","_OrganizerWebsite":"","_VenueAddress":"","_VenueCity":"","_VenueCountry":"","_VenueProvince":"","_VenueState":"","_VenueZip":"","_VenuePhone":"","_VenueURL":"","_VenueStateProvince":"","_VenueLat":"","_VenueLng":"","_VenueShowMap":false,"_VenueShowMapLink":false,"footnotes":""},"class_list":["post-24439","page","type-page","status-publish","hentry"],"campaignId":"","jetpack_sharing_enabled":true,"_links":{"self":[{"href":"https:\/\/www.autismomalaga.org\/web\/index.php?rest_route=\/wp\/v2\/pages\/24439","targetHints":{"allow":["GET"]}}],"collection":[{"href":"https:\/\/www.autismomalaga.org\/web\/index.php?rest_route=\/wp\/v2\/pages"}],"about":[{"href":"https:\/\/www.autismomalaga.org\/web\/index.php?rest_route=\/wp\/v2\/types\/page"}],"author":[{"embeddable":true,"href":"https:\/\/www.autismomalaga.org\/web\/index.php?rest_route=\/wp\/v2\/users\/1"}],"replies":[{"embeddable":true,"href":"https:\/\/www.autismomalaga.org\/web\/index.php?rest_route=%2Fwp%2Fv2%2Fcomments&post=24439"}],"version-history":[{"count":17,"href":"https:\/\/www.autismomalaga.org\/web\/index.php?rest_route=\/wp\/v2\/pages\/24439\/revisions"}],"predecessor-version":[{"id":24953,"href":"https:\/\/www.autismomalaga.org\/web\/index.php?rest_route=\/wp\/v2\/pages\/24439\/revisions\/24953"}],"wp:attachment":[{"href":"https:\/\/www.autismomalaga.org\/web\/index.php?rest_route=%2Fwp%2Fv2%2Fmedia&parent=24439"}],"curies":[{"name":"wp","href":"https:\/\/api.w.org\/{rel}","templated":true}]}}