{"id":24446,"date":"2025-03-27T00:17:29","date_gmt":"2025-03-26T23:17:29","guid":{"rendered":"https:\/\/www.autismomalaga.org\/web\/?page_id=24446"},"modified":"2025-03-31T15:22:09","modified_gmt":"2025-03-31T14:22:09","slug":"servicios-centro-quinta-alegre","status":"publish","type":"page","link":"https:\/\/www.autismomalaga.org\/web\/?page_id=24446","title":{"rendered":"Servicios &#8211; Centro Quinta Alegre"},"content":{"rendered":"\n<p>Con este servicio pretendemos dar a conocer los Trastornos del Espectro del<br>Autismo y deje de ser ese gran desconocido, desmontando los falsos mitos y sensibilizando a la sociedad de la importancia de la inclusi\u00f3n social de las<br>personas con TEA<\/p>\n<p><br>La divulgaci\u00f3n y concienciaci\u00f3n la llevamos a cabo a trav\u00e9s del bolet\u00edn<br>\u00abCaminando Juntos\u00bb que editamos dimensualmente y colgamos en nuestra<br>p\u00e1gina Web, donde damos a conocer las novedades de nuestra entidad as\u00ed como las noticias y actos de inter\u00e9s, en su publicaci\u00f3n colabora el \u00c1rea de Accesibilidad<br>Universal del Excmo. Ayto de M\u00e1laga.<\/p>\n<p><br>Adem\u00e1s colaboramos con otras instituciones en coloquios, mesas redondas, conferencias, cursos de postgrado, cursos de formaci\u00f3n charlas informativas, entrevistas en los medios de comunicaci\u00f3n, entre otros. Este servicio es llevado a cabo de manera formal por responsables t\u00e9cnicos de la entidad, y de manera informal por padres\/madres de la Junta Directiva de la Asociaci\u00f3n, desde su experiencia como padre y miembro activo del tercer sector.<\/p>\n","protected":false},"excerpt":{"rendered":"<p>Con este servicio pretendemos dar a conocer los Trastornos del Espectro delAutismo y deje de ser ese gran desconocido, desmontando los falsos mitos y sensibilizando a la sociedad de la [&hellip;]<\/p>\n","protected":false},"author":1,"featured_media":0,"parent":0,"menu_order":0,"comment_status":"closed","ping_status":"closed","template":"","meta":{"give_campaign_id":0,"ngg_post_thumbnail":0,"_EventAllDay":false,"_EventTimezone":"","_EventStartDate":"","_EventEndDate":"","_EventStartDateUTC":"","_EventEndDateUTC":"","_EventShowMap":false,"_EventShowMapLink":false,"_EventURL":"","_EventCost":"","_EventCostDescription":"","_EventCurrencySymbol":"","_EventCurrencyCode":"","_EventCurrencyPosition":"","_EventDateTimeSeparator":"","_EventTimeRangeSeparator":"","_EventOrganizerID":[],"_EventVenueID":[],"_OrganizerEmail":"","_OrganizerPhone":"","_OrganizerWebsite":"","_VenueAddress":"","_VenueCity":"","_VenueCountry":"","_VenueProvince":"","_VenueState":"","_VenueZip":"","_VenuePhone":"","_VenueURL":"","_VenueStateProvince":"","_VenueLat":"","_VenueLng":"","_VenueShowMap":false,"_VenueShowMapLink":false,"footnotes":""},"class_list":["post-24446","page","type-page","status-publish","hentry"],"campaignId":"","jetpack_sharing_enabled":true,"_links":{"self":[{"href":"https:\/\/www.autismomalaga.org\/web\/index.php?rest_route=\/wp\/v2\/pages\/24446","targetHints":{"allow":["GET"]}}],"collection":[{"href":"https:\/\/www.autismomalaga.org\/web\/index.php?rest_route=\/wp\/v2\/pages"}],"about":[{"href":"https:\/\/www.autismomalaga.org\/web\/index.php?rest_route=\/wp\/v2\/types\/page"}],"author":[{"embeddable":true,"href":"https:\/\/www.autismomalaga.org\/web\/index.php?rest_route=\/wp\/v2\/users\/1"}],"replies":[{"embeddable":true,"href":"https:\/\/www.autismomalaga.org\/web\/index.php?rest_route=%2Fwp%2Fv2%2Fcomments&post=24446"}],"version-history":[{"count":2,"href":"https:\/\/www.autismomalaga.org\/web\/index.php?rest_route=\/wp\/v2\/pages\/24446\/revisions"}],"predecessor-version":[{"id":24954,"href":"https:\/\/www.autismomalaga.org\/web\/index.php?rest_route=\/wp\/v2\/pages\/24446\/revisions\/24954"}],"wp:attachment":[{"href":"https:\/\/www.autismomalaga.org\/web\/index.php?rest_route=%2Fwp%2Fv2%2Fmedia&parent=24446"}],"curies":[{"name":"wp","href":"https:\/\/api.w.org\/{rel}","templated":true}]}}