{"id":27,"date":"2014-03-03T09:15:45","date_gmt":"2014-03-03T09:15:45","guid":{"rendered":"http:\/\/www.autismomalaga.org\/wordpress\/?page_id=27"},"modified":"2014-06-02T08:10:48","modified_gmt":"2014-06-02T08:10:48","slug":"que-es-el-autismo","status":"publish","type":"page","link":"https:\/\/www.autismomalaga.org\/web\/?page_id=27","title":{"rendered":"\u00bfQu\u00e9 es el Autismo?"},"content":{"rendered":"<p>[et_pb_section background_color=\u00bb#72a467&#8243; inner_shadow=\u00bboff\u00bb parallax=\u00bboff\u00bb][et_pb_row][et_pb_column type=\u00bb4_4&#8243;][et_pb_text admin_label=\u00bbText\u00bb background_layout=\u00bblight\u00bb text_orientation=\u00bbleft\u00bb]<\/p>\n<h1><span style=\"font-size: x-large; color: #ffffff;\"><strong>\u00bfQu\u00e9 es el Autismo?<\/strong><\/span><\/h1>\n<p>[\/et_pb_text][\/et_pb_column][\/et_pb_row][\/et_pb_section][et_pb_section fullwidth=\u00bboff\u00bb][et_pb_row][et_pb_column type=\u00bb4_4&#8243;][et_pb_text admin_label=\u00bbText\u00bb background_layout=\u00bblight\u00bb text_orientation=\u00bbleft\u00bb]<\/p>\n<p style=\"text-align: justify;\">Los Trastornos del Espectro Autista (TEA) son distintos tipos de trastornos del desarrollo que comparten signos y s\u00edntomas. Entre los TEA se encuentran:<\/p>\n<p style=\"text-align: justify;\"><a href=\"http:\/\/www.autismomalaga.org\/wordpress\/wp-content\/uploads\/2014\/03\/arrow_verde.jpg\"><img loading=\"lazy\" decoding=\"async\" alt=\"arrow_verde\" src=\"http:\/\/www.autismomalaga.org\/web\/wp-content\/uploads\/2014\/03\/arrow_verde.jpg\" width=\"11\" height=\"13\" \/><\/a>\u00a0El Trastorno Autista.<br \/><a href=\"http:\/\/www.autismomalaga.org\/wordpress\/wp-content\/uploads\/2014\/03\/arrow_verde.jpg\"><img loading=\"lazy\" decoding=\"async\" alt=\"arrow_verde\" src=\"http:\/\/www.autismomalaga.org\/web\/wp-content\/uploads\/2014\/03\/arrow_verde.jpg\" width=\"11\" height=\"13\" \/><\/a>\u00a0Sindrome de Asperger.<br \/><a href=\"http:\/\/www.autismomalaga.org\/wordpress\/wp-content\/uploads\/2014\/03\/arrow_verde.jpg\"><img loading=\"lazy\" decoding=\"async\" alt=\"arrow_verde\" src=\"http:\/\/www.autismomalaga.org\/web\/wp-content\/uploads\/2014\/03\/arrow_verde.jpg\" width=\"11\" height=\"13\" \/><\/a>\u00a0Sindrome de Rett.<br \/><a href=\"http:\/\/www.autismomalaga.org\/wordpress\/wp-content\/uploads\/2014\/03\/arrow_verde.jpg\"><img loading=\"lazy\" decoding=\"async\" alt=\"arrow_verde\" src=\"http:\/\/www.autismomalaga.org\/web\/wp-content\/uploads\/2014\/03\/arrow_verde.jpg\" width=\"11\" height=\"13\" \/><\/a>\u00a0Trastorno infantil de desintegraci\u00f3n.<br \/><a href=\"http:\/\/www.autismomalaga.org\/wordpress\/wp-content\/uploads\/2014\/03\/arrow_verde.jpg\"><img loading=\"lazy\" decoding=\"async\" alt=\"arrow_verde\" src=\"http:\/\/www.autismomalaga.org\/web\/wp-content\/uploads\/2014\/03\/arrow_verde.jpg\" width=\"11\" height=\"13\" \/><\/a>\u00a0Trastorno Generalizado del Desarrollo no espec\u00edfico.<\/p>\n<p style=\"text-align: justify;\">Es un trastorno en el desarrollo presente desde el nacimiento (aunque no se detecta hasta m\u00e1s adelante) y no se cura, aunque puede experimentar cambios y progresos. Est\u00e1 causado por una disfunci\u00f3n en el cerebro donde las causas todav\u00eda no est\u00e1n claras. Parece ser que hay una implicaci\u00f3n gen\u00e9tica muy compleja pero no hay una evidencia para diagnosticarlos a trav\u00e9s de este tipo de pruebas. La evidencia existe porque aunque puede aparecer de forma espont\u00e1nea, puede repetirse en hermanos.<\/p>\n<p>[\/et_pb_text][\/et_pb_column][\/et_pb_row][\/et_pb_section]<\/p>\n","protected":false},"excerpt":{"rendered":"<p>[et_pb_section background_color=\u00bb#72a467&#8243; inner_shadow=\u00bboff\u00bb parallax=\u00bboff\u00bb][et_pb_row][et_pb_column type=\u00bb4_4&#8243;][et_pb_text admin_label=\u00bbText\u00bb background_layout=\u00bblight\u00bb text_orientation=\u00bbleft\u00bb] \u00bfQu\u00e9 es el Autismo? [\/et_pb_text][\/et_pb_column][\/et_pb_row][\/et_pb_section][et_pb_section fullwidth=\u00bboff\u00bb][et_pb_row][et_pb_column type=\u00bb4_4&#8243;][et_pb_text admin_label=\u00bbText\u00bb background_layout=\u00bblight\u00bb text_orientation=\u00bbleft\u00bb] Los Trastornos del Espectro Autista (TEA) son distintos tipos de trastornos del [&hellip;]<\/p>\n","protected":false},"author":1,"featured_media":0,"parent":0,"menu_order":0,"comment_status":"open","ping_status":"open","template":"","meta":{"give_campaign_id":0,"ngg_post_thumbnail":0,"_EventAllDay":false,"_EventTimezone":"","_EventStartDate":"","_EventEndDate":"","_EventStartDateUTC":"","_EventEndDateUTC":"","_EventShowMap":false,"_EventShowMapLink":false,"_EventURL":"","_EventCost":"","_EventCostDescription":"","_EventCurrencySymbol":"","_EventCurrencyCode":"","_EventCurrencyPosition":"","_EventDateTimeSeparator":"","_EventTimeRangeSeparator":"","_EventOrganizerID":[],"_EventVenueID":[],"_OrganizerEmail":"","_OrganizerPhone":"","_OrganizerWebsite":"","_VenueAddress":"","_VenueCity":"","_VenueCountry":"","_VenueProvince":"","_VenueState":"","_VenueZip":"","_VenuePhone":"","_VenueURL":"","_VenueStateProvince":"","_VenueLat":"","_VenueLng":"","_VenueShowMap":false,"_VenueShowMapLink":false,"footnotes":""},"class_list":["post-27","page","type-page","status-publish","hentry"],"campaignId":"","jetpack_sharing_enabled":true,"_links":{"self":[{"href":"https:\/\/www.autismomalaga.org\/web\/index.php?rest_route=\/wp\/v2\/pages\/27","targetHints":{"allow":["GET"]}}],"collection":[{"href":"https:\/\/www.autismomalaga.org\/web\/index.php?rest_route=\/wp\/v2\/pages"}],"about":[{"href":"https:\/\/www.autismomalaga.org\/web\/index.php?rest_route=\/wp\/v2\/types\/page"}],"author":[{"embeddable":true,"href":"https:\/\/www.autismomalaga.org\/web\/index.php?rest_route=\/wp\/v2\/users\/1"}],"replies":[{"embeddable":true,"href":"https:\/\/www.autismomalaga.org\/web\/index.php?rest_route=%2Fwp%2Fv2%2Fcomments&post=27"}],"version-history":[{"count":5,"href":"https:\/\/www.autismomalaga.org\/web\/index.php?rest_route=\/wp\/v2\/pages\/27\/revisions"}],"predecessor-version":[{"id":811,"href":"https:\/\/www.autismomalaga.org\/web\/index.php?rest_route=\/wp\/v2\/pages\/27\/revisions\/811"}],"wp:attachment":[{"href":"https:\/\/www.autismomalaga.org\/web\/index.php?rest_route=%2Fwp%2Fv2%2Fmedia&parent=27"}],"curies":[{"name":"wp","href":"https:\/\/api.w.org\/{rel}","templated":true}]}}