{"id":33,"date":"2014-03-03T09:17:33","date_gmt":"2014-03-03T09:17:33","guid":{"rendered":"http:\/\/www.autismomalaga.org\/wordpress\/?page_id=33"},"modified":"2025-05-06T20:47:52","modified_gmt":"2025-05-06T19:47:52","slug":"donde-estamos","status":"publish","type":"page","link":"https:\/\/www.autismomalaga.org\/web\/?page_id=33","title":{"rendered":"\u00bfD\u00f3nde estamos?"},"content":{"rendered":"<p>&nbsp;<\/p>\n<p><strong><span style=\"font-size: x-large;\">\u00bfDond\u00e9 estamos?<\/span><\/strong><\/p>\n<p>&nbsp;<\/p>\n<p>Centro Pinares<\/p>\n<p>-Unidad de Estancia Diurna<br \/>\n-Residencia<\/p>\n<p>Avda. Hern\u00e1n N\u00fa\u00f1ez de Toledo n\u00ba1<br \/>\nCP: 29017. M\u00e1laga<br \/>\nTlf. 952 296 404<\/p>\n<p><span style=\"color: #808080;\"><strong>&nbsp;<\/strong><\/span><\/p>\n<p><iframe loading=\"lazy\" style=\"line-height: 1.5em;\" src=\"https:\/\/www.google.com\/maps\/embed?pb=!1m18!1m12!1m3!1d3197.7289068545447!2d-4.370747223732771!3d36.72907147170524!2m3!1f0!2f0!3f0!3m2!1i1024!2i768!4f13.1!3m3!1m2!1s0xd7258467338fb0d%3A0x90a5c1d3240690be!2zQXYuIEhlcm7DoW4gTsO6w7FleiBkZSBUb2xlZG8sIE3DoWxhZ2EtRXN0ZSwgMjkwMTgsIE3DoWxhZ2E!5e0!3m2!1ses!2ses!4v1746560399684!5m2!1ses!2ses\" width=\"600\" height=\"300\" frameborder=\"0\" marginwidth=\"0\" marginheight=\"0\" scrolling=\"no\"><\/iframe><br \/>\n<small><a style=\"color: #0000ff; text-align: left;\" href=\"https:\/\/maps.app.goo.gl\/xj9M7czyMJrpKTKA6\">Ver mapa m\u00e1s grande<\/a><\/small><\/p>\n<p>&nbsp;<\/p>\n<p><span style=\"font-size: medium; color: #808080;\"><strong>Centro Quinta Alegre<\/strong><\/span><\/p>\n<h6><span style=\"color: #808080;\"><strong>-Sede Social<\/strong><\/span><br \/>\n<span style=\"color: #808080;\"><strong>-CAIT Quinta Alegre<\/strong><\/span><br \/>\n<span style=\"color: #808080;\"><strong>-CAIT Autismo M\u00e1laga<\/strong><\/span><\/h6>\n<p><span style=\"color: #808080;\">C\/ Juan Franc\u00e9s Bosca n\u00ba11&nbsp;<\/span><br \/>\n<span style=\"color: #808080;\">CP: 29010, M\u00e1laga<\/span><br \/>\n<span style=\"color: #808080;\">Tlf. 952 285 954<\/span><\/p>\n<p>&nbsp;<\/p>\n<p><iframe loading=\"lazy\" src=\"https:\/\/maps.google.es\/maps?f=q&amp;source=s_q&amp;hl=es&amp;geocode=&amp;q=Avda.+Hern%C3%A1n+N%C3%BA%C3%B1ez+de+Toledo+n%C2%BA1++CP:+29017.+M%C3%A1laga&amp;aq=&amp;sll=36.727053,-4.465256&amp;sspn=0.030028,0.038581&amp;ie=UTF8&amp;ll=36.727014,-4.465204&amp;spn=0.015014,0.01929&amp;t=m&amp;z=14&amp;iwloc=A&amp;cid=9621814338823200750&amp;output=embed\" width=\"600\" height=\"300\" frameborder=\"0\" marginwidth=\"0\" marginheight=\"0\" scrolling=\"no\"><\/iframe><br \/>\n<small><a style=\"color: #0000ff; text-align: left;\" href=\"https:\/\/maps.google.es\/maps?f=q&amp;source=embed&amp;hl=es&amp;geocode=&amp;q=Avda.+Hern%C3%A1n+N%C3%BA%C3%B1ez+de+Toledo+n%C2%BA1++CP:+29017.+M%C3%A1laga&amp;aq=&amp;sll=36.727053,-4.465256&amp;sspn=0.030028,0.038581&amp;ie=UTF8&amp;ll=36.727014,-4.465204&amp;spn=0.015014,0.01929&amp;t=m&amp;z=14&amp;iwloc=A&amp;cid=9621814338823200750\">Ver mapa m\u00e1s grande<\/a><\/small><\/p>\n<p>&nbsp;<\/p>\n<p>&nbsp;<\/p>\n","protected":false},"excerpt":{"rendered":"<p>&nbsp; \u00bfDond\u00e9 estamos? &nbsp; Centro Pinares -Unidad de Estancia Diurna -Residencia Avda. Hern\u00e1n N\u00fa\u00f1ez de Toledo n\u00ba1 CP: 29017. M\u00e1laga Tlf. 952 296 404 &nbsp; Ver mapa m\u00e1s grande &nbsp; [&hellip;]<\/p>\n","protected":false},"author":1,"featured_media":0,"parent":0,"menu_order":0,"comment_status":"open","ping_status":"open","template":"","meta":{"give_campaign_id":0,"ngg_post_thumbnail":0,"_EventAllDay":false,"_EventTimezone":"","_EventStartDate":"","_EventEndDate":"","_EventStartDateUTC":"","_EventEndDateUTC":"","_EventShowMap":false,"_EventShowMapLink":false,"_EventURL":"","_EventCost":"","_EventCostDescription":"","_EventCurrencySymbol":"","_EventCurrencyCode":"","_EventCurrencyPosition":"","_EventDateTimeSeparator":"","_EventTimeRangeSeparator":"","_EventOrganizerID":[],"_EventVenueID":[],"_OrganizerEmail":"","_OrganizerPhone":"","_OrganizerWebsite":"","_VenueAddress":"","_VenueCity":"","_VenueCountry":"","_VenueProvince":"","_VenueState":"","_VenueZip":"","_VenuePhone":"","_VenueURL":"","_VenueStateProvince":"","_VenueLat":"","_VenueLng":"","_VenueShowMap":false,"_VenueShowMapLink":false,"footnotes":""},"class_list":["post-33","page","type-page","status-publish","hentry"],"campaignId":"","jetpack_sharing_enabled":true,"_links":{"self":[{"href":"https:\/\/www.autismomalaga.org\/web\/index.php?rest_route=\/wp\/v2\/pages\/33","targetHints":{"allow":["GET"]}}],"collection":[{"href":"https:\/\/www.autismomalaga.org\/web\/index.php?rest_route=\/wp\/v2\/pages"}],"about":[{"href":"https:\/\/www.autismomalaga.org\/web\/index.php?rest_route=\/wp\/v2\/types\/page"}],"author":[{"embeddable":true,"href":"https:\/\/www.autismomalaga.org\/web\/index.php?rest_route=\/wp\/v2\/users\/1"}],"replies":[{"embeddable":true,"href":"https:\/\/www.autismomalaga.org\/web\/index.php?rest_route=%2Fwp%2Fv2%2Fcomments&post=33"}],"version-history":[{"count":17,"href":"https:\/\/www.autismomalaga.org\/web\/index.php?rest_route=\/wp\/v2\/pages\/33\/revisions"}],"predecessor-version":[{"id":25021,"href":"https:\/\/www.autismomalaga.org\/web\/index.php?rest_route=\/wp\/v2\/pages\/33\/revisions\/25021"}],"wp:attachment":[{"href":"https:\/\/www.autismomalaga.org\/web\/index.php?rest_route=%2Fwp%2Fv2%2Fmedia&parent=33"}],"curies":[{"name":"wp","href":"https:\/\/api.w.org\/{rel}","templated":true}]}}