{"id":35,"date":"2014-03-03T09:20:05","date_gmt":"2014-03-03T09:20:05","guid":{"rendered":"http:\/\/www.autismomalaga.org\/wordpress\/?page_id=35"},"modified":"2025-03-28T20:52:23","modified_gmt":"2025-03-28T19:52:23","slug":"informacion-de-interes","status":"publish","type":"page","link":"https:\/\/www.autismomalaga.org\/web\/?page_id=35","title":{"rendered":"Informaci\u00f3n de Inter\u00e9s"},"content":{"rendered":"<p>&nbsp;<\/p>\n<p><span style=\"font-size: x-large;\"><strong>Informaci\u00f3n de inter\u00e9s<\/strong><\/span><\/p>\n<p>&nbsp;<\/p>\n<p>Para saber m\u00e1s navegue por las secciones:<\/p>\n<p><a href=\"http:\/\/www.autismomalaga.org\/web\/wp-content\/uploads\/2014\/03\/arrowdercolor.jpg\"><img loading=\"lazy\" decoding=\"async\" class=\"alignnone wp-image-463 size-full\" src=\"http:\/\/www.autismomalaga.org\/web\/wp-content\/uploads\/2014\/03\/arrowdercolor.jpg\" alt=\"arrowdercolor\" width=\"11\" height=\"13\"><\/a>&nbsp;<a href=\"https:\/\/www.autismomalaga.org\/web\/?page_id=111\">Documentos<\/a><\/p>\n<p><a href=\"http:\/\/www.autismomalaga.org\/web\/wp-content\/uploads\/2014\/03\/arrowdercolor.jpg\"><img loading=\"lazy\" decoding=\"async\" class=\"alignnone wp-image-463 size-full\" src=\"http:\/\/www.autismomalaga.org\/web\/wp-content\/uploads\/2014\/03\/arrowdercolor.jpg\" alt=\"arrowdercolor\" width=\"11\" height=\"13\"><\/a>&nbsp;<a href=\"https:\/\/www.autismomalaga.org\/web\/?page_id=123\">Enlaces de inter\u00e9s<\/a><\/p>\n<p><a href=\"http:\/\/www.autismomalaga.org\/web\/wp-content\/uploads\/2014\/03\/arrowdercolor.jpg\"><img loading=\"lazy\" decoding=\"async\" class=\"alignnone wp-image-463 size-full\" src=\"http:\/\/www.autismomalaga.org\/web\/wp-content\/uploads\/2014\/03\/arrowdercolor.jpg\" alt=\"arrowdercolor\" width=\"11\" height=\"13\"><\/a>&nbsp;<a href=\"https:\/\/www.autismomalaga.org\/web\/?page_id=127\">Legislaci\u00f3n<\/a><\/p>\n<p>&nbsp;<\/p>\n","protected":false},"excerpt":{"rendered":"<p>&nbsp; Informaci\u00f3n de inter\u00e9s &nbsp; Para saber m\u00e1s navegue por las secciones: &nbsp;Documentos &nbsp;Enlaces de inter\u00e9s &nbsp;Legislaci\u00f3n &nbsp;<\/p>\n","protected":false},"author":1,"featured_media":0,"parent":0,"menu_order":0,"comment_status":"open","ping_status":"open","template":"","meta":{"give_campaign_id":0,"ngg_post_thumbnail":0,"_EventAllDay":false,"_EventTimezone":"","_EventStartDate":"","_EventEndDate":"","_EventStartDateUTC":"","_EventEndDateUTC":"","_EventShowMap":false,"_EventShowMapLink":false,"_EventURL":"","_EventCost":"","_EventCostDescription":"","_EventCurrencySymbol":"","_EventCurrencyCode":"","_EventCurrencyPosition":"","_EventDateTimeSeparator":"","_EventTimeRangeSeparator":"","_EventOrganizerID":[],"_EventVenueID":[],"_OrganizerEmail":"","_OrganizerPhone":"","_OrganizerWebsite":"","_VenueAddress":"","_VenueCity":"","_VenueCountry":"","_VenueProvince":"","_VenueState":"","_VenueZip":"","_VenuePhone":"","_VenueURL":"","_VenueStateProvince":"","_VenueLat":"","_VenueLng":"","_VenueShowMap":false,"_VenueShowMapLink":false,"footnotes":""},"class_list":["post-35","page","type-page","status-publish","hentry"],"campaignId":"","jetpack_sharing_enabled":true,"_links":{"self":[{"href":"https:\/\/www.autismomalaga.org\/web\/index.php?rest_route=\/wp\/v2\/pages\/35","targetHints":{"allow":["GET"]}}],"collection":[{"href":"https:\/\/www.autismomalaga.org\/web\/index.php?rest_route=\/wp\/v2\/pages"}],"about":[{"href":"https:\/\/www.autismomalaga.org\/web\/index.php?rest_route=\/wp\/v2\/types\/page"}],"author":[{"embeddable":true,"href":"https:\/\/www.autismomalaga.org\/web\/index.php?rest_route=\/wp\/v2\/users\/1"}],"replies":[{"embeddable":true,"href":"https:\/\/www.autismomalaga.org\/web\/index.php?rest_route=%2Fwp%2Fv2%2Fcomments&post=35"}],"version-history":[{"count":8,"href":"https:\/\/www.autismomalaga.org\/web\/index.php?rest_route=\/wp\/v2\/pages\/35\/revisions"}],"predecessor-version":[{"id":24942,"href":"https:\/\/www.autismomalaga.org\/web\/index.php?rest_route=\/wp\/v2\/pages\/35\/revisions\/24942"}],"wp:attachment":[{"href":"https:\/\/www.autismomalaga.org\/web\/index.php?rest_route=%2Fwp%2Fv2%2Fmedia&parent=35"}],"curies":[{"name":"wp","href":"https:\/\/api.w.org\/{rel}","templated":true}]}}