{"id":45,"date":"2014-03-03T09:23:35","date_gmt":"2014-03-03T09:23:35","guid":{"rendered":"http:\/\/www.autismomalaga.org\/wordpress\/?page_id=45"},"modified":"2021-11-25T10:07:46","modified_gmt":"2021-11-25T09:07:46","slug":"quienes-somos","status":"publish","type":"page","link":"https:\/\/www.autismomalaga.org\/web\/?page_id=45","title":{"rendered":"Quienes somos"},"content":{"rendered":"<p>[et_pb_section background_color=\u00bb#9c53ad\u00bb inner_shadow=\u00bboff\u00bb parallax=\u00bboff\u00bb][et_pb_row][et_pb_column type=\u00bb4_4&#8243;][et_pb_text admin_label=\u00bbText\u00bb background_layout=\u00bbdark\u00bb text_orientation=\u00bbleft\u00bb]<\/p>\n<p><span style=\"font-size: x-large;\"><strong>Quienes Somos<\/strong><\/span><\/p>\n<p>[\/et_pb_text][\/et_pb_column][\/et_pb_row][\/et_pb_section][et_pb_section fullwidth=\u00bboff\u00bb][et_pb_row][et_pb_column type=\u00bb2_3&#8243;][et_pb_text admin_label=\u00bbText\u00bb background_layout=\u00bblight\u00bb text_orientation=\u00bbleft\u00bb]<\/p>\n<p style=\"text-align: justify;\"><strong>La Asociaci\u00f3n de Padres de Ni\u00f1os y Adultos Autistas de M\u00e1laga \u00abAUTISMO M\u00c1LAGA\u00bb<\/strong>, recoge una historia que se remonta al 2 de mayo de 1979, cuando se constituye su antecedente m\u00e1s directo<strong> \u00abAsociaci\u00f3n de Padres de Ni\u00f1os Autistas de Andaluc\u00eda Oriental\u00bb<\/strong>, pasado el 13 de marzo de 1993 a la creaci\u00f3n en M\u00e1laga de la actual Asociaci\u00f3n han transcurrido, m\u00e1s de 22 a\u00f1os de trabajo continuado en M\u00e1laga en pro de las personas afectadas por el S\u00edndrome de Autismo y\/o otros T.G.D. (Trastornos Generalizados del Desarrollo) y su familiares.<\/p>\n<p style=\"text-align: justify;\">&nbsp;<\/p>\n<p>&nbsp;<\/p>\n<p style=\"text-align: justify;\">Declarada de Utilidad Publica por el Ministerio del Interior.<\/p>\n<p style=\"text-align: justify;\">Miembro fundador del <strong>CERMI-ANDALUCIA<\/strong>, participa activamente en la <strong>Comisi\u00f3n Sectorial de Discapacitados del Consejo Municipal de Servicios Sociales del Ayuntamiento de M\u00e1laga<\/strong>, as\u00ed como en el Consejo Municipal de personas con discapacidad.<\/p>\n<p style=\"text-align: justify;\">Seg\u00fan sus Estatutos, <span style=\"color: #6b257b;\"><strong>\u00abAUTISMO M\u00c1LAGA\u00bb<\/strong><\/span> se declara apol\u00edtica y aconfesional.<\/p>\n<p style=\"text-align: justify;\">No persigue fines lucrativos y tiene por objetivos promover el bien com\u00fan de los afectados por el S\u00edndrome de Autismo y sus familias, defender la dignidad de las personas Autistas, reivindicando para ello los derechos de la Constituci\u00f3n de 1978 y diversas declaraciones Internacionales les reconocen, instando a los poderes p\u00fablicos el establecimiento de pol\u00edticas coherentes, encaminadas a asegurar su atenci\u00f3n, tratamiento y socializaci\u00f3n, a trav\u00e9s de actividades asistenciales, educativas, recreativas, culturales y deportivas, mediante la promoci\u00f3n, creaci\u00f3n, organizaci\u00f3n o patrocinio de Centros de Diagnosis y Evaluaci\u00f3n, Unidades de Atenci\u00f3n Especializada, Investigaci\u00f3n y Experimentaci\u00f3n, Centros de Terapia, Pedagog\u00eda Especial, Residencias, Unidades de Capacitaci\u00f3n para el Trabajo, Talleres Protegidos, Unidades Hospitalarias y Servicios M\u00e9dicos<\/p>\n<p>&nbsp;<\/p>\n<p>&nbsp;<\/p>\n<p><span style=\"color: #6b257b;\"><strong>Asociaci\u00f3n de Padres de Ni\u00f1os y Adultos Autistas de M\u00e1laga<\/strong><\/span> es miembro de :<\/p>\n<p><strong>Confederaci\u00f3n Autismo Espa\u00f1a<\/strong><\/p>\n<p><a href=\"http:\/\/www.autismo.org.es\/AE\/default.htm\" target=\"_blank\" rel=\"noopener\"><img loading=\"lazy\" decoding=\"async\" src=\"http:\/\/www.autismomalaga.org\/web\/wp-content\/uploads\/2014\/03\/confederacion_logo.jpg\" alt=\"confederacion_logo\" width=\"200\" height=\"102\"><\/a><\/p>\n<p><strong>Federaci\u00f3n Autismo Andaluc\u00eda<\/strong><\/p>\n<p><a href=\"http:\/\/www.autismoandalucia.org\/\" target=\"_blank\" rel=\"noopener\"><img loading=\"lazy\" decoding=\"async\" src=\"http:\/\/www.autismomalaga.org\/web\/wp-content\/uploads\/2014\/03\/andalucia_logo.jpg\" alt=\"andalucia_logo\" width=\"147\" height=\"160\"><\/a><\/p>\n<p>[\/et_pb_text][\/et_pb_column][\/et_pb_row][\/et_pb_section]<\/p>\n","protected":false},"excerpt":{"rendered":"<p>[et_pb_section background_color=\u00bb#9c53ad\u00bb inner_shadow=\u00bboff\u00bb parallax=\u00bboff\u00bb][et_pb_row][et_pb_column type=\u00bb4_4&#8243;][et_pb_text admin_label=\u00bbText\u00bb background_layout=\u00bbdark\u00bb text_orientation=\u00bbleft\u00bb] Quienes Somos [\/et_pb_text][\/et_pb_column][\/et_pb_row][\/et_pb_section][et_pb_section fullwidth=\u00bboff\u00bb][et_pb_row][et_pb_column type=\u00bb2_3&#8243;][et_pb_text admin_label=\u00bbText\u00bb background_layout=\u00bblight\u00bb text_orientation=\u00bbleft\u00bb] La Asociaci\u00f3n de Padres de Ni\u00f1os y Adultos Autistas de M\u00e1laga \u00abAUTISMO M\u00c1LAGA\u00bb, recoge [&hellip;]<\/p>\n","protected":false},"author":1,"featured_media":0,"parent":25,"menu_order":0,"comment_status":"open","ping_status":"open","template":"","meta":{"give_campaign_id":0,"ngg_post_thumbnail":0,"_EventAllDay":false,"_EventTimezone":"","_EventStartDate":"","_EventEndDate":"","_EventStartDateUTC":"","_EventEndDateUTC":"","_EventShowMap":false,"_EventShowMapLink":false,"_EventURL":"","_EventCost":"","_EventCostDescription":"","_EventCurrencySymbol":"","_EventCurrencyCode":"","_EventCurrencyPosition":"","_EventDateTimeSeparator":"","_EventTimeRangeSeparator":"","_EventOrganizerID":[],"_EventVenueID":[],"_OrganizerEmail":"","_OrganizerPhone":"","_OrganizerWebsite":"","_VenueAddress":"","_VenueCity":"","_VenueCountry":"","_VenueProvince":"","_VenueState":"","_VenueZip":"","_VenuePhone":"","_VenueURL":"","_VenueStateProvince":"","_VenueLat":"","_VenueLng":"","_VenueShowMap":false,"_VenueShowMapLink":false,"footnotes":""},"class_list":["post-45","page","type-page","status-publish","hentry"],"campaignId":"","jetpack_sharing_enabled":true,"_links":{"self":[{"href":"https:\/\/www.autismomalaga.org\/web\/index.php?rest_route=\/wp\/v2\/pages\/45","targetHints":{"allow":["GET"]}}],"collection":[{"href":"https:\/\/www.autismomalaga.org\/web\/index.php?rest_route=\/wp\/v2\/pages"}],"about":[{"href":"https:\/\/www.autismomalaga.org\/web\/index.php?rest_route=\/wp\/v2\/types\/page"}],"author":[{"embeddable":true,"href":"https:\/\/www.autismomalaga.org\/web\/index.php?rest_route=\/wp\/v2\/users\/1"}],"replies":[{"embeddable":true,"href":"https:\/\/www.autismomalaga.org\/web\/index.php?rest_route=%2Fwp%2Fv2%2Fcomments&post=45"}],"version-history":[{"count":27,"href":"https:\/\/www.autismomalaga.org\/web\/index.php?rest_route=\/wp\/v2\/pages\/45\/revisions"}],"predecessor-version":[{"id":24031,"href":"https:\/\/www.autismomalaga.org\/web\/index.php?rest_route=\/wp\/v2\/pages\/45\/revisions\/24031"}],"up":[{"embeddable":true,"href":"https:\/\/www.autismomalaga.org\/web\/index.php?rest_route=\/wp\/v2\/pages\/25"}],"wp:attachment":[{"href":"https:\/\/www.autismomalaga.org\/web\/index.php?rest_route=%2Fwp%2Fv2%2Fmedia&parent=45"}],"curies":[{"name":"wp","href":"https:\/\/api.w.org\/{rel}","templated":true}]}}