{"id":47,"date":"2014-03-03T09:25:07","date_gmt":"2014-03-03T09:25:07","guid":{"rendered":"http:\/\/www.autismomalaga.org\/wordpress\/?page_id=47"},"modified":"2025-05-06T21:45:22","modified_gmt":"2025-05-06T20:45:22","slug":"centro-quinta-alegre","status":"publish","type":"page","link":"https:\/\/www.autismomalaga.org\/web\/?page_id=47","title":{"rendered":"Centro Quinta Alegre"},"content":{"rendered":"\n<h3>&nbsp;<\/h3>\n<figure class=\"wp-block-image size-full\"><img loading=\"lazy\" decoding=\"async\" class=\"aligncenter\" style=\"border-radius: 15px;\" src=\"http:\/\/www.autismomalaga.org\/web\/wp-content\/uploads\/2025\/03\/CENTROS-QUINTA-ALEGRE.jpg\" alt=\"Centro Quinta Alegre\" width=\"804\" height=\"603\"><\/figure>\n<p>El Centro \u00abQuinta Alegre\u00bb de la Asociaci\u00f3n Autismo M\u00e1laga est\u00e1 ubicado en la C\/Juan Franc\u00e9s Bosca n\u00b011, 29010 de M\u00e1laga. El mismo fue cedido a esta Entidad por la Gerencia Municipal de Urbanismo, Obras e Infraestructuras del Excmo. Ayto. de M\u00e1laga hace ya 3 d\u00e9cadas, cesi\u00f3n que se va renovando seg\u00fan los plazos y normativa vigente en cada momento.<\/p>\n<p>El Centro est\u00e1 equipado con materiales especiales y adaptados a las caracter\u00edsticas y necesidades de las personas que hacen uso de cada una de las instalaciones. Hemos trabajado en la accesibilidad y eliminaci\u00f3n de barreras arquitect\u00f3nicas y actualmente nuestro proyecto est\u00e1 terminado, contando con unas instalaciones totalmente accesibles.<\/p>\n<h4>01 Sede social Autismo M\u00e1laga<\/h4>\n<p>Responsable de la gesti\u00f3n t\u00e9cnica y econ\u00f3mica de la Entidad. Est\u00e1 compuesta por un Gerente, una Directora, una Trabajadora Social, una Psic\u00f3loga, una Oficial Administrativa, una Persona de Mantenimiento y una Limpiadora.<\/p>\n\n\n\n<figure class=\"wp-block-gallery has-nested-images columns-default is-cropped wp-block-gallery-1 is-layout-flex wp-block-gallery-is-layout-flex\">\n<figure class=\"wp-block-image size-full\"><a href=\"https:\/\/www.autismomalaga.org\/web\/wp-content\/uploads\/2025\/05\/IMG-20231120-WA0029-1.jpg\"><img loading=\"lazy\" decoding=\"async\" width=\"1600\" height=\"1200\" data-id=\"25028\" src=\"https:\/\/www.autismomalaga.org\/web\/wp-content\/uploads\/2025\/05\/IMG-20231120-WA0029-1.jpg\" alt=\"\" class=\"wp-image-25028\" srcset=\"https:\/\/www.autismomalaga.org\/web\/wp-content\/uploads\/2025\/05\/IMG-20231120-WA0029-1.jpg 1600w, https:\/\/www.autismomalaga.org\/web\/wp-content\/uploads\/2025\/05\/IMG-20231120-WA0029-1-300x225.jpg 300w, https:\/\/www.autismomalaga.org\/web\/wp-content\/uploads\/2025\/05\/IMG-20231120-WA0029-1-1024x768.jpg 1024w, https:\/\/www.autismomalaga.org\/web\/wp-content\/uploads\/2025\/05\/IMG-20231120-WA0029-1-768x576.jpg 768w, https:\/\/www.autismomalaga.org\/web\/wp-content\/uploads\/2025\/05\/IMG-20231120-WA0029-1-1536x1152.jpg 1536w\" sizes=\"auto, (max-width: 1600px) 100vw, 1600px\" \/><\/a><\/figure>\n<\/figure>\n\n\n\n<p><strong>02 Centro de atenci\u00f3n e intervenci\u00f3n directa<\/strong><\/p>\n\n\n\n<p>Para personas con TEA y sus familias. Responsable de atender a las personas con TEA y sus familias. Compuesta por una Directora, una Trabajadora Social, una Psic\u00f3loga, dos Terapeutas, un Logopeda, una Fisioterapeuta y una Limpiadora.<\/p>\n\n\n\n<figure class=\"wp-block-image aligncenter size-large\"><a href=\"https:\/\/www.autismomalaga.org\/web\/wp-content\/uploads\/2025\/05\/IMG-20231120-WA0033.jpg\"><img loading=\"lazy\" decoding=\"async\" width=\"1024\" height=\"768\" src=\"https:\/\/www.autismomalaga.org\/web\/wp-content\/uploads\/2025\/05\/IMG-20231120-WA0033-1024x768.jpg\" alt=\"\" class=\"wp-image-25029\" srcset=\"https:\/\/www.autismomalaga.org\/web\/wp-content\/uploads\/2025\/05\/IMG-20231120-WA0033-1024x768.jpg 1024w, https:\/\/www.autismomalaga.org\/web\/wp-content\/uploads\/2025\/05\/IMG-20231120-WA0033-300x225.jpg 300w, https:\/\/www.autismomalaga.org\/web\/wp-content\/uploads\/2025\/05\/IMG-20231120-WA0033-768x576.jpg 768w, https:\/\/www.autismomalaga.org\/web\/wp-content\/uploads\/2025\/05\/IMG-20231120-WA0033-1536x1152.jpg 1536w, https:\/\/www.autismomalaga.org\/web\/wp-content\/uploads\/2025\/05\/IMG-20231120-WA0033.jpg 1600w\" sizes=\"auto, (max-width: 1024px) 100vw, 1024px\" \/><\/a><\/figure>\n\n\n\n<p><strong>03 Centro de atenci\u00f3n Infantil Temprana<\/strong><\/p>\n\n\n\n<p>Atiende a menores de 0 a 6 a\u00f1os con trastorno en el desarrollo o riesgo de padecerlo. El equipo est\u00e1 compuesto por una Directora, una Trabajadora Social, 4 Psic\u00f3logos, 2 Fisioterapeutas, 5 Logopedas y una Limpiadora.<\/p>\n\n\n\n<figure class=\"wp-block-image aligncenter size-full\"><a href=\"https:\/\/www.autismomalaga.org\/web\/wp-content\/uploads\/2025\/05\/22154319_1421511114630014_1142304552659095766_n.jpg\"><img loading=\"lazy\" decoding=\"async\" width=\"960\" height=\"720\" src=\"https:\/\/www.autismomalaga.org\/web\/wp-content\/uploads\/2025\/05\/22154319_1421511114630014_1142304552659095766_n.jpg\" alt=\"\" class=\"wp-image-25030\" srcset=\"https:\/\/www.autismomalaga.org\/web\/wp-content\/uploads\/2025\/05\/22154319_1421511114630014_1142304552659095766_n.jpg 960w, https:\/\/www.autismomalaga.org\/web\/wp-content\/uploads\/2025\/05\/22154319_1421511114630014_1142304552659095766_n-300x225.jpg 300w, https:\/\/www.autismomalaga.org\/web\/wp-content\/uploads\/2025\/05\/22154319_1421511114630014_1142304552659095766_n-768x576.jpg 768w\" sizes=\"auto, (max-width: 960px) 100vw, 960px\" \/><\/a><\/figure>\n\n\n\n<p>04 Centro de Atenci\u00f3n Infantil Temprana \u00abAutismo M\u00e1laga\u00bb<\/p>\n\n\n\n<p>Interviene con menores de 0 a 6 a\u00f1os con Autismo o sospechas de Trastorno del Espectro del Autismo. El equipo est\u00e1 compuesto por una Directora, una Trabajadora Social, 2 Psic\u00f3logas, una Fisioterapeuta, una Logopeda y una Limpiadora.<\/p>\n\n\n\n<figure class=\"wp-block-image aligncenter size-large\"><a href=\"https:\/\/www.autismomalaga.org\/web\/wp-content\/uploads\/2025\/05\/IMG-20231120-WA0004-1.jpg\"><img loading=\"lazy\" decoding=\"async\" width=\"768\" height=\"1024\" src=\"https:\/\/www.autismomalaga.org\/web\/wp-content\/uploads\/2025\/05\/IMG-20231120-WA0004-1-768x1024.jpg\" alt=\"\" class=\"wp-image-25032\" srcset=\"https:\/\/www.autismomalaga.org\/web\/wp-content\/uploads\/2025\/05\/IMG-20231120-WA0004-1-768x1024.jpg 768w, https:\/\/www.autismomalaga.org\/web\/wp-content\/uploads\/2025\/05\/IMG-20231120-WA0004-1-225x300.jpg 225w, https:\/\/www.autismomalaga.org\/web\/wp-content\/uploads\/2025\/05\/IMG-20231120-WA0004-1-1152x1536.jpg 1152w, https:\/\/www.autismomalaga.org\/web\/wp-content\/uploads\/2025\/05\/IMG-20231120-WA0004-1.jpg 1200w\" sizes=\"auto, (max-width: 768px) 100vw, 768px\" \/><\/a><\/figure>\n\n\n\n<figure class=\"wp-block-image size-large is-resized\"><a href=\"https:\/\/www.autismomalaga.org\/web\/wp-content\/uploads\/2025\/03\/LOGO-AUTISMO-MALAGA-23.png\"><img loading=\"lazy\" decoding=\"async\" width=\"1024\" height=\"923\" src=\"https:\/\/www.autismomalaga.org\/web\/wp-content\/uploads\/2025\/03\/LOGO-AUTISMO-MALAGA-23-1024x923.png\" alt=\"\" class=\"wp-image-24936\" style=\"width:99px;height:auto\" srcset=\"https:\/\/www.autismomalaga.org\/web\/wp-content\/uploads\/2025\/03\/LOGO-AUTISMO-MALAGA-23-1024x923.png 1024w, https:\/\/www.autismomalaga.org\/web\/wp-content\/uploads\/2025\/03\/LOGO-AUTISMO-MALAGA-23-300x271.png 300w, https:\/\/www.autismomalaga.org\/web\/wp-content\/uploads\/2025\/03\/LOGO-AUTISMO-MALAGA-23-768x692.png 768w, https:\/\/www.autismomalaga.org\/web\/wp-content\/uploads\/2025\/03\/LOGO-AUTISMO-MALAGA-23.png 1373w\" sizes=\"auto, (max-width: 1024px) 100vw, 1024px\" \/><\/a><\/figure>\n\n\n\n<div style=\"display: flex; align-items: center; justify-content: space-between; width: 100%; padding: 20px; box-sizing: border-box;\">\n<div style=\"flex: 1; margin: 0 20px;\">\n<p style=\"margin: 0; font-size: 16px;\">Mejoramos la calidad de vida de las personas con Trastorno del Espectro del Autismo.<\/p>\n<\/div>\n<div style=\"flex: 1; margin: 0 20px;\">\n<p><strong>Centro Pinares<\/strong><br>Avda. Hern\u00e1n N\u00fa\u00f1ez de Toledo n\u00b01<br>CP: 29017. M\u00e1laga<br>TIf. 952 296 404<br>direccioncentropinares@gmail.com<\/p>\n<\/div>\n<div style=\"flex: 1; margin: 0 20px;\">\n<p><strong>Centro Quinta Alegre<\/strong><br>C\/ Juan Franc\u00e9s Bosca n\u00b011<br>CP: 29010, M\u00e1laga<br>TIf. 952 285 954<br>sedesocialautismomalaga@gmail.com<\/p>\n<\/div>\n<\/div>\n<p style=\"padding: 20px;\">Copyright \u00a9 2024 Autismo M\u00e1laga.<\/p>\n<p>&nbsp;<\/p>\n","protected":false},"excerpt":{"rendered":"<p>&nbsp; El Centro \u00abQuinta Alegre\u00bb de la Asociaci\u00f3n Autismo M\u00e1laga est\u00e1 ubicado en la C\/Juan Franc\u00e9s Bosca n\u00b011, 29010 de M\u00e1laga. El mismo fue cedido a esta Entidad por la [&hellip;]<\/p>\n","protected":false},"author":1,"featured_media":0,"parent":25,"menu_order":0,"comment_status":"open","ping_status":"open","template":"","meta":{"give_campaign_id":0,"ngg_post_thumbnail":0,"_EventAllDay":false,"_EventTimezone":"","_EventStartDate":"","_EventEndDate":"","_EventStartDateUTC":"","_EventEndDateUTC":"","_EventShowMap":false,"_EventShowMapLink":false,"_EventURL":"","_EventCost":"","_EventCostDescription":"","_EventCurrencySymbol":"","_EventCurrencyCode":"","_EventCurrencyPosition":"","_EventDateTimeSeparator":"","_EventTimeRangeSeparator":"","_EventOrganizerID":[],"_EventVenueID":[],"_OrganizerEmail":"","_OrganizerPhone":"","_OrganizerWebsite":"","_VenueAddress":"","_VenueCity":"","_VenueCountry":"","_VenueProvince":"","_VenueState":"","_VenueZip":"","_VenuePhone":"","_VenueURL":"","_VenueStateProvince":"","_VenueLat":"","_VenueLng":"","_VenueShowMap":false,"_VenueShowMapLink":false,"footnotes":""},"class_list":["post-47","page","type-page","status-publish","hentry"],"campaignId":"","jetpack_sharing_enabled":true,"_links":{"self":[{"href":"https:\/\/www.autismomalaga.org\/web\/index.php?rest_route=\/wp\/v2\/pages\/47","targetHints":{"allow":["GET"]}}],"collection":[{"href":"https:\/\/www.autismomalaga.org\/web\/index.php?rest_route=\/wp\/v2\/pages"}],"about":[{"href":"https:\/\/www.autismomalaga.org\/web\/index.php?rest_route=\/wp\/v2\/types\/page"}],"author":[{"embeddable":true,"href":"https:\/\/www.autismomalaga.org\/web\/index.php?rest_route=\/wp\/v2\/users\/1"}],"replies":[{"embeddable":true,"href":"https:\/\/www.autismomalaga.org\/web\/index.php?rest_route=%2Fwp%2Fv2%2Fcomments&post=47"}],"version-history":[{"count":53,"href":"https:\/\/www.autismomalaga.org\/web\/index.php?rest_route=\/wp\/v2\/pages\/47\/revisions"}],"predecessor-version":[{"id":25033,"href":"https:\/\/www.autismomalaga.org\/web\/index.php?rest_route=\/wp\/v2\/pages\/47\/revisions\/25033"}],"up":[{"embeddable":true,"href":"https:\/\/www.autismomalaga.org\/web\/index.php?rest_route=\/wp\/v2\/pages\/25"}],"wp:attachment":[{"href":"https:\/\/www.autismomalaga.org\/web\/index.php?rest_route=%2Fwp%2Fv2%2Fmedia&parent=47"}],"curies":[{"name":"wp","href":"https:\/\/api.w.org\/{rel}","templated":true}]}}