{"id":51,"date":"2014-03-03T09:27:37","date_gmt":"2014-03-03T09:27:37","guid":{"rendered":"http:\/\/www.autismomalaga.org\/wordpress\/?page_id=51"},"modified":"2014-05-29T16:02:22","modified_gmt":"2014-05-29T16:02:22","slug":"servicios","status":"publish","type":"page","link":"https:\/\/www.autismomalaga.org\/web\/?page_id=51","title":{"rendered":"Servicios"},"content":{"rendered":"<p>[et_pb_section background_color=\u00bb#9c53ad\u00bb inner_shadow=\u00bboff\u00bb parallax=\u00bboff\u00bb][et_pb_row][et_pb_column type=\u00bb4_4&#8243;][et_pb_text admin_label=\u00bbText\u00bb background_layout=\u00bblight\u00bb text_orientation=\u00bbleft\u00bb]<\/p>\n<p><span style=\"font-size: x-large; color: #ffffff;\"><strong>Servicios<\/strong><\/span><\/p>\n<p>[\/et_pb_text][\/et_pb_column][\/et_pb_row][\/et_pb_section][et_pb_section fullwidth=\u00bboff\u00bb][et_pb_row][et_pb_column type=\u00bb1_4&#8243;][et_pb_sidebar admin_label=\u00bbSidebar\u00bb orientation=\u00bbleft\u00bb area=\u00bbet_pb_widget_area_1&#8243; background_layout=\u00bblight\u00bb \/][\/et_pb_column][et_pb_column type=\u00bb3_4&#8243;][et_pb_text admin_label=\u00bbText\u00bb background_layout=\u00bblight\u00bb text_orientation=\u00bbleft\u00bb]<\/p>\n<p>&nbsp;<\/p>\n<table border=\"0\">\n<tbody>\n<tr>\n<td><strong><span style=\"font-size: large;\">Inclusi\u00f3n<br \/><a href=\"http:\/\/www.autismomalaga.org\/wordpress\/wp-content\/uploads\/2014\/03\/trabajadora_social1.png\"><img loading=\"lazy\" decoding=\"async\" alt=\"trabajadora_social[1]\" src=\"http:\/\/www.autismomalaga.org\/web\/wp-content\/uploads\/2014\/03\/trabajadora_social1-150x150.png\" width=\"150\" height=\"150\" \/><\/a><br \/><\/span><\/strong><\/td>\n<td style=\"text-align: justify;\">Con este servicio pretendemos dar a conocer los Trastornos del Espectro del Autismo y deje de ser ese gran desconocido, desmontando los falsos mitos y sensibilizando a la sociedad de la importancia de la inclusi\u00f3n social de las personas con TEA.<\/td>\n<\/tr>\n<tr>\n<td><strong><span style=\"font-size: large;\">\u00a0Internet<br \/><a href=\"http:\/\/www.autismomalaga.org\/wordpress\/wp-content\/uploads\/2014\/03\/INTERNET.png\"><img loading=\"lazy\" decoding=\"async\" alt=\"INTERNET\" src=\"http:\/\/www.autismomalaga.org\/web\/wp-content\/uploads\/2014\/03\/INTERNET-150x150.png\" width=\"150\" height=\"150\" \/><\/a><br \/><\/span><\/strong><\/td>\n<td style=\"text-align: justify;\">\u00a0La divulgaci\u00f3n y concienciaci\u00f3n la llevamos a cabo a trav\u00e9s del bolet\u00edn \u201cCaminando Juntos\u201d, que editamos bimensualmente y colgamos en nuestra p\u00e1gina Web, donde damos a conocer las novedades de nuestra entidad as\u00ed como las noticias y actos de inter\u00e9s, en su publicaci\u00f3n colabora el \u00c1rea de Accesibilidad Universal del Excmo. Ayto de M\u00e1laga.<\/td>\n<\/tr>\n<tr>\n<td>\u00a0<span style=\"font-size: large;\"><strong>Charla \/ Entrevista<br \/><a href=\"http:\/\/www.autismomalaga.org\/wordpress\/wp-content\/uploads\/2014\/03\/CHARLA-ENTREVISTA.png\"><img loading=\"lazy\" decoding=\"async\" alt=\"CHARLA-ENTREVISTA\" src=\"http:\/\/www.autismomalaga.org\/web\/wp-content\/uploads\/2014\/03\/CHARLA-ENTREVISTA-150x150.png\" width=\"150\" height=\"150\" \/><\/a><br \/><\/strong><\/span><\/td>\n<td style=\"text-align: justify;\">\u00a0Adem\u00e1s colaboramos con otras instituciones en coloquios, mesas redondas, conferencias, cursos de postgrado, cursos de formaci\u00f3n charlas informativas, entrevistas en los medios de comunicaci\u00f3n, entre otros. Este servicio es llevado a cabo de manera formal por responsables t\u00e9cnicos de la entidad, y de manera informal por padres\/madres de la Junta Directiva de la Asociaci\u00f3n, desde su experiencia como padre y miembro activo del tercer sector.<\/td>\n<\/tr>\n<\/tbody>\n<\/table>\n<p>[\/et_pb_text][\/et_pb_column][\/et_pb_row][\/et_pb_section]<\/p>\n","protected":false},"excerpt":{"rendered":"<p>[et_pb_section background_color=\u00bb#9c53ad\u00bb inner_shadow=\u00bboff\u00bb parallax=\u00bboff\u00bb][et_pb_row][et_pb_column type=\u00bb4_4&#8243;][et_pb_text admin_label=\u00bbText\u00bb background_layout=\u00bblight\u00bb text_orientation=\u00bbleft\u00bb] Servicios [\/et_pb_text][\/et_pb_column][\/et_pb_row][\/et_pb_section][et_pb_section fullwidth=\u00bboff\u00bb][et_pb_row][et_pb_column type=\u00bb1_4&#8243;][et_pb_sidebar admin_label=\u00bbSidebar\u00bb orientation=\u00bbleft\u00bb area=\u00bbet_pb_widget_area_1&#8243; background_layout=\u00bblight\u00bb \/][\/et_pb_column][et_pb_column type=\u00bb3_4&#8243;][et_pb_text admin_label=\u00bbText\u00bb background_layout=\u00bblight\u00bb text_orientation=\u00bbleft\u00bb] &nbsp; Inclusi\u00f3n Con este servicio pretendemos dar a conocer [&hellip;]<\/p>\n","protected":false},"author":1,"featured_media":0,"parent":47,"menu_order":0,"comment_status":"open","ping_status":"open","template":"","meta":{"give_campaign_id":0,"ngg_post_thumbnail":0,"_EventAllDay":false,"_EventTimezone":"","_EventStartDate":"","_EventEndDate":"","_EventStartDateUTC":"","_EventEndDateUTC":"","_EventShowMap":false,"_EventShowMapLink":false,"_EventURL":"","_EventCost":"","_EventCostDescription":"","_EventCurrencySymbol":"","_EventCurrencyCode":"","_EventCurrencyPosition":"","_EventDateTimeSeparator":"","_EventTimeRangeSeparator":"","_EventOrganizerID":[],"_EventVenueID":[],"_OrganizerEmail":"","_OrganizerPhone":"","_OrganizerWebsite":"","_VenueAddress":"","_VenueCity":"","_VenueCountry":"","_VenueProvince":"","_VenueState":"","_VenueZip":"","_VenuePhone":"","_VenueURL":"","_VenueStateProvince":"","_VenueLat":"","_VenueLng":"","_VenueShowMap":false,"_VenueShowMapLink":false,"footnotes":""},"class_list":["post-51","page","type-page","status-publish","hentry"],"campaignId":"","jetpack_sharing_enabled":true,"_links":{"self":[{"href":"https:\/\/www.autismomalaga.org\/web\/index.php?rest_route=\/wp\/v2\/pages\/51","targetHints":{"allow":["GET"]}}],"collection":[{"href":"https:\/\/www.autismomalaga.org\/web\/index.php?rest_route=\/wp\/v2\/pages"}],"about":[{"href":"https:\/\/www.autismomalaga.org\/web\/index.php?rest_route=\/wp\/v2\/types\/page"}],"author":[{"embeddable":true,"href":"https:\/\/www.autismomalaga.org\/web\/index.php?rest_route=\/wp\/v2\/users\/1"}],"replies":[{"embeddable":true,"href":"https:\/\/www.autismomalaga.org\/web\/index.php?rest_route=%2Fwp%2Fv2%2Fcomments&post=51"}],"version-history":[{"count":45,"href":"https:\/\/www.autismomalaga.org\/web\/index.php?rest_route=\/wp\/v2\/pages\/51\/revisions"}],"predecessor-version":[{"id":1389,"href":"https:\/\/www.autismomalaga.org\/web\/index.php?rest_route=\/wp\/v2\/pages\/51\/revisions\/1389"}],"up":[{"embeddable":true,"href":"https:\/\/www.autismomalaga.org\/web\/index.php?rest_route=\/wp\/v2\/pages\/47"}],"wp:attachment":[{"href":"https:\/\/www.autismomalaga.org\/web\/index.php?rest_route=%2Fwp%2Fv2%2Fmedia&parent=51"}],"curies":[{"name":"wp","href":"https:\/\/api.w.org\/{rel}","templated":true}]}}