{"id":561,"date":"2014-03-12T10:17:22","date_gmt":"2014-03-12T10:17:22","guid":{"rendered":"http:\/\/www.autismomalaga.org\/wordpress\/?page_id=561"},"modified":"2014-05-29T16:46:51","modified_gmt":"2014-05-29T16:46:51","slug":"musicoterapia","status":"publish","type":"page","link":"https:\/\/www.autismomalaga.org\/web\/?page_id=561","title":{"rendered":"Musicoterapia"},"content":{"rendered":"<p>[et_pb_section background_color=\u00bb#9c53ad\u00bb inner_shadow=\u00bboff\u00bb parallax=\u00bboff\u00bb][et_pb_row][et_pb_column type=\u00bb4_4&#8243;][et_pb_text admin_label=\u00bbText\u00bb background_layout=\u00bblight\u00bb text_orientation=\u00bbleft\u00bb]<\/p>\n<p><span style=\"font-size: x-large; color: #ffffff;\"><strong>Musicoterapia<\/strong><\/span><\/p>\n<p>[\/et_pb_text][\/et_pb_column][\/et_pb_row][\/et_pb_section][et_pb_section fullwidth=\u00bboff\u00bb][et_pb_row][et_pb_column type=\u00bb1_4&#8243;][et_pb_sidebar admin_label=\u00bbSidebar\u00bb orientation=\u00bbleft\u00bb area=\u00bbet_pb_widget_area_1&#8243; background_layout=\u00bblight\u00bb \/][\/et_pb_column][et_pb_column type=\u00bb3_4&#8243;][et_pb_text admin_label=\u00bbText\u00bb background_layout=\u00bblight\u00bb text_orientation=\u00bbleft\u00bb]<\/p>\n<p style=\"text-align: justify;\">La terapia musical es la utilizaci\u00f3n intencionada de la m\u00fasica con el fin de responder a unos objetivos terap\u00e9uticos bien establecidos. As\u00ed, la m\u00fasica contribuye al desarrollo general del ni\u00f1o como un ser creativo y musical adem\u00e1s de posibilitar el aprendizaje.<\/p>\n<p style=\"text-align: justify;\">Siguiendo a Lacarcel Moreno J. (1995) \u201cla aplicaci\u00f3n de la musicoterapia constata que muchos ni\u00f1os han mejorado considerablemente las condiciones asociadas a su discapacidad\u201d. En t\u00e9rminos generales los beneficios pueden considerarse:<\/p>\n<p style=\"text-align: justify;\"><a href=\"http:\/\/www.autismomalaga.org\/wordpress\/wp-content\/uploads\/2014\/03\/arrowdercolor.jpg\"><img loading=\"lazy\" decoding=\"async\" alt=\"arrowdercolor\" src=\"http:\/\/www.autismomalaga.org\/web\/wp-content\/uploads\/2014\/03\/arrowdercolor.jpg\" width=\"11\" height=\"13\" \/><\/a>\u00a0Aumento de la comunicaci\u00f3n y expresi\u00f3n, favoreciendo el desarrollo emocional.<br \/><a href=\"http:\/\/www.autismomalaga.org\/wordpress\/wp-content\/uploads\/2014\/03\/arrowdercolor.jpg\"><img loading=\"lazy\" decoding=\"async\" alt=\"arrowdercolor\" src=\"http:\/\/www.autismomalaga.org\/web\/wp-content\/uploads\/2014\/03\/arrowdercolor.jpg\" width=\"11\" height=\"13\" \/><\/a>\u00a0Mejora de la percepci\u00f3n y la motricidad.<br \/><a href=\"http:\/\/www.autismomalaga.org\/wordpress\/wp-content\/uploads\/2014\/03\/arrowdercolor.jpg\"><img loading=\"lazy\" decoding=\"async\" alt=\"arrowdercolor\" src=\"http:\/\/www.autismomalaga.org\/web\/wp-content\/uploads\/2014\/03\/arrowdercolor.jpg\" width=\"11\" height=\"13\" \/><\/a>\u00a0Favorece la expresi\u00f3n de problemas, inquietudes, miedos, bloqueos, actuando como alivio y disminuye de la ansiedad.<br \/><a href=\"http:\/\/www.autismomalaga.org\/wordpress\/wp-content\/uploads\/2014\/03\/arrowdercolor.jpg\"><img loading=\"lazy\" decoding=\"async\" alt=\"arrowdercolor\" src=\"http:\/\/www.autismomalaga.org\/web\/wp-content\/uploads\/2014\/03\/arrowdercolor.jpg\" width=\"11\" height=\"13\" \/><\/a>\u00a0Equilibrio psicof\u00edsico y emocional.<br \/><a href=\"http:\/\/www.autismomalaga.org\/wordpress\/wp-content\/uploads\/2014\/03\/arrowdercolor.jpg\"><img loading=\"lazy\" decoding=\"async\" alt=\"arrowdercolor\" src=\"http:\/\/www.autismomalaga.org\/web\/wp-content\/uploads\/2014\/03\/arrowdercolor.jpg\" width=\"11\" height=\"13\" \/><\/a>\u00a0Mejora del rendimiento corporal. Aumento tambi\u00e9n del riego sangu\u00edneo cerebral.<br \/><a href=\"http:\/\/www.autismomalaga.org\/wordpress\/wp-content\/uploads\/2014\/03\/arrowdercolor.jpg\"><img loading=\"lazy\" decoding=\"async\" alt=\"arrowdercolor\" src=\"http:\/\/www.autismomalaga.org\/web\/wp-content\/uploads\/2014\/03\/arrowdercolor.jpg\" width=\"11\" height=\"13\" \/><\/a>\u00a0Acercamiento a ni\u00f1os que por su problem\u00e1tica resulta m\u00e1s complejo: autismo, psicosis, etc.<\/p>\n<p style=\"text-align: justify;\">Nuestro taller de musicoterapia se realiza una vez a la semana contando con una asistencia de usuarios y usuarias superior al 90% de las plazas ofertadas.<\/p>\n<p style=\"text-align: justify;\">Todas las actividades est\u00e1n relacionadas con el manejo de instrumentos musicales o material sonoro, incluida la relajaci\u00f3n. Por tanto, el uso de instrumentos es imprescindible para el taller ya que la mayor\u00eda toca al menos dos diferentes a lo largo de la sesi\u00f3n.<\/p>\n<p><a href=\"http:\/\/www.autismomalaga.org\/wordpress\/wp-content\/uploads\/2014\/03\/musicoterapia.jpg\"><img loading=\"lazy\" decoding=\"async\" alt=\"musicoterapia\" src=\"http:\/\/www.autismomalaga.org\/web\/wp-content\/uploads\/2014\/03\/musicoterapia.jpg\" width=\"800\" height=\"280\" \/><br \/><\/a><em><span style=\"font-size: small;\">En primer lugar, ofrecemos el apoyo de la agenda para que tengan una gu\u00eda durante la sesi\u00f3n que les sirve para saber qu\u00e9 actividad vamos a realizar en ese<\/span> momento.<\/em><\/p>\n<p>&nbsp;<\/p>\n<p style=\"text-align: justify;\">Todos participan en la canci\u00f3n de bienvenida, unos a trav\u00e9s de signos y los que tienen lenguaje oral cantando las canciones al resto de sus compa\u00f1eros y compa\u00f1eras.<\/p>\n<p style=\"text-align: justify;\">Al finalizar cada actividad: relajaci\u00f3n, canciones, bailes, cuentos,\u2026los usuarios y usuarias aplauden y se elogian por haberlas realizado con \u00e9xito. Todos animan al resto de sus compa\u00f1eros y compa\u00f1eras. De esta forma, se crea un ambiente l\u00fadico, gratificante y motivador en el que cada uno tiene libertad para expresar su sentido musical.<\/p>\n<p style=\"text-align: justify;\">En la actividad de \u201cbailar\u201d, la participaci\u00f3n es muy alta, todos los usuarios y usuarias bailan seg\u00fan los diferentes ritmos de la m\u00fasica, estilo libre o aprendiendo alguna coreograf\u00eda sencilla. Mediante los juegos musicales, los usuarios y usuarias participan din\u00e1micamente en actividades donde tienen que estar atentos y atentas a la m\u00fasica y cuando \u00e9sta se para tienen que subirse a discos de goma que hay esparcidos por la clase, y pedir \u201cquiero m\u00fasica\u201d cuando est\u00e9n subidos en su disco correspondiente que le ser\u00e1 asignado al principio de la actividad o emparejando con otro m\u00e1s peque\u00f1o facilitado por las terapeutas.<\/p>\n<p style=\"text-align: justify;\">En la actividad de \u201ccantar\u201d, debido a que algunos de los usuarios y usuarias no presentan lenguaje oral \u00e9stos la signan, mientras los que s\u00ed tienen lenguaje oral las cantan y gesticulan a la vez.<\/p>\n<p><a href=\"http:\/\/www.autismomalaga.org\/wordpress\/wp-content\/uploads\/2014\/03\/musicoterapia_2.jpg\"><img loading=\"lazy\" decoding=\"async\" alt=\"musicoterapia_2\" src=\"http:\/\/www.autismomalaga.org\/web\/wp-content\/uploads\/2014\/03\/musicoterapia_2.jpg\" width=\"800\" height=\"280\" \/><\/a><br \/><em>Hay canciones en las que adem\u00e1s, utilizamos instrumentos musicales \u00a0que ellos mismos reparten al resto de sus compa\u00f1eros.<\/em><\/p>\n<p style=\"text-align: justify;\"><em>\u00a0<\/em><\/p>\n<p>&nbsp;<\/p>\n<p>[\/et_pb_text][et_pb_slider admin_label=\u00bbSlider\u00bb show_arrows=\u00bbon\u00bb show_pagination=\u00bbon\u00bb auto=\u00bbon\u00bb parallax=\u00bboff\u00bb][et_pb_slide background_image=\u00bbhttp:\/\/www.autismomalaga.org\/web\/wp-content\/uploads\/2014\/03\/musicoterapia_3.jpg\u00bb background_color=\u00bb#ffffff\u00bb alignment=\u00bbcenter\u00bb background_layout=\u00bbdark\u00bb \/][et_pb_slide background_image=\u00bbhttp:\/\/www.autismomalaga.org\/web\/wp-content\/uploads\/2014\/03\/musicoterapia_4.jpg\u00bb background_color=\u00bb#ffffff\u00bb alignment=\u00bbcenter\u00bb background_layout=\u00bbdark\u00bb \/][\/et_pb_slider][et_pb_text admin_label=\u00bbText\u00bb background_layout=\u00bblight\u00bb text_orientation=\u00bbleft\u00bb]<\/p>\n<p style=\"text-align: justify;\"><em>Estos son algunos de los materiales con los que contamos para la realizaci\u00f3n del taller\u00a0<\/em><\/p>\n<p>La siguiente actividad que realizamos, despu\u00e9s de un breve descanso en el que los usuarios van al ba\u00f1o si lo necesitan, es la \u201crelajaci\u00f3n\u201d. \u00a0Para ello, cada usuario coge el material que va a necesitar (colchoneta, pa\u00f1uelo, pelotas,\u2026) y se prepara poni\u00e9ndose c\u00f3modo para el comienzo de la actividad.<\/p>\n<p style=\"text-align: justify;\"><a href=\"http:\/\/www.autismomalaga.org\/wordpress\/wp-content\/uploads\/2014\/03\/musicoterapia_5.jpg\"><img loading=\"lazy\" decoding=\"async\" alt=\"musicoterapia_5\" src=\"http:\/\/www.autismomalaga.org\/web\/wp-content\/uploads\/2014\/03\/musicoterapia_5.jpg\" width=\"800\" height=\"280\" \/><\/a><\/p>\n<p>\u00a0Dentro de esta actividad, nos relajamos con la m\u00fasica mientras hacemos masajes con las pelotas y movimientos r\u00edtmicos con las maracas o pa\u00f1uelos. Tambi\u00e9n utilizamos la proyecci\u00f3n de cuentos sonoros, en los que todos permanecen atentos y atentas, a la vez que siguen las canciones de \u00e9stos cant\u00e1ndolas e imitando los movimientos.<\/p>\n<p style=\"text-align: justify;\">Al finalizar, todos participan en la canci\u00f3n de despedida en la que interact\u00faan con el resto de compa\u00f1eros para despedirse y se preparan para marcharse a casa.<\/p>\n<p style=\"text-align: justify;\">La m\u00fasica es algo que impregna nuestras vidas, nos cautiva y nos mantiene atentos, estimula varias regiones cerebrales y, a trav\u00e9s de ella podemos estructurar el tiempo de manera clara y f\u00e1cil de comprender, crea un contexto social seguro y estructurado para la comunicaci\u00f3n verbal y gestual, facilita la interacci\u00f3n y favorece la expresi\u00f3n de uno mismo, favorece el progreso porque re\u00fane a personas con niveles de habilidad diferentes, se graba en la memoria y en las emociones&#8230; \u00bfy qu\u00e9 diferencia hay entre lo que siente un ni\u00f1o con autismo y t\u00fa ante la m\u00fasica? NINGUNA.<\/p>\n<p>&nbsp;<\/p>\n<p>&nbsp;<\/p>\n<p>[\/et_pb_text][\/et_pb_column][\/et_pb_row][\/et_pb_section]<\/p>\n","protected":false},"excerpt":{"rendered":"<p>[et_pb_section background_color=\u00bb#9c53ad\u00bb inner_shadow=\u00bboff\u00bb parallax=\u00bboff\u00bb][et_pb_row][et_pb_column type=\u00bb4_4&#8243;][et_pb_text admin_label=\u00bbText\u00bb background_layout=\u00bblight\u00bb text_orientation=\u00bbleft\u00bb] Musicoterapia [\/et_pb_text][\/et_pb_column][\/et_pb_row][\/et_pb_section][et_pb_section fullwidth=\u00bboff\u00bb][et_pb_row][et_pb_column type=\u00bb1_4&#8243;][et_pb_sidebar admin_label=\u00bbSidebar\u00bb orientation=\u00bbleft\u00bb area=\u00bbet_pb_widget_area_1&#8243; background_layout=\u00bblight\u00bb \/][\/et_pb_column][et_pb_column type=\u00bb3_4&#8243;][et_pb_text admin_label=\u00bbText\u00bb background_layout=\u00bblight\u00bb text_orientation=\u00bbleft\u00bb] La terapia musical es la utilizaci\u00f3n intencionada de la [&hellip;]<\/p>\n","protected":false},"author":1,"featured_media":0,"parent":0,"menu_order":0,"comment_status":"open","ping_status":"open","template":"","meta":{"give_campaign_id":0,"ngg_post_thumbnail":0,"_EventAllDay":false,"_EventTimezone":"","_EventStartDate":"","_EventEndDate":"","_EventStartDateUTC":"","_EventEndDateUTC":"","_EventShowMap":false,"_EventShowMapLink":false,"_EventURL":"","_EventCost":"","_EventCostDescription":"","_EventCurrencySymbol":"","_EventCurrencyCode":"","_EventCurrencyPosition":"","_EventDateTimeSeparator":"","_EventTimeRangeSeparator":"","_EventOrganizerID":[],"_EventVenueID":[],"_OrganizerEmail":"","_OrganizerPhone":"","_OrganizerWebsite":"","_VenueAddress":"","_VenueCity":"","_VenueCountry":"","_VenueProvince":"","_VenueState":"","_VenueZip":"","_VenuePhone":"","_VenueURL":"","_VenueStateProvince":"","_VenueLat":"","_VenueLng":"","_VenueShowMap":false,"_VenueShowMapLink":false,"footnotes":""},"class_list":["post-561","page","type-page","status-publish","hentry"],"campaignId":"","jetpack_sharing_enabled":true,"_links":{"self":[{"href":"https:\/\/www.autismomalaga.org\/web\/index.php?rest_route=\/wp\/v2\/pages\/561","targetHints":{"allow":["GET"]}}],"collection":[{"href":"https:\/\/www.autismomalaga.org\/web\/index.php?rest_route=\/wp\/v2\/pages"}],"about":[{"href":"https:\/\/www.autismomalaga.org\/web\/index.php?rest_route=\/wp\/v2\/types\/page"}],"author":[{"embeddable":true,"href":"https:\/\/www.autismomalaga.org\/web\/index.php?rest_route=\/wp\/v2\/users\/1"}],"replies":[{"embeddable":true,"href":"https:\/\/www.autismomalaga.org\/web\/index.php?rest_route=%2Fwp%2Fv2%2Fcomments&post=561"}],"version-history":[{"count":10,"href":"https:\/\/www.autismomalaga.org\/web\/index.php?rest_route=\/wp\/v2\/pages\/561\/revisions"}],"predecessor-version":[{"id":1401,"href":"https:\/\/www.autismomalaga.org\/web\/index.php?rest_route=\/wp\/v2\/pages\/561\/revisions\/1401"}],"wp:attachment":[{"href":"https:\/\/www.autismomalaga.org\/web\/index.php?rest_route=%2Fwp%2Fv2%2Fmedia&parent=561"}],"curies":[{"name":"wp","href":"https:\/\/api.w.org\/{rel}","templated":true}]}}