{"id":577,"date":"2014-03-12T10:52:41","date_gmt":"2014-03-12T10:52:41","guid":{"rendered":"http:\/\/www.autismomalaga.org\/wordpress\/?page_id=577"},"modified":"2014-06-03T17:12:25","modified_gmt":"2014-06-03T17:12:25","slug":"conoce-tu-tierra","status":"publish","type":"page","link":"https:\/\/www.autismomalaga.org\/web\/?page_id=577","title":{"rendered":"Conoce tu Tierra"},"content":{"rendered":"<p>[et_pb_section background_color=\u00bb#9c53ad\u00bb inner_shadow=\u00bboff\u00bb parallax=\u00bboff\u00bb][et_pb_row][et_pb_column type=\u00bb4_4&#8243;][et_pb_text admin_label=\u00bbText\u00bb background_layout=\u00bblight\u00bb text_orientation=\u00bbleft\u00bb]<\/p>\n<p><span style=\"font-size: x-large; color: #ffffff;\"><strong>Conoce tu tierra<\/strong><\/span><\/p>\n<p>[\/et_pb_text][\/et_pb_column][\/et_pb_row][\/et_pb_section][et_pb_section fullwidth=\u00bboff\u00bb][et_pb_row][et_pb_column type=\u00bb1_4&#8243;][et_pb_sidebar admin_label=\u00bbSidebar\u00bb orientation=\u00bbleft\u00bb area=\u00bbet_pb_widget_area_1&#8243; background_layout=\u00bblight\u00bb \/][\/et_pb_column][et_pb_column type=\u00bb3_4&#8243;][et_pb_text admin_label=\u00bbText\u00bb background_layout=\u00bblight\u00bb text_orientation=\u00bbleft\u00bb]<\/p>\n<p style=\"text-align: justify;\">El Programa \u201cConoce Tu Tierra\u201d se lleva a cabo a trav\u00e9s de la Federaci\u00f3n Autismo Andaluc\u00eda y consiste en pasar unos d\u00edas de vacaciones en una de las Residencias de Ocio y Tiempo Libre de la Costa de Andaluc\u00eda.<\/p>\n<p style=\"text-align: justify;\">Los beneficiarios son las personas afectadas con Trastorno del Espectro del Autismo y deben ir acompa\u00f1adas por otra persona, que normalmente es un familiar. Es totalmente gratuito quedando cubierto el alojamiento y la manutenci\u00f3n tanto de la persona con TEA como de su acompa\u00f1ante.<\/p>\n<p style=\"text-align: justify;\">El destino m\u00e1s elegido por nuestras familias es la Residencia de Ocio y Tiempo Libre de Marbella, aunque en alguna ocasi\u00f3n tambi\u00e9n han acudido a la Residencia de la L\u00ednea de la Concepci\u00f3n.<\/p>\n<p style=\"text-align: justify;\">Los turnos son de 5 d\u00edas, la entrada se hace el lunes a partir de las 12:00 y la salida el s\u00e1bado siguiente despu\u00e9s del desayuno. La estancia es en bungalow de 4 personas por lo que son compartidos por dos familias diferentes.<\/p>\n<p style=\"text-align: justify;\"><strong>Los objetivos de este programa son los siguientes:<\/strong><\/p>\n<p style=\"text-align: justify;\"><a href=\"http:\/\/www.autismomalaga.org\/web\/wp-content\/uploads\/2014\/03\/arrowdercolor.jpg\"><img loading=\"lazy\" decoding=\"async\" class=\"alignnone wp-image-463 size-full\" src=\"http:\/\/www.autismomalaga.org\/web\/wp-content\/uploads\/2014\/03\/arrowdercolor.jpg\" alt=\"arrowdercolor\" width=\"11\" height=\"13\" \/><\/a>\u00a0Proporcionar a la persona con autismo experiencias y actividades divertidas, interesantes y motivantes, promoviendo el disfrute de los participantes y fomentando un adecuado uso del ocio y tiempo libre.<br \/><a href=\"http:\/\/www.autismomalaga.org\/web\/wp-content\/uploads\/2014\/03\/arrowdercolor.jpg\"><img loading=\"lazy\" decoding=\"async\" class=\"alignnone wp-image-463 size-full\" src=\"http:\/\/www.autismomalaga.org\/web\/wp-content\/uploads\/2014\/03\/arrowdercolor.jpg\" alt=\"arrowdercolor\" width=\"11\" height=\"13\" \/><\/a>\u00a0Potenciar el desarrollo de habilidades sociales, de comunicaci\u00f3n y de autonom\u00eda personal (aseo e higiene, alimentaci\u00f3n, vestido, cuidado del material, orden de las pertenencias personales, etc.).<br \/><a href=\"http:\/\/www.autismomalaga.org\/web\/wp-content\/uploads\/2014\/03\/arrowdercolor.jpg\"><img loading=\"lazy\" decoding=\"async\" class=\"alignnone wp-image-463 size-full\" src=\"http:\/\/www.autismomalaga.org\/web\/wp-content\/uploads\/2014\/03\/arrowdercolor.jpg\" alt=\"arrowdercolor\" width=\"11\" height=\"13\" \/><\/a>\u00a0Proporcionar respiro familiar a los padres y madres o cuidadores de las personas con TEA, sabiendo que est\u00e1n bien atendidos y realizando tareas l\u00fadicas.<br \/><a href=\"http:\/\/www.autismomalaga.org\/web\/wp-content\/uploads\/2014\/03\/arrowdercolor.jpg\"><img loading=\"lazy\" decoding=\"async\" class=\"alignnone wp-image-463 size-full\" src=\"http:\/\/www.autismomalaga.org\/web\/wp-content\/uploads\/2014\/03\/arrowdercolor.jpg\" alt=\"arrowdercolor\" width=\"11\" height=\"13\" \/><\/a>\u00a0Mejorar el contacto de las familias y fomentar su convivencia, facilitando la asistencia a aquellos padres y\/o madres que quieran participar en el programa de forma directa.<br \/><a href=\"http:\/\/www.autismomalaga.org\/web\/wp-content\/uploads\/2014\/03\/arrowdercolor.jpg\"><img loading=\"lazy\" decoding=\"async\" class=\"alignnone wp-image-463 size-full\" src=\"http:\/\/www.autismomalaga.org\/web\/wp-content\/uploads\/2014\/03\/arrowdercolor.jpg\" alt=\"arrowdercolor\" width=\"11\" height=\"13\" \/><\/a>\u00a0Sensibilizar a la sociedad respecto al colectivo de personas con TEA, interactuando con el personal de las residencias y con todos aqu\u00e9llos que hagan uso de las instalaciones o participen en actividades comunes, no espec\u00edficas para los TEA.<\/p>\n<p>Con este programa se fomenta la participaci\u00f3n e implicaci\u00f3n en todas las actividades programadas, facilitando la integraci\u00f3n social. Se hace especial hincapi\u00e9 en el desarrollo de habilidades sociales tales como saludar a las personas, jugar con otros chicos, el tiempo de espera, comportamiento en las zonas de uso com\u00fan, etc.<\/p>\n<p style=\"text-align: justify;\">El programa mejora las relaciones entre los acompa\u00f1antes, que pueden compartir un tiempo de ocio y sus propias experiencias, abriendo una buena v\u00eda de comunicaci\u00f3n a trav\u00e9s de la cual se refuerzan las relaciones entre los familiares.<\/p>\n<p>[\/et_pb_text][\/et_pb_column][\/et_pb_row][\/et_pb_section]<\/p>\n","protected":false},"excerpt":{"rendered":"<p>[et_pb_section background_color=\u00bb#9c53ad\u00bb inner_shadow=\u00bboff\u00bb parallax=\u00bboff\u00bb][et_pb_row][et_pb_column type=\u00bb4_4&#8243;][et_pb_text admin_label=\u00bbText\u00bb background_layout=\u00bblight\u00bb text_orientation=\u00bbleft\u00bb] Conoce tu tierra [\/et_pb_text][\/et_pb_column][\/et_pb_row][\/et_pb_section][et_pb_section fullwidth=\u00bboff\u00bb][et_pb_row][et_pb_column type=\u00bb1_4&#8243;][et_pb_sidebar admin_label=\u00bbSidebar\u00bb orientation=\u00bbleft\u00bb area=\u00bbet_pb_widget_area_1&#8243; background_layout=\u00bblight\u00bb \/][\/et_pb_column][et_pb_column type=\u00bb3_4&#8243;][et_pb_text admin_label=\u00bbText\u00bb background_layout=\u00bblight\u00bb text_orientation=\u00bbleft\u00bb] El Programa \u201cConoce Tu Tierra\u201d se lleva [&hellip;]<\/p>\n","protected":false},"author":1,"featured_media":0,"parent":0,"menu_order":0,"comment_status":"open","ping_status":"open","template":"","meta":{"give_campaign_id":0,"ngg_post_thumbnail":0,"_EventAllDay":false,"_EventTimezone":"","_EventStartDate":"","_EventEndDate":"","_EventStartDateUTC":"","_EventEndDateUTC":"","_EventShowMap":false,"_EventShowMapLink":false,"_EventURL":"","_EventCost":"","_EventCostDescription":"","_EventCurrencySymbol":"","_EventCurrencyCode":"","_EventCurrencyPosition":"","_EventDateTimeSeparator":"","_EventTimeRangeSeparator":"","_EventOrganizerID":[],"_EventVenueID":[],"_OrganizerEmail":"","_OrganizerPhone":"","_OrganizerWebsite":"","_VenueAddress":"","_VenueCity":"","_VenueCountry":"","_VenueProvince":"","_VenueState":"","_VenueZip":"","_VenuePhone":"","_VenueURL":"","_VenueStateProvince":"","_VenueLat":"","_VenueLng":"","_VenueShowMap":false,"_VenueShowMapLink":false,"footnotes":""},"class_list":["post-577","page","type-page","status-publish","hentry"],"campaignId":"","jetpack_sharing_enabled":true,"_links":{"self":[{"href":"https:\/\/www.autismomalaga.org\/web\/index.php?rest_route=\/wp\/v2\/pages\/577","targetHints":{"allow":["GET"]}}],"collection":[{"href":"https:\/\/www.autismomalaga.org\/web\/index.php?rest_route=\/wp\/v2\/pages"}],"about":[{"href":"https:\/\/www.autismomalaga.org\/web\/index.php?rest_route=\/wp\/v2\/types\/page"}],"author":[{"embeddable":true,"href":"https:\/\/www.autismomalaga.org\/web\/index.php?rest_route=\/wp\/v2\/users\/1"}],"replies":[{"embeddable":true,"href":"https:\/\/www.autismomalaga.org\/web\/index.php?rest_route=%2Fwp%2Fv2%2Fcomments&post=577"}],"version-history":[{"count":4,"href":"https:\/\/www.autismomalaga.org\/web\/index.php?rest_route=\/wp\/v2\/pages\/577\/revisions"}],"predecessor-version":[{"id":1444,"href":"https:\/\/www.autismomalaga.org\/web\/index.php?rest_route=\/wp\/v2\/pages\/577\/revisions\/1444"}],"wp:attachment":[{"href":"https:\/\/www.autismomalaga.org\/web\/index.php?rest_route=%2Fwp%2Fv2%2Fmedia&parent=577"}],"curies":[{"name":"wp","href":"https:\/\/api.w.org\/{rel}","templated":true}]}}