{"id":59,"date":"2014-03-03T09:53:48","date_gmt":"2014-03-03T09:53:48","guid":{"rendered":"http:\/\/www.autismomalaga.org\/wordpress\/?page_id=59"},"modified":"2025-03-18T18:05:06","modified_gmt":"2025-03-18T17:05:06","slug":"el-centro","status":"publish","type":"page","link":"https:\/\/www.autismomalaga.org\/web\/?page_id=59","title":{"rendered":"El centro"},"content":{"rendered":"<p>[et_pb_section background_color=\u00bb#FFFFFF\u00bb inner_shadow=\u00bboff\u00bb parallax=\u00bboff\u00bb][et_pb_row][et_pb_column type=\u00bb4_4&#8243;][et_pb_text admin_label=\u00bbText\u00bb background_layout=\u00bbdark\u00bb text_orientation=\u00bbleft\u00bb]<\/p>\n<h1 style=\"text-align: center;\"><span style=\"font-size: x-large; color: #33cccc;\"><strong>Centro Pinares<\/strong><\/span><\/h1>\n<p>[\/et_pb_text][\/et_pb_column][\/et_pb_row][\/et_pb_section][et_pb_section fullwidth=\u00bboff\u00bb][et_pb_row][et_pb_column type=\u00bb4_4&#8243;][et_pb_slider admin_label=\u00bbSlider\u00bb show_arrows=\u00bbon\u00bb show_pagination=\u00bbon\u00bb auto=\u00bbon\u00bb parallax=\u00bboff\u00bb][et_pb_slide background_image=\u00bbhttp:\/\/www.autismomalaga.org\/web\/wp-content\/uploads\/2014\/03\/00.jpg\u00bb background_color=\u00bb#ffffff\u00bb alignment=\u00bbcenter\u00bb background_layout=\u00bbdark\u00bb \/][et_pb_slide background_image=\u00bbhttp:\/\/www.autismomalaga.org\/web\/wp-content\/uploads\/2014\/03\/0-1.jpg\u00bb background_color=\u00bb#ffffff\u00bb alignment=\u00bbcenter\u00bb background_layout=\u00bbdark\u00bb \/][et_pb_slide background_image=\u00bbhttp:\/\/www.autismomalaga.org\/web\/wp-content\/uploads\/2014\/03\/0-2.jpg\u00bb background_color=\u00bb#ffffff\u00bb alignment=\u00bbcenter\u00bb background_layout=\u00bbdark\u00bb \/][et_pb_slide background_image=\u00bbhttp:\/\/www.autismomalaga.org\/web\/wp-content\/uploads\/2014\/03\/0-3.jpg\u00bb background_color=\u00bb#ffffff\u00bb alignment=\u00bbcenter\u00bb background_layout=\u00bbdark\u00bb \/][et_pb_slide background_image=\u00bbhttp:\/\/www.autismomalaga.org\/web\/wp-content\/uploads\/2014\/03\/11.jpg\u00bb background_color=\u00bb#ffffff\u00bb alignment=\u00bbcenter\u00bb background_layout=\u00bbdark\u00bb \/][et_pb_slide background_image=\u00bbhttp:\/\/www.autismomalaga.org\/web\/wp-content\/uploads\/2014\/03\/2.jpg\u00bb background_color=\u00bb#ffffff\u00bb alignment=\u00bbcenter\u00bb background_layout=\u00bbdark\u00bb \/][et_pb_slide background_color=\u00bb#ffffff\u00bb alignment=\u00bbcenter\u00bb background_layout=\u00bbdark\u00bb background_image=\u00bbhttp:\/\/www.autismomalaga.org\/web\/wp-content\/uploads\/2014\/03\/4.jpg\u00bb \/][et_pb_slide background_image=\u00bbhttp:\/\/www.autismomalaga.org\/web\/wp-content\/uploads\/2014\/03\/3.jpg\u00bb background_color=\u00bb#ffffff\u00bb alignment=\u00bbcenter\u00bb background_layout=\u00bbdark\u00bb \/][et_pb_slide background_image=\u00bbhttp:\/\/www.autismomalaga.org\/web\/wp-content\/uploads\/2014\/03\/5.jpg\u00bb background_color=\u00bb#ffffff\u00bb alignment=\u00bbcenter\u00bb background_layout=\u00bbdark\u00bb \/][et_pb_slide background_image=\u00bbhttp:\/\/www.autismomalaga.org\/web\/wp-content\/uploads\/2014\/03\/6.jpg\u00bb background_color=\u00bb#ffffff\u00bb alignment=\u00bbcenter\u00bb background_layout=\u00bbdark\u00bb \/][et_pb_slide background_image=\u00bbhttp:\/\/www.autismomalaga.org\/web\/wp-content\/uploads\/2014\/03\/7.jpg\u00bb background_color=\u00bb#ffffff\u00bb alignment=\u00bbcenter\u00bb background_layout=\u00bbdark\u00bb \/][et_pb_slide background_image=\u00bbhttp:\/\/www.autismomalaga.org\/web\/wp-content\/uploads\/2014\/03\/8.jpg\u00bb background_color=\u00bb#ffffff\u00bb alignment=\u00bbcenter\u00bb background_layout=\u00bbdark\u00bb \/][et_pb_slide background_image=\u00bbhttp:\/\/www.autismomalaga.org\/web\/wp-content\/uploads\/2014\/03\/9.jpg\u00bb background_color=\u00bb#ffffff\u00bb alignment=\u00bbcenter\u00bb background_layout=\u00bbdark\u00bb \/][et_pb_slide background_image=\u00bbhttp:\/\/www.autismomalaga.org\/web\/wp-content\/uploads\/2014\/03\/10.jpg\u00bb background_color=\u00bb#ffffff\u00bb alignment=\u00bbcenter\u00bb background_layout=\u00bbdark\u00bb \/][et_pb_slide background_image=\u00bbhttp:\/\/www.autismomalaga.org\/web\/wp-content\/uploads\/2014\/03\/111.jpg\u00bb background_color=\u00bb#ffffff\u00bb alignment=\u00bbcenter\u00bb background_layout=\u00bbdark\u00bb \/][et_pb_slide background_image=\u00bbhttp:\/\/www.autismomalaga.org\/web\/wp-content\/uploads\/2014\/03\/12.jpg\u00bb background_color=\u00bb#ffffff\u00bb alignment=\u00bbcenter\u00bb background_layout=\u00bbdark\u00bb \/][et_pb_slide background_image=\u00bbhttp:\/\/www.autismomalaga.org\/web\/wp-content\/uploads\/2014\/03\/13.jpg\u00bb background_color=\u00bb#ffffff\u00bb alignment=\u00bbcenter\u00bb background_layout=\u00bbdark\u00bb \/][et_pb_slide background_image=\u00bbhttp:\/\/www.autismomalaga.org\/web\/wp-content\/uploads\/2014\/03\/14.jpg\u00bb background_color=\u00bb#ffffff\u00bb alignment=\u00bbcenter\u00bb background_layout=\u00bbdark\u00bb \/][\/et_pb_slider][et_pb_text admin_label=\u00bbText\u00bb background_layout=\u00bblight\u00bb text_orientation=\u00bbleft\u00bb]<\/p>\n<p>La Residencia \u201cPinares\u201d es un centro acreditado por la Consejer\u00eda para la Igualdad y el Bienestar Social de la Junta de Andaluc\u00eda. Este centro est\u00e1 destinado a servir de hogar, de forma temporal o permanente a personas con Trastornos del Espectro Autista, que por su grado de discapacidad, unido a su problem\u00e1tica socio-familiar tenga dificultades para ser atendidas en su unidad de convivencia o no puedan vivir de forma independiente.<\/p>\n<p>&nbsp;<\/p>\n<p>&nbsp;<\/p>\n<p>&nbsp;<\/p>\n<p>[\/et_pb_text][\/et_pb_column][\/et_pb_row][\/et_pb_section]<\/p>\n","protected":false},"excerpt":{"rendered":"<p>[et_pb_section background_color=\u00bb#FFFFFF\u00bb inner_shadow=\u00bboff\u00bb parallax=\u00bboff\u00bb][et_pb_row][et_pb_column type=\u00bb4_4&#8243;][et_pb_text admin_label=\u00bbText\u00bb background_layout=\u00bbdark\u00bb text_orientation=\u00bbleft\u00bb] Centro Pinares [\/et_pb_text][\/et_pb_column][\/et_pb_row][\/et_pb_section][et_pb_section fullwidth=\u00bboff\u00bb][et_pb_row][et_pb_column type=\u00bb4_4&#8243;][et_pb_slider admin_label=\u00bbSlider\u00bb show_arrows=\u00bbon\u00bb show_pagination=\u00bbon\u00bb auto=\u00bbon\u00bb parallax=\u00bboff\u00bb][et_pb_slide background_image=\u00bbhttp:\/\/www.autismomalaga.org\/web\/wp-content\/uploads\/2014\/03\/00.jpg\u00bb background_color=\u00bb#ffffff\u00bb alignment=\u00bbcenter\u00bb background_layout=\u00bbdark\u00bb \/][et_pb_slide background_image=\u00bbhttp:\/\/www.autismomalaga.org\/web\/wp-content\/uploads\/2014\/03\/0-1.jpg\u00bb background_color=\u00bb#ffffff\u00bb alignment=\u00bbcenter\u00bb background_layout=\u00bbdark\u00bb \/][et_pb_slide background_image=\u00bbhttp:\/\/www.autismomalaga.org\/web\/wp-content\/uploads\/2014\/03\/0-2.jpg\u00bb background_color=\u00bb#ffffff\u00bb [&hellip;]<\/p>\n","protected":false},"author":1,"featured_media":0,"parent":57,"menu_order":0,"comment_status":"open","ping_status":"open","template":"","meta":{"give_campaign_id":0,"ngg_post_thumbnail":0,"_EventAllDay":false,"_EventTimezone":"","_EventStartDate":"","_EventEndDate":"","_EventStartDateUTC":"","_EventEndDateUTC":"","_EventShowMap":false,"_EventShowMapLink":false,"_EventURL":"","_EventCost":"","_EventCostDescription":"","_EventCurrencySymbol":"","_EventCurrencyCode":"","_EventCurrencyPosition":"","_EventDateTimeSeparator":"","_EventTimeRangeSeparator":"","_EventOrganizerID":[],"_EventVenueID":[],"_OrganizerEmail":"","_OrganizerPhone":"","_OrganizerWebsite":"","_VenueAddress":"","_VenueCity":"","_VenueCountry":"","_VenueProvince":"","_VenueState":"","_VenueZip":"","_VenuePhone":"","_VenueURL":"","_VenueStateProvince":"","_VenueLat":"","_VenueLng":"","_VenueShowMap":false,"_VenueShowMapLink":false,"footnotes":""},"class_list":["post-59","page","type-page","status-publish","hentry"],"campaignId":"","jetpack_sharing_enabled":true,"_links":{"self":[{"href":"https:\/\/www.autismomalaga.org\/web\/index.php?rest_route=\/wp\/v2\/pages\/59","targetHints":{"allow":["GET"]}}],"collection":[{"href":"https:\/\/www.autismomalaga.org\/web\/index.php?rest_route=\/wp\/v2\/pages"}],"about":[{"href":"https:\/\/www.autismomalaga.org\/web\/index.php?rest_route=\/wp\/v2\/types\/page"}],"author":[{"embeddable":true,"href":"https:\/\/www.autismomalaga.org\/web\/index.php?rest_route=\/wp\/v2\/users\/1"}],"replies":[{"embeddable":true,"href":"https:\/\/www.autismomalaga.org\/web\/index.php?rest_route=%2Fwp%2Fv2%2Fcomments&post=59"}],"version-history":[{"count":6,"href":"https:\/\/www.autismomalaga.org\/web\/index.php?rest_route=\/wp\/v2\/pages\/59\/revisions"}],"predecessor-version":[{"id":24160,"href":"https:\/\/www.autismomalaga.org\/web\/index.php?rest_route=\/wp\/v2\/pages\/59\/revisions\/24160"}],"up":[{"embeddable":true,"href":"https:\/\/www.autismomalaga.org\/web\/index.php?rest_route=\/wp\/v2\/pages\/57"}],"wp:attachment":[{"href":"https:\/\/www.autismomalaga.org\/web\/index.php?rest_route=%2Fwp%2Fv2%2Fmedia&parent=59"}],"curies":[{"name":"wp","href":"https:\/\/api.w.org\/{rel}","templated":true}]}}