{"id":65,"date":"2014-03-03T09:57:09","date_gmt":"2014-03-03T09:57:09","guid":{"rendered":"http:\/\/www.autismomalaga.org\/wordpress\/?page_id=65"},"modified":"2014-06-02T07:53:17","modified_gmt":"2014-06-02T07:53:17","slug":"personal-organigrama-y-formacion","status":"publish","type":"page","link":"https:\/\/www.autismomalaga.org\/web\/?page_id=65","title":{"rendered":"Personal, organigrama y formaci\u00f3n"},"content":{"rendered":"<p>[et_pb_section background_color=\u00bb#72a467&#8243; inner_shadow=\u00bboff\u00bb parallax=\u00bboff\u00bb][et_pb_row][et_pb_column type=\u00bb4_4&#8243;][et_pb_text admin_label=\u00bbText\u00bb background_layout=\u00bblight\u00bb text_orientation=\u00bbleft\u00bb]<\/p>\n<h1><span style=\"color: #ffffff;\"><strong><span style=\"font-size: x-large;\">Personal, organigrama y formaci\u00f3n<\/span><\/strong><\/span><\/h1>\n<p>[\/et_pb_text][\/et_pb_column][\/et_pb_row][\/et_pb_section][et_pb_section fullwidth=\u00bboff\u00bb][et_pb_row][et_pb_column type=\u00bb4_4&#8243;][et_pb_text admin_label=\u00bbText\u00bb background_layout=\u00bblight\u00bb text_orientation=\u00bbleft\u00bb]<\/p>\n<p style=\"text-align: justify;\">La Residencia Pinares cuenta con un grupo de personas que hacen posible el funcionamiento del centro. El personal se estructura en torno a las siguientes categor\u00edas<\/p>\n<p>&nbsp;<\/p>\n<p>[\/et_pb_text][\/et_pb_column][\/et_pb_row][et_pb_row][et_pb_column type=\u00bb1_2&#8243;][et_pb_text admin_label=\u00bbText\u00bb background_layout=\u00bblight\u00bb text_orientation=\u00bbleft\u00bb]<\/p>\n<p><a href=\"http:\/\/www.autismomalaga.org\/wordpress\/wp-content\/uploads\/2014\/03\/arrow_verde.jpg\"><img loading=\"lazy\" decoding=\"async\" alt=\"arrow_verde\" src=\"http:\/\/www.autismomalaga.org\/web\/wp-content\/uploads\/2014\/03\/arrow_verde.jpg\" width=\"11\" height=\"13\" \/><\/a>\u00a0Director del Centro Pinares.<br \/><a href=\"http:\/\/www.autismomalaga.org\/wordpress\/wp-content\/uploads\/2014\/03\/arrow_verde.jpg\"><img loading=\"lazy\" decoding=\"async\" alt=\"arrow_verde\" src=\"http:\/\/www.autismomalaga.org\/web\/wp-content\/uploads\/2014\/03\/arrow_verde.jpg\" width=\"11\" height=\"13\" \/><\/a>\u00a0Staff T\u00e9cnico:, Psic\u00f3logas, Responsable de Residencia-Hogar, Responsable de Centro de D\u00eda y Director del Centro.<br \/><a href=\"http:\/\/www.autismomalaga.org\/wordpress\/wp-content\/uploads\/2014\/03\/arrow_verde.jpg\"><img loading=\"lazy\" decoding=\"async\" alt=\"arrow_verde\" src=\"http:\/\/www.autismomalaga.org\/web\/wp-content\/uploads\/2014\/03\/arrow_verde.jpg\" width=\"11\" height=\"13\" \/><\/a>\u00a0Monitores de Referencia.<br \/><a href=\"http:\/\/www.autismomalaga.org\/wordpress\/wp-content\/uploads\/2014\/03\/arrow_verde.jpg\"><img loading=\"lazy\" decoding=\"async\" alt=\"arrow_verde\" src=\"http:\/\/www.autismomalaga.org\/web\/wp-content\/uploads\/2014\/03\/arrow_verde.jpg\" width=\"11\" height=\"13\" \/><\/a>\u00a0Monitores de Taller<\/p>\n<p>[\/et_pb_text][\/et_pb_column][et_pb_column type=\u00bb1_2&#8243;][et_pb_text admin_label=\u00bbText\u00bb background_layout=\u00bblight\u00bb text_orientation=\u00bbleft\u00bb]<\/p>\n<p><a href=\"http:\/\/www.autismomalaga.org\/wordpress\/wp-content\/uploads\/2014\/03\/arrow_verde.jpg\"><img loading=\"lazy\" decoding=\"async\" alt=\"arrow_verde\" src=\"http:\/\/www.autismomalaga.org\/web\/wp-content\/uploads\/2014\/03\/arrow_verde.jpg\" width=\"11\" height=\"13\" \/><\/a>\u00a0Cuidadores.<br \/><a href=\"http:\/\/www.autismomalaga.org\/wordpress\/wp-content\/uploads\/2014\/03\/arrow_verde.jpg\"><img loading=\"lazy\" decoding=\"async\" alt=\"arrow_verde\" src=\"http:\/\/www.autismomalaga.org\/web\/wp-content\/uploads\/2014\/03\/arrow_verde.jpg\" width=\"11\" height=\"13\" \/><\/a>\u00a0Personal de limpieza y lavander\u00eda.<br \/><a href=\"http:\/\/www.autismomalaga.org\/wordpress\/wp-content\/uploads\/2014\/03\/arrow_verde.jpg\"><img loading=\"lazy\" decoding=\"async\" alt=\"arrow_verde\" src=\"http:\/\/www.autismomalaga.org\/web\/wp-content\/uploads\/2014\/03\/arrow_verde.jpg\" width=\"11\" height=\"13\" \/><\/a>\u00a0Personal Administrativo.<br \/><a href=\"http:\/\/www.autismomalaga.org\/wordpress\/wp-content\/uploads\/2014\/03\/arrow_verde.jpg\"><img loading=\"lazy\" decoding=\"async\" alt=\"arrow_verde\" src=\"http:\/\/www.autismomalaga.org\/web\/wp-content\/uploads\/2014\/03\/arrow_verde.jpg\" width=\"11\" height=\"13\" \/><\/a>\u00a0Personal de mantenimiento<br \/><a href=\"http:\/\/www.autismomalaga.org\/wordpress\/wp-content\/uploads\/2014\/03\/arrow_verde.jpg\"><img loading=\"lazy\" decoding=\"async\" alt=\"arrow_verde\" src=\"http:\/\/www.autismomalaga.org\/web\/wp-content\/uploads\/2014\/03\/arrow_verde.jpg\" width=\"11\" height=\"13\" \/><\/a>\u00a0Conductor<\/p>\n<p>[\/et_pb_text][\/et_pb_column][\/et_pb_row][et_pb_row][et_pb_column type=\u00bb4_4&#8243;][et_pb_text admin_label=\u00bbText\u00bb background_layout=\u00bblight\u00bb text_orientation=\u00bbleft\u00bb]<\/p>\n<p><a href=\"http:\/\/www.autismomalaga.org\/wordpress\/wp-content\/uploads\/2014\/03\/organigrama1.jpg\"><img loading=\"lazy\" decoding=\"async\" class=\"aligncenter\" alt=\"organigrama\" src=\"http:\/\/www.autismomalaga.org\/web\/wp-content\/uploads\/2014\/03\/organigrama1.jpg\" width=\"600\" height=\"450\" \/><\/a><\/p>\n<p>&nbsp;<\/p>\n<p>&nbsp;<\/p>\n<p>&nbsp;<\/p>\n<p>[\/et_pb_text][\/et_pb_column][\/et_pb_row][\/et_pb_section]<\/p>\n","protected":false},"excerpt":{"rendered":"<p>[et_pb_section background_color=\u00bb#72a467&#8243; inner_shadow=\u00bboff\u00bb parallax=\u00bboff\u00bb][et_pb_row][et_pb_column type=\u00bb4_4&#8243;][et_pb_text admin_label=\u00bbText\u00bb background_layout=\u00bblight\u00bb text_orientation=\u00bbleft\u00bb] Personal, organigrama y formaci\u00f3n [\/et_pb_text][\/et_pb_column][\/et_pb_row][\/et_pb_section][et_pb_section fullwidth=\u00bboff\u00bb][et_pb_row][et_pb_column type=\u00bb4_4&#8243;][et_pb_text admin_label=\u00bbText\u00bb background_layout=\u00bblight\u00bb text_orientation=\u00bbleft\u00bb] La Residencia Pinares cuenta con un grupo de personas que hacen posible [&hellip;]<\/p>\n","protected":false},"author":1,"featured_media":0,"parent":57,"menu_order":0,"comment_status":"open","ping_status":"open","template":"","meta":{"give_campaign_id":0,"ngg_post_thumbnail":0,"_EventAllDay":false,"_EventTimezone":"","_EventStartDate":"","_EventEndDate":"","_EventStartDateUTC":"","_EventEndDateUTC":"","_EventShowMap":false,"_EventShowMapLink":false,"_EventURL":"","_EventCost":"","_EventCostDescription":"","_EventCurrencySymbol":"","_EventCurrencyCode":"","_EventCurrencyPosition":"","_EventDateTimeSeparator":"","_EventTimeRangeSeparator":"","_EventOrganizerID":[],"_EventVenueID":[],"_OrganizerEmail":"","_OrganizerPhone":"","_OrganizerWebsite":"","_VenueAddress":"","_VenueCity":"","_VenueCountry":"","_VenueProvince":"","_VenueState":"","_VenueZip":"","_VenuePhone":"","_VenueURL":"","_VenueStateProvince":"","_VenueLat":"","_VenueLng":"","_VenueShowMap":false,"_VenueShowMapLink":false,"footnotes":""},"class_list":["post-65","page","type-page","status-publish","hentry"],"campaignId":"","jetpack_sharing_enabled":true,"_links":{"self":[{"href":"https:\/\/www.autismomalaga.org\/web\/index.php?rest_route=\/wp\/v2\/pages\/65","targetHints":{"allow":["GET"]}}],"collection":[{"href":"https:\/\/www.autismomalaga.org\/web\/index.php?rest_route=\/wp\/v2\/pages"}],"about":[{"href":"https:\/\/www.autismomalaga.org\/web\/index.php?rest_route=\/wp\/v2\/types\/page"}],"author":[{"embeddable":true,"href":"https:\/\/www.autismomalaga.org\/web\/index.php?rest_route=\/wp\/v2\/users\/1"}],"replies":[{"embeddable":true,"href":"https:\/\/www.autismomalaga.org\/web\/index.php?rest_route=%2Fwp%2Fv2%2Fcomments&post=65"}],"version-history":[{"count":8,"href":"https:\/\/www.autismomalaga.org\/web\/index.php?rest_route=\/wp\/v2\/pages\/65\/revisions"}],"predecessor-version":[{"id":1411,"href":"https:\/\/www.autismomalaga.org\/web\/index.php?rest_route=\/wp\/v2\/pages\/65\/revisions\/1411"}],"up":[{"embeddable":true,"href":"https:\/\/www.autismomalaga.org\/web\/index.php?rest_route=\/wp\/v2\/pages\/57"}],"wp:attachment":[{"href":"https:\/\/www.autismomalaga.org\/web\/index.php?rest_route=%2Fwp%2Fv2%2Fmedia&parent=65"}],"curies":[{"name":"wp","href":"https:\/\/api.w.org\/{rel}","templated":true}]}}