{"id":72,"date":"2014-03-03T10:01:11","date_gmt":"2014-03-03T10:01:11","guid":{"rendered":"http:\/\/www.autismomalaga.org\/wordpress\/?page_id=72"},"modified":"2014-06-02T07:57:45","modified_gmt":"2014-06-02T07:57:45","slug":"calidad","status":"publish","type":"page","link":"https:\/\/www.autismomalaga.org\/web\/?page_id=72","title":{"rendered":"Calidad"},"content":{"rendered":"<p>[et_pb_section background_color=\u00bb#9c53ad\u00bb inner_shadow=\u00bboff\u00bb parallax=\u00bboff\u00bb][et_pb_row][et_pb_column type=\u00bb4_4&#8243;][et_pb_text admin_label=\u00bbText\u00bb background_layout=\u00bblight\u00bb text_orientation=\u00bbleft\u00bb]<\/p>\n<p><span style=\"font-size: x-large; color: #ffffff;\"><strong>Calidad<\/strong><\/span><\/p>\n<p>[\/et_pb_text][\/et_pb_column][\/et_pb_row][\/et_pb_section][et_pb_section fullwidth=\u00bboff\u00bb][et_pb_row][et_pb_column type=\u00bb4_4&#8243;][et_pb_text admin_label=\u00bbText\u00bb background_layout=\u00bblight\u00bb text_orientation=\u00bbleft\u00bb]<\/p>\n<p style=\"text-align: justify;\"><span style=\"color: #9c53ad;\"><strong>MISI\u00d3N:<\/strong><\/span><\/p>\n<p style=\"text-align: justify;\">Mejorar la calidad de vida de las personas afectadas con Trastorno del Espectro del Autismo y sus familias mediante los apoyos necesarios.<\/p>\n<p style=\"text-align: justify;\"><strong><span style=\"color: #9c53ad;\">\u00a0VISI\u00d3N:<\/span><\/strong><\/p>\n<p style=\"text-align: justify;\">Ser una Organizaci\u00f3n de referencia en el \u00e1mbito del Trastorno del Espectro del Autismo<\/p>\n<p style=\"text-align: justify;\"><strong><span style=\"color: #9c53ad;\">VALORES:<\/span><\/strong><\/p>\n<p style=\"text-align: justify;\"><a href=\"http:\/\/www.autismomalaga.org\/wordpress\/wp-content\/uploads\/2014\/03\/arrowdercolor.jpg\"><img loading=\"lazy\" decoding=\"async\" alt=\"arrowdercolor\" src=\"http:\/\/www.autismomalaga.org\/web\/wp-content\/uploads\/2014\/03\/arrowdercolor.jpg\" width=\"11\" height=\"13\" \/><\/a>\u00a0<strong><span style=\"color: #9c53ad;\">Transparencia:<\/span><\/strong> mantener la credibilidad ante todos los grupos de inter\u00e9s garantizando el acceso a la informaci\u00f3n<br \/><a href=\"http:\/\/www.autismomalaga.org\/wordpress\/wp-content\/uploads\/2014\/03\/arrowdercolor.jpg\"><img loading=\"lazy\" decoding=\"async\" alt=\"arrowdercolor\" src=\"http:\/\/www.autismomalaga.org\/web\/wp-content\/uploads\/2014\/03\/arrowdercolor.jpg\" width=\"11\" height=\"13\" \/><\/a>\u00a0<strong><span style=\"color: #9c53ad;\">Responsabilidad:<\/span> <\/strong>capacidad de las personas de prever, conocer y aceptar las consecuencias de sus actos; ser conscientes de las propias obligaciones y estar dispuesto a obrar en consecuencia.<br \/><a href=\"http:\/\/www.autismomalaga.org\/wordpress\/wp-content\/uploads\/2014\/03\/arrowdercolor.jpg\"><img loading=\"lazy\" decoding=\"async\" alt=\"arrowdercolor\" src=\"http:\/\/www.autismomalaga.org\/web\/wp-content\/uploads\/2014\/03\/arrowdercolor.jpg\" width=\"11\" height=\"13\" \/><\/a>\u00a0<strong><span style=\"color: #9c53ad;\">Confidencialidad:<\/span><\/strong> es una propiedad de la informaci\u00f3n mediante la cual se garantizar\u00e1 el acceso a la misma solo por parte de las personas que est\u00e9n autorizadas.<br \/><a href=\"http:\/\/www.autismomalaga.org\/wordpress\/wp-content\/uploads\/2014\/03\/arrowdercolor.jpg\"><img loading=\"lazy\" decoding=\"async\" alt=\"arrowdercolor\" src=\"http:\/\/www.autismomalaga.org\/web\/wp-content\/uploads\/2014\/03\/arrowdercolor.jpg\" width=\"11\" height=\"13\" \/><\/a>\u00a0<strong><span style=\"color: #9c53ad;\">Trabajo en equipo:<\/span><\/strong> implicaci\u00f3n de un grupo de profesionales en la consecuci\u00f3n de una tarea de forma consensuada entre profesionales de una misma Entidad y\/o varias.<br \/><a href=\"http:\/\/www.autismomalaga.org\/wordpress\/wp-content\/uploads\/2014\/03\/arrowdercolor.jpg\"><img loading=\"lazy\" decoding=\"async\" alt=\"arrowdercolor\" src=\"http:\/\/www.autismomalaga.org\/web\/wp-content\/uploads\/2014\/03\/arrowdercolor.jpg\" width=\"11\" height=\"13\" \/><\/a>\u00a0<strong><span style=\"color: #9c53ad;\">Innovaci\u00f3n:<\/span><\/strong> af\u00e1n de mejora, proponer cambios continuos para que nuestros procesos sean m\u00e1s eficaces.<br \/><a href=\"http:\/\/www.autismomalaga.org\/wordpress\/wp-content\/uploads\/2014\/03\/arrowdercolor.jpg\"><img loading=\"lazy\" decoding=\"async\" alt=\"arrowdercolor\" src=\"http:\/\/www.autismomalaga.org\/web\/wp-content\/uploads\/2014\/03\/arrowdercolor.jpg\" width=\"11\" height=\"13\" \/><\/a>\u00a0<strong><span style=\"color: #9c53ad;\">Cumplimiento de los derechos:<\/span> <\/strong>velar por los derechos de todas las personas que forman parte de la Entidad, haciendo especial hincapi\u00e9 en la carta de derechos de las personas con autismo (adoptada por el Parlamento Europeo el 9 de mayo de 1996)<br \/><a href=\"http:\/\/www.autismomalaga.org\/wordpress\/wp-content\/uploads\/2014\/03\/arrowdercolor.jpg\"><img loading=\"lazy\" decoding=\"async\" alt=\"arrowdercolor\" src=\"http:\/\/www.autismomalaga.org\/web\/wp-content\/uploads\/2014\/03\/arrowdercolor.jpg\" width=\"11\" height=\"13\" \/><\/a>\u00a0<strong><span style=\"color: #9c53ad;\">Coherencia:<\/span><\/strong> es la correcta conducta que debemos mantener en todo momento, basada en los principios establecidos por la Entidad.<br \/><a href=\"http:\/\/www.autismomalaga.org\/wordpress\/wp-content\/uploads\/2014\/03\/arrowdercolor.jpg\"><img loading=\"lazy\" decoding=\"async\" alt=\"arrowdercolor\" src=\"http:\/\/www.autismomalaga.org\/web\/wp-content\/uploads\/2014\/03\/arrowdercolor.jpg\" width=\"11\" height=\"13\" \/><\/a>\u00a0<strong><span style=\"color: #9c53ad;\">Eficacia:<\/span> <\/strong>optimizar los recursos de los que dispone la Entidad.<br \/><a href=\"http:\/\/www.autismomalaga.org\/wordpress\/wp-content\/uploads\/2014\/03\/arrowdercolor.jpg\"><img loading=\"lazy\" decoding=\"async\" alt=\"arrowdercolor\" src=\"http:\/\/www.autismomalaga.org\/web\/wp-content\/uploads\/2014\/03\/arrowdercolor.jpg\" width=\"11\" height=\"13\" \/><\/a>\u00a0<strong><span style=\"color: #9c53ad;\">Eficiencia:<\/span> <\/strong>m\u00e1ximo rendimiento al menor coste posible<br \/><a href=\"http:\/\/www.autismomalaga.org\/wordpress\/wp-content\/uploads\/2014\/03\/arrowdercolor.jpg\"><img loading=\"lazy\" decoding=\"async\" alt=\"arrowdercolor\" src=\"http:\/\/www.autismomalaga.org\/web\/wp-content\/uploads\/2014\/03\/arrowdercolor.jpg\" width=\"11\" height=\"13\" \/><\/a>\u00a0<strong><span style=\"color: #9c53ad;\">Solidaridad:<\/span><\/strong> colaboraci\u00f3n mutua en la personas, sentimiento que mantiene a las personas unidas en todo momento<\/p>\n<p>[\/et_pb_text][\/et_pb_column][\/et_pb_row][\/et_pb_section]<\/p>\n","protected":false},"excerpt":{"rendered":"<p>[et_pb_section background_color=\u00bb#9c53ad\u00bb inner_shadow=\u00bboff\u00bb parallax=\u00bboff\u00bb][et_pb_row][et_pb_column type=\u00bb4_4&#8243;][et_pb_text admin_label=\u00bbText\u00bb background_layout=\u00bblight\u00bb text_orientation=\u00bbleft\u00bb] Calidad [\/et_pb_text][\/et_pb_column][\/et_pb_row][\/et_pb_section][et_pb_section fullwidth=\u00bboff\u00bb][et_pb_row][et_pb_column type=\u00bb4_4&#8243;][et_pb_text admin_label=\u00bbText\u00bb background_layout=\u00bblight\u00bb text_orientation=\u00bbleft\u00bb] MISI\u00d3N: Mejorar la calidad de vida de las personas afectadas con Trastorno del Espectro del [&hellip;]<\/p>\n","protected":false},"author":1,"featured_media":0,"parent":25,"menu_order":0,"comment_status":"open","ping_status":"open","template":"","meta":{"give_campaign_id":0,"ngg_post_thumbnail":0,"_EventAllDay":false,"_EventTimezone":"","_EventStartDate":"","_EventEndDate":"","_EventStartDateUTC":"","_EventEndDateUTC":"","_EventShowMap":false,"_EventShowMapLink":false,"_EventURL":"","_EventCost":"","_EventCostDescription":"","_EventCurrencySymbol":"","_EventCurrencyCode":"","_EventCurrencyPosition":"","_EventDateTimeSeparator":"","_EventTimeRangeSeparator":"","_EventOrganizerID":[],"_EventVenueID":[],"_OrganizerEmail":"","_OrganizerPhone":"","_OrganizerWebsite":"","_VenueAddress":"","_VenueCity":"","_VenueCountry":"","_VenueProvince":"","_VenueState":"","_VenueZip":"","_VenuePhone":"","_VenueURL":"","_VenueStateProvince":"","_VenueLat":"","_VenueLng":"","_VenueShowMap":false,"_VenueShowMapLink":false,"footnotes":""},"class_list":["post-72","page","type-page","status-publish","hentry"],"campaignId":"","jetpack_sharing_enabled":true,"_links":{"self":[{"href":"https:\/\/www.autismomalaga.org\/web\/index.php?rest_route=\/wp\/v2\/pages\/72","targetHints":{"allow":["GET"]}}],"collection":[{"href":"https:\/\/www.autismomalaga.org\/web\/index.php?rest_route=\/wp\/v2\/pages"}],"about":[{"href":"https:\/\/www.autismomalaga.org\/web\/index.php?rest_route=\/wp\/v2\/types\/page"}],"author":[{"embeddable":true,"href":"https:\/\/www.autismomalaga.org\/web\/index.php?rest_route=\/wp\/v2\/users\/1"}],"replies":[{"embeddable":true,"href":"https:\/\/www.autismomalaga.org\/web\/index.php?rest_route=%2Fwp%2Fv2%2Fcomments&post=72"}],"version-history":[{"count":6,"href":"https:\/\/www.autismomalaga.org\/web\/index.php?rest_route=\/wp\/v2\/pages\/72\/revisions"}],"predecessor-version":[{"id":1415,"href":"https:\/\/www.autismomalaga.org\/web\/index.php?rest_route=\/wp\/v2\/pages\/72\/revisions\/1415"}],"up":[{"embeddable":true,"href":"https:\/\/www.autismomalaga.org\/web\/index.php?rest_route=\/wp\/v2\/pages\/25"}],"wp:attachment":[{"href":"https:\/\/www.autismomalaga.org\/web\/index.php?rest_route=%2Fwp%2Fv2%2Fmedia&parent=72"}],"curies":[{"name":"wp","href":"https:\/\/api.w.org\/{rel}","templated":true}]}}