{"id":91,"date":"2014-03-03T10:13:49","date_gmt":"2014-03-03T10:13:49","guid":{"rendered":"http:\/\/www.autismomalaga.org\/wordpress\/?page_id=91"},"modified":"2025-03-18T17:27:37","modified_gmt":"2025-03-18T16:27:37","slug":"necesidades","status":"publish","type":"page","link":"https:\/\/www.autismomalaga.org\/web\/?page_id=91","title":{"rendered":"Criterios diagn\u00f3sticos"},"content":{"rendered":"<p>[et_pb_section background_color=\u00bb#FFFFFF\u00bb inner_shadow=\u00bboff\u00bb parallax=\u00bboff\u00bb][et_pb_row][et_pb_column type=\u00bb4_4&#8243;][et_pb_text admin_label=\u00bbText\u00bb background_layout=\u00bblight\u00bb text_orientation=\u00bbleft\u00bb]<\/p>\n<h6 style=\"text-align: center;\">M\u00c1S INFORMACI\u00d3N<\/h6>\n<h1 style=\"text-align: center;\"><span style=\"font-size: x-large; color: #33cccc;\"><strong>Criterios diagn\u00f3sticos<\/strong><\/span><\/h1>\n<p>[\/et_pb_text][\/et_pb_column][\/et_pb_row][\/et_pb_section][et_pb_section fullwidth=\u00bboff\u00bb][et_pb_row][et_pb_column type=\u00bb4_4&#8243;][et_pb_text admin_label=\u00bbText\u00bb background_layout=\u00bblight\u00bb text_orientation=\u00bbleft\u00bb]<\/p>\n<ul>\n<li>El autismo se diagnostica en todo el mundo en base a los criterios descritos y cient\u00edficamente consensuados en herramientas de clasificaci\u00f3n y diagn\u00f3stico, como son el Manual diagn\u00f3stico y estad\u00edstico de los trastornos mentales (DSM5) o la Clasificaci\u00f3n Internacional de Enfermedades (CIE-11).<\/li>\n<li>El diagn\u00f3stico del TEA se hace atendiendo fundamentalmente a las siguientes \u00e1reas:<\/li>\n<\/ul>\n<p>&nbsp;<\/p>\n<ol>\n<li>Las personas con TEA pueden tener dificultades en las habilidades de comunicaci\u00f3n verbal y no verbal (para comprender a los dem\u00e1s y tambi\u00e9n para expresarse) SABER M\u00c1S<\/li>\n<li>Se refiere a las dificultades que pueden presentar las personas con TEA para responder de manera flexible a las demandas de los diferentes contextos sociales. SABER M\u00c1S<\/li>\n<\/ol>\n<p>[\/et_pb_text][\/et_pb_column][\/et_pb_row][\/et_pb_section]<\/p>\n","protected":false},"excerpt":{"rendered":"<p>[et_pb_section background_color=\u00bb#FFFFFF\u00bb inner_shadow=\u00bboff\u00bb parallax=\u00bboff\u00bb][et_pb_row][et_pb_column type=\u00bb4_4&#8243;][et_pb_text admin_label=\u00bbText\u00bb background_layout=\u00bblight\u00bb text_orientation=\u00bbleft\u00bb] M\u00c1S INFORMACI\u00d3N Criterios diagn\u00f3sticos [\/et_pb_text][\/et_pb_column][\/et_pb_row][\/et_pb_section][et_pb_section fullwidth=\u00bboff\u00bb][et_pb_row][et_pb_column type=\u00bb4_4&#8243;][et_pb_text admin_label=\u00bbText\u00bb background_layout=\u00bblight\u00bb text_orientation=\u00bbleft\u00bb] El autismo se diagnostica en todo el mundo en base a los [&hellip;]<\/p>\n","protected":false},"author":1,"featured_media":0,"parent":27,"menu_order":0,"comment_status":"open","ping_status":"open","template":"","meta":{"give_campaign_id":0,"ngg_post_thumbnail":0,"_EventAllDay":false,"_EventTimezone":"","_EventStartDate":"","_EventEndDate":"","_EventStartDateUTC":"","_EventEndDateUTC":"","_EventShowMap":false,"_EventShowMapLink":false,"_EventURL":"","_EventCost":"","_EventCostDescription":"","_EventCurrencySymbol":"","_EventCurrencyCode":"","_EventCurrencyPosition":"","_EventDateTimeSeparator":"","_EventTimeRangeSeparator":"","_EventOrganizerID":[],"_EventVenueID":[],"_OrganizerEmail":"","_OrganizerPhone":"","_OrganizerWebsite":"","_VenueAddress":"","_VenueCity":"","_VenueCountry":"","_VenueProvince":"","_VenueState":"","_VenueZip":"","_VenuePhone":"","_VenueURL":"","_VenueStateProvince":"","_VenueLat":"","_VenueLng":"","_VenueShowMap":false,"_VenueShowMapLink":false,"footnotes":""},"class_list":["post-91","page","type-page","status-publish","hentry"],"campaignId":"","jetpack_sharing_enabled":true,"_links":{"self":[{"href":"https:\/\/www.autismomalaga.org\/web\/index.php?rest_route=\/wp\/v2\/pages\/91","targetHints":{"allow":["GET"]}}],"collection":[{"href":"https:\/\/www.autismomalaga.org\/web\/index.php?rest_route=\/wp\/v2\/pages"}],"about":[{"href":"https:\/\/www.autismomalaga.org\/web\/index.php?rest_route=\/wp\/v2\/types\/page"}],"author":[{"embeddable":true,"href":"https:\/\/www.autismomalaga.org\/web\/index.php?rest_route=\/wp\/v2\/users\/1"}],"replies":[{"embeddable":true,"href":"https:\/\/www.autismomalaga.org\/web\/index.php?rest_route=%2Fwp%2Fv2%2Fcomments&post=91"}],"version-history":[{"count":5,"href":"https:\/\/www.autismomalaga.org\/web\/index.php?rest_route=\/wp\/v2\/pages\/91\/revisions"}],"predecessor-version":[{"id":24158,"href":"https:\/\/www.autismomalaga.org\/web\/index.php?rest_route=\/wp\/v2\/pages\/91\/revisions\/24158"}],"up":[{"embeddable":true,"href":"https:\/\/www.autismomalaga.org\/web\/index.php?rest_route=\/wp\/v2\/pages\/27"}],"wp:attachment":[{"href":"https:\/\/www.autismomalaga.org\/web\/index.php?rest_route=%2Fwp%2Fv2%2Fmedia&parent=91"}],"curies":[{"name":"wp","href":"https:\/\/api.w.org\/{rel}","templated":true}]}}